{"id":1592,"date":"2021-06-25T20:00:35","date_gmt":"2021-06-25T20:00:35","guid":{"rendered":"https:\/\/estoniansociety.co.uk\/?page_id=1592"},"modified":"2021-07-05T06:44:48","modified_gmt":"2021-07-05T06:44:48","slug":"uritused-aastakokkuvotted-2011","status":"publish","type":"page","link":"https:\/\/www.estoniansociety.co.uk\/en\/uritused-aastakokkuvotted-2011\/","title":{"rendered":"Arhiiv &#8211; 2011 \u2013 Aastakokkuv\u00f5tted"},"content":{"rendered":"<hr \/>\n<h2 style=\"text-align: center;\">2011 aastakokkuv\u00f5te<\/h2>\n<p dir=\"ltr\">\/v\u00e4ljav\u00f5te Seltsi aastaaruandest \/<\/p>\n<p dir=\"ltr\">2011 aasta jooksul korraldas v\u00f5i osales Londoni Eesti Selts 20 suuremal s\u00fcndmusel ja \u00fcritusel, neist v\u00e4hemalt kolm t\u00f5id kokku 300 v\u00f5i enam k\u00fclalist:<\/p>\n<p dir=\"ltr\">22. jaanuaril toimus Londoni Eesti Seltsi korraline peakoosolek;<\/p>\n<p dir=\"ltr\">29. jaanuaril toimus Seltsi filmi\u00f6htu kus n\u00e4idati \u201eDisko ja tuumas\u00f6da\u201c;<\/p>\n<p dir=\"ltr\">12. veebruaril k\u00e4is LESi segakoor Londoni l\u00e4tlaste kutsel k\u00fclas nende segakoori kokkutulekul L\u00e4ti Majas, l\u00e4tlastele lauldi eesti laule, l\u00e4tlastega l\u00e4ti laule;<\/p>\n<p dir=\"ltr\">21. veebruaril algatas LES \u00fcleriigilise toetuskampaania Haapsalu lastekodu heaks, mille p\u00f5lengus hukkus mitu last ja noort t\u00e4iskasvanut ning mis sai selle tagaj\u00e4rjel k\u00f5vasti kannatada. Kokku kogusid erinevad \u00dcK eestlaste organisatsioonid ligi \u00a33500;<\/p>\n<p dir=\"ltr\">26. veebruaril taaselustas Selts koos teise peakorraldaja &#8211; Gildiga Londonis \u00fchise Eesti Vabariigi aastap\u00e4eva kontsertaktuse traditsiooni. \u0170ritus toimus Westminster Cathedral Hall\u2019is ning peak\u00f5nelejaks oli Tunne Kelam MEP koos abikaasaga, \u00fcritusel esines teiste seas ka LESi segakoor;<\/p>\n<p dir=\"ltr\">12. m\u00e4rtsil toimus Seltsi filmi\u00f6htu, kus n\u00e4idati filmi \u201eNimed Marmortahvlil\u201c;<\/p>\n<p dir=\"ltr\">3. aprillil toimus Seltsi ja Eesti Kooli Londonis \u00fchine Kooli 2. s\u00fcnnip\u00e4eva t\u00e4histamine filmipealel\u00f5unaga Eesti Majas;<\/p>\n<p dir=\"ltr\">28.-29. mail v\u00f5ttis Seltsi rahvatantsur\u00fchm osa Catthorpe Manoris toimunud pidulikust IES \u201eTulevik\u201c aastap\u00e4eva \u00f5htus\u00f6\u00f6gist ja tantsulaagrist;<\/p>\n<p dir=\"ltr\">11. juunil korraldati jaanip\u00e4ev Foxgrove Klubis, Beckenhamis. \u00a0\u00dcritus korraldati koost\u00f6\u00f6s Eesti Gildi ja Kooliga ning see oli v\u00e4ga edukas, tuues kohale ligi 400 eestlast ja nende s\u00f5pra. Jaanipeol esines ka LESi segakoor ning esmakordselt astus Londoni publiku ette varakevadel taasasutatud LESi rahvatantsur\u00fchm;<\/p>\n<p dir=\"ltr\">12. juunil esines Seltsi Segakoor eestlaste, l\u00e4tlaste ja leedulaste \u00fchendkoori koosseisus juunik\u00fc\u00fcditamise m\u00e4lestusjumalateenistusel St. Jamesi kirikus Picadilly turul;<\/p>\n<p dir=\"ltr\">21. augustil v\u00f5eti osa Inglismaa Eestlaste \u0170hingu Suvep\u00e4evast Catthorpe Manoris. Esines Seltsi segakoor ning tantsisid Seltsi rahvatantsijad;<\/p>\n<p dir=\"ltr\">30.sept \u2013 1. okt. osales Selts Eesti Rahvusraamatukogus korraldatud Rahvuskaaslaste Konverentsil, kuhu kogunes eestlaste esindajaid \u00fcle kogu maailma;<\/p>\n<p dir=\"ltr\">8. oktoobril osales Selts Eesti saatkonna poolt korraldatud \u00fcmarlaual, millest v\u00f5tsid osa k\u00f5ikide eestlasi \u00fchendavate organisatsioonide ja kogukondade esindajad \u00dchendkuningriigis;<\/p>\n<p dir=\"ltr\">6. novembril esinesid LESi rahvatantsijad l\u00f5unanaabrite l\u00e4tlaste kutsel nende Londoni rahvatantsur\u00fchma 35. juubelipeol;<\/p>\n<p dir=\"ltr\">11. novemberil korraldas Selts \u00fchise Eesti-Inglismaa jalgpallimat\u0161i vaatamise L\u00e4ti Maja baaris;<\/p>\n<p dir=\"ltr\">12. novembril toimus Eesti Majas Seltsi kinnine filmi\u00f5htu, kus esietendus uus Eesti film \u201eTeeme \u00e4ra\u201c. Tegemist on erilise s\u00fcndmuse ja erilise filmiga, sest vaid p\u00e4ev varem esietendus see enam kui 111 kinos \u00fcle kogu Eesti ning valmis see \u00fcle-Eestiliste filmitalgute tulemusena;<\/p>\n<p dir=\"ltr\">19. novembril toimus Seltsi klubi\u00f5htu L\u00e4ti Majas \u2013 esimene \u00fcle paljude aastate;<\/p>\n<p dir=\"ltr\">3. detsembril toimus iga-aastane Seltsi j\u00f5ulupidu, seekord St Columba kiriku peosaalis Pont Streetil; peaesinejateks Ivo Linna ja Antti Kammiste, k\u00fclalisesinejaks Siiri K\u00e4nd. Peol tantsis ka LESi rahvatantsur\u00fchm ning laulis LESi segakoor, samuti esinesid Eesti Kooli Londonis koolilapsed;<\/p>\n<p dir=\"ltr\">10. detsembril laulis Seltsi segakoor Gildi j\u00f5uluturul ja kontserdil St Botolph\u2019s-without-Aldersgate kirikus London Citys;<\/p>\n<p dir=\"ltr\">11. detsembril esines Seltsi segakoor Eesti Abistamise Komitee j\u00f5ulul\u00f5unal Eesti Majas;<\/p>\n<p dir=\"ltr\">23. detsembril esines Seltsi segakoor \u00fcle aastate E.E.L.K. Londoni koguduse ja Eesti saatkonna korraldatud j\u00f5ulujumalateenistusel Rootsi kirikus.<\/p>\n<p dir=\"ltr\">Seltsi juhatuse otsusel saadeti kutsed \u00fchise Eesti Vabariigi aastap\u00e4eva t\u00e4histamise korraldamiseks 2010.a. l\u00f5pus ja 2011. aasta alguses k\u00f5igile Londonis tegutsevatele eestlasi \u00fchendavatele organisatsioonidele. See viis edasi v\u00e4ga heale koost\u00f6\u00f6le mitmete organisatsioonidega. EV aastap\u00e4ev viidi l\u00e4bi Seltsi ja Gildi peakorraldamisel, kuid \u00fchist \u00fcritust toetasid veel \u00a0Eesti Suursaatkond Londonis, Eesti Kool Londonis, E.E.L.K. Londoni kogudus, EAS Londonis ning Briti-Eesti Assotsiatsioon.<\/p>\n<p dir=\"ltr\">Eesti Kool Londonis liitus Seltsi ja Gildiga \u00fchise Londoni jaanip\u00e4evapeo korraldamisel. N\u00fc\u00fcdseks on olemas kokkulepped nii EV aastap\u00e4eva t\u00e4histamist kui jaanipidu tulevikus j\u00e4tkuvalt koos korraldada ning \u00fchine soov tulevaste \u00fchis\u00fcrituste l\u00e4bi viimisesse igal aastal kaasata ja kaasa t\u00f6\u00f6tada v\u00f5imalikult paljude teiste eestlaste organisatsioonidega Londonis.<\/p>\n<p dir=\"ltr\">LESi filmiklubi<\/p>\n<p dir=\"ltr\">LESi filmiklubi moodustati 1. oktoobril 2010 ning toimkonda juhtisid Kristel Hering ja Karen Kangro. Esimene filmi\u00f5htu toimus 28. novembril 2010 Londoni Eesti Majas ning esimeseks filmiks n\u00e4idati Ilmar Raagi dokumentaaldraamat \u201eAugust 1991\u201c (2005) Eesti taasiseseisvumisest.<\/p>\n<p dir=\"ltr\">29. jaanuaril 2011 n\u00e4idati filmi \u201eDisko ja Tuumas\u00f5da\u201c, 12. m\u00e4rtsil 2011 toimus Seltsi filmi\u00f5htu, kus n\u00e4idati filmi \u201eNimed Marmortahvlil\u201c, 3. aprillil 2011 toimus Seltsi ja Eesti Kooli Londonis \u00fchine Kooli 2. s\u00fcnnip\u00e4eva t\u00e4histamine filmipealel\u00f5unaga Eesti Majas, kus n\u00e4itasime erinevaid lastefilme. 12. novembril 2011 toimus filmi\u00f5htu, kus esietendus uus Eesti film \u201eTeeme \u00e4ra\u201c. Tegemist on erilise s\u00fcndmuse ja erilise filmiga, sest vaid p\u00e4ev varem esietendus see enam kui 111 kinos \u00fcle kogu Eesti ning valmis see \u00fcle-Eestiliste filmitalgute tulemusena.<\/p>\n<p dir=\"ltr\">Toimunud filmi\u00f5htud kujunesid v\u00e4ga populaarseks ja olid rohke osav\u00f5tuga.<\/p>\n<p dir=\"ltr\">Eesti suursaadik Londonis Aino Lepik von Wir\u00e9n \u00fctles \u00dcK eestlaste organisatsioonide \u00fcmarlauakohtumisel oktoobris 2011 v\u00e4ga h\u00e4sti, et kui n\u00e4idata \u00fcles natuke head tahet, siis saaks k\u00f5ik raskused \u00fcletatud ja v\u00f5imalused leitud.<\/p>\n<p dir=\"ltr\">LESi arhiivitoimkond<\/p>\n<p dir=\"ltr\">\u00dclesanded: Londoni ning Suurbritannia diasporaa ajaloolise informatsiooni ning faktide kogumine ning talletamine-arhiveerimine. Esialgu ilma anal\u00fc\u00fcsita ,millega hiljem peaksid tegeleme oma ala spetsialistid, kas Eestist v\u00f5i Suurbritannast.<\/p>\n<hr \/>\n<p dir=\"ltr\">","protected":false},"excerpt":{"rendered":"<p>2011 aastakokkuv\u00f5te \/v\u00e4ljav\u00f5te Seltsi aastaaruandest \/ 2011 aasta jooksul korraldas v\u00f5i osales Londoni Eesti Selts 20 suuremal s\u00fcndmusel ja \u00fcritusel, neist v\u00e4hemalt kolm t\u00f5id kokku 300 v\u00f5i enam k\u00fclalist: 22. jaanuaril toimus Londoni Eesti Seltsi korraline peakoosolek; 29. jaanuaril toimus Seltsi filmi\u00f6htu kus n\u00e4idati \u201eDisko ja tuumas\u00f6da\u201c; 12. veebruaril k\u00e4is LESi segakoor Londoni l\u00e4tlaste kutsel &hellip;<\/p>\n<p class=\"read-more\"> <a class=\"\" href=\"https:\/\/www.estoniansociety.co.uk\/en\/uritused-aastakokkuvotted-2011\/\"> <span class=\"screen-reader-text\">Arhiiv &#8211; 2011 \u2013 Aastakokkuv\u00f5tted<\/span> Read More &raquo;<\/a><\/p>","protected":false},"author":1,"featured_media":0,"parent":0,"menu_order":0,"comment_status":"closed","ping_status":"closed","template":"","meta":{"_mi_skip_tracking":false,"footnotes":""},"class_list":["post-1592","page","type-page","status-publish","hentry"],"_links":{"self":[{"href":"https:\/\/www.estoniansociety.co.uk\/en\/wp-json\/wp\/v2\/pages\/1592","targetHints":{"allow":["GET"]}}],"collection":[{"href":"https:\/\/www.estoniansociety.co.uk\/en\/wp-json\/wp\/v2\/pages"}],"about":[{"href":"https:\/\/www.estoniansociety.co.uk\/en\/wp-json\/wp\/v2\/types\/page"}],"author":[{"embeddable":true,"href":"https:\/\/www.estoniansociety.co.uk\/en\/wp-json\/wp\/v2\/users\/1"}],"replies":[{"embeddable":true,"href":"https:\/\/www.estoniansociety.co.uk\/en\/wp-json\/wp\/v2\/comments?post=1592"}],"version-history":[{"count":3,"href":"https:\/\/www.estoniansociety.co.uk\/en\/wp-json\/wp\/v2\/pages\/1592\/revisions"}],"predecessor-version":[{"id":2843,"href":"https:\/\/www.estoniansociety.co.uk\/en\/wp-json\/wp\/v2\/pages\/1592\/revisions\/2843"}],"wp:attachment":[{"href":"https:\/\/www.estoniansociety.co.uk\/en\/wp-json\/wp\/v2\/media?parent=1592"}],"curies":[{"name":"wp","href":"https:\/\/api.w.org\/{rel}","templated":true}]}}