{"id":1584,"date":"2021-06-25T19:54:11","date_gmt":"2021-06-25T19:54:11","guid":{"rendered":"https:\/\/estoniansociety.co.uk\/?page_id=1584"},"modified":"2021-07-01T20:36:27","modified_gmt":"2021-07-01T20:36:27","slug":"arhiiv-aastakokkuvotted-2012","status":"publish","type":"page","link":"https:\/\/www.estoniansociety.co.uk\/en\/arhiiv-aastakokkuvotted-2012\/","title":{"rendered":"Arhiiv \u2013 2012 &#8211; Aastakokkuv\u00f5te"},"content":{"rendered":"<hr \/>\n<h2 style=\"text-align: center;\">2012 aastakokkuv\u00f5te<\/h2>\n<p>&nbsp;<\/p>\n<p style=\"font-weight: 400;\"><b>Eesti Vabariigi 94. aastap\u00e4eva kontsertaktus Westminster Cathedral Hallis 25. veebruaril 2012<\/b><\/p>\n<p style=\"font-weight: 400;\"><span style=\"font-weight: 400;\">Seltsi \u00fcleskutsel taastati 2011. aastal \u00fchine Eesti Vabariigi t\u00e4histamise traditsioon Londonis.<\/span><\/p>\n<p style=\"font-weight: 400;\"><span style=\"font-weight: 400;\">Seltsi, Gildi ja Kooli peakorraldusel ning teiste Londoni eestlaste organisatsioonide ja Eesti saatkonna toetusel korraldatud aasta eestlaste suurs\u00fcndmusele kogunes ligi 400 inimest. K\u00fclalisteks olid sel aastal Doris Kareva ning ETV t\u00fctarlastekoor Aarne Saluveeri juhatusel. Kohaletulnuid tervitas Eesti suursaadik \u00dcKs Aino Lepik von Wiren, kontsertaktusel esinesid lisaks Eesti Kooli koolilapsed, \u00dcKs \u00f5ppivad noored Eesti muusikud ning Seltsi segakoor ja rahvatantsur\u00fchm.<\/span><\/p>\n<p style=\"font-weight: 400;\"><span style=\"font-weight: 400;\">&#8212;&#8212;&#8212;&#8212;&#8212;&#8212;&#8212;&#8212;&#8212;&#8212;&#8212;&#8212;&#8212;&#8212;&#8212;&#8212;&#8212;&#8212;&#8212;&#8212;&#8212;&#8212;&#8212;&#8212;&#8212;&#8212;&#8212;&#8212;&#8212;&#8212;&#8212;&#8211;<\/span><\/p>\n<ol start=\"9\">\n<li style=\"font-weight: 400;\"><b> Juunil 2012 JAANIP\u00c4EV Foxgrove Clubis.<\/b><\/li>\n<\/ol>\n<p style=\"font-weight: 400;\"><b>Algus kell 14.00<\/b><\/p>\n<p style=\"font-weight: 400;\"><span style=\"font-weight: 400;\">Traditsiooniline Londoni eestlaste jaanipidu toimus sel aastal vanas kohas, \u00f5dusas ja looduskaunis Foxgrove\u2019i klubis Beckenhamis. Peo korraldajad on nagu eelmiselgi korral Londoni Eesti Gild, Londoni Eesti Selts ja Eesti Kool Londonis. Eeskavas on palju uut ja p\u00f5nevat.<\/span><\/p>\n<p style=\"font-weight: 400;\"><span style=\"font-weight: 400;\">PEAESINEJAD: Marju Varblane ja Kadri Laube ehk FOLK ROKIB!<\/span><\/p>\n<p style=\"font-weight: 400;\"><span style=\"font-weight: 400;\">Marju ja Kadri esitavad rahvalikku muusikat vanadest labajalavalssidest foksini eesti l\u00f5\u00f5tsal ja viiulil. Kuna neile meeldib rahvast \u201cliigutada\u201d, siis \u00f5petavad nad kohapeal k\u00f5igile huvilistele m\u00f5ne 19.-20. sajandi vahetusel Eestis levinud seltskonnatantsu.Lisaks on \u00fcritusel kavas p\u00f5nevad muusika-, filmi- ja ol\u00fcmpiateemalised t\u00f6\u00f6toad, tegutsevad laste- ja beebialad ning esinevad <\/span><a href=\"https:\/\/www.estoniansociety.co.uk\/en\/\"><span style=\"font-weight: 400;\">Londoni Eesti Seltsi<\/span><\/a><span style=\"font-weight: 400;\"> segakoor ja <\/span><a href=\"http:\/\/www.eestikoollondonis.co.uk\/\"><span style=\"font-weight: 400;\">Londoni Eesti Kooli<\/span><\/a><span style=\"font-weight: 400;\"> mudilased. Suurtele on kavas vanad armsad ning m\u00f5ned uuenduslikud sportm\u00e4ngud.<\/span><\/p>\n<p style=\"font-weight: 400;\"><span style=\"font-weight: 400;\">Eestist tulevad k\u00fclla <\/span><a href=\"http:\/\/tyrikasitootuba.ee\/\"><span style=\"font-weight: 400;\">T\u00fcri K\u00e4sit\u00f6\u00f6toa<\/span><\/a><span style=\"font-weight: 400;\"> meistrid, kes avaldavad k\u00f5igile huvilistele hea Eesti k\u00e4sit\u00f6\u00f6 saladuse ning pakuvad \u00fchtteist m\u00fc\u00fcagi. <\/span><\/p>\n<p style=\"font-weight: 400;\"><span style=\"font-weight: 400;\">Nagu \u00f5igele jaanip\u00e4evale kohane, ei tule puudu \u0161a\u0161l\u00f5kist ja kartulisalatist ning rukkileivast.<\/span><\/p>\n<p style=\"font-weight: 400;\"><span style=\"font-weight: 400;\"> Eesti Emade Suur Koogilaud valmib sel aastal konkursi korras, parimale k\u00fcpsetajale paneme v\u00e4lja v\u00e4\u00e4rilise auhinna. Tulud kookide m\u00fc\u00fcgist l\u00e4hevad heategevuslikult kooli toetuseks. Kel huvi konkursil osaleda ning midagi maitsvat m\u00fc\u00fcgiks k\u00fcpsetada, palun saatke meile e-kiri aadressil info at estonianguild.co.uk.<\/span><\/p>\n<p style=\"font-weight: 400;\"><span style=\"font-weight: 400;\">\u00d5htul s\u00fc\u00fcdatakse suur jaanil\u00f5ke ning toimub eelmisel aastal v\u00e4ga populaarseks osutunud kodumaise kraami oksjon. Soovitame peole sularaha kaasa v\u00f5tta, sest kohapeal saab head ja paremat nii k\u00f5htu kui m\u00e4lestuseks kaasa osta. Oodatud on k\u00f5igi p\u00f5lvkondade esindajad, et \u00fchiselt jaanip\u00e4eva t\u00e4histada ja koosolemisest r\u00f5\u00f5mu tunda. Vihma korral toimub \u00fcritus klubi siseruumides (v\u00e4lja arvatud l\u00f5kke s\u00fc\u00fctamine).<\/span><\/p>\n<p style=\"font-weight: 400;\"><span style=\"font-weight: 400;\">PILETIHINNAD<\/span><\/p>\n<p style=\"font-weight: 400;\"><span style=\"font-weight: 400;\">kuni 22. mai <\/span><\/p>\n<p style=\"font-weight: 400;\"><span style=\"font-weight: 400;\">t\u00e4iskasvanule \u00a313, grupipilet viiele \u00a360<\/span><\/p>\n<p style=\"font-weight: 400;\"><span style=\"font-weight: 400;\">11-aastased ja v\u00e4iksemad lapsed tasuta<\/span><\/p>\n<ol start=\"23\">\n<li style=\"font-weight: 400;\"><span style=\"font-weight: 400;\"> mai \u2013 9. juuni <\/span><\/li>\n<\/ol>\n<p style=\"font-weight: 400;\"><span style=\"font-weight: 400;\">t\u00e4iskasvanule \u00a315, grupipilet viiele \u00a370<\/span><\/p>\n<p style=\"font-weight: 400;\"><span style=\"font-weight: 400;\">11-aastased ja v\u00e4iksemad lapsed tasuta<\/span><\/p>\n<p style=\"font-weight: 400;\"><span style=\"font-weight: 400;\">Kohapeal, 9. juunil <\/span><\/p>\n<p style=\"font-weight: 400;\"><span style=\"font-weight: 400;\">t\u00e4iskasvanule \u00a317, lapsed \u00a35<\/span><\/p>\n<p style=\"font-weight: 400;\"><span style=\"font-weight: 400;\">Piletihind sisaldab \u00fcritusele sissep\u00e4\u00e4su, kogu programmi, toitu ja karastusjooke. Lisatasu eest saab head paremat nii s\u00f6\u00f6giks kui \u00fcrituselt m\u00e4lestuseks kaasa osta. \u00d5lut ja veini pakub soodsate hindadega klubi baar. <\/span><\/p>\n<p style=\"font-weight: 400;\"><span style=\"font-weight: 400;\">NB! Oma alkoholi palume mitte kaasa v\u00f5tta.<\/span><\/p>\n<p style=\"font-weight: 400;\"><span style=\"font-weight: 400;\">&#8212;&#8212;&#8212;&#8212;&#8212;&#8212;&#8212;&#8212;&#8212;&#8212;&#8212;&#8212;&#8212;&#8212;&#8212;&#8212;&#8212;&#8212;&#8212;&#8212;&#8212;&#8212;&#8212;&#8212;&#8212;&#8212;-<\/span><\/p>\n<ol start=\"24\">\n<li style=\"font-weight: 400;\"><b> Juulil 2012 kohtumine eesti sportlastega Ol\u00fcmpia k\u00fclas.<\/b><\/li>\n<\/ol>\n<p style=\"font-weight: 400;\"><span style=\"font-weight: 400;\">Tseremoonial andsid Seltsi ja Gildi esindajad Eesti Ol\u00fcmpiakomiteele \u00fcle kohalike eestlaste head soovid eesti sportlastele.<\/span>\u00a0<span style=\"font-weight: 400;\">Vaata ka pilte Galeriist.<\/span><\/p>\n<p style=\"font-weight: 400;\"><span style=\"font-weight: 400;\">&#8212;&#8212;&#8212;&#8212;&#8212;&#8212;&#8212;&#8212;&#8212;&#8212;&#8212;&#8212;&#8212;&#8212;&#8212;&#8212;&#8212;&#8212;&#8212;&#8212;&#8212;&#8212;&#8212;&#8212;&#8212;&#8212;&#8212;&#8212;<\/span><\/p>\n<p style=\"font-weight: 400;\"><b>29.-30.sept 2012 BaltHerNeti v\u00e4liseesti arhiivikoolitus Londonis &#8211; retk minevikku<\/b><\/p>\n<ol start=\"29\">\n<li style=\"font-weight: 400;\"><span style=\"font-weight: 400;\"> ja 30. septembril 2012 toimub Londonis UK eestlaste ajaloo jaoks m\u00e4rgilise t\u00e4htsusega s\u00fcndmus &#8211; Kanada, Eesti ja Londoni eestlaste organisatsioonide koost\u00f6\u00f6na korraldatakse arhiivikoolitus, mis on esimeseks sammuks v\u00e4liseesti ajaloop\u00e4randi s\u00fcstemaatilise kogumise alustamisel Suurbritannias.<\/span><\/li>\n<\/ol>\n<p style=\"font-weight: 400;\"><span style=\"font-weight: 400;\">Vaata \u00fcrituse kohta l\u00e4hemalt: Seltsist- Arhiiv<\/span><\/p>\n<p style=\"font-weight: 400;\"><span style=\"font-weight: 400;\">&#8212;&#8212;&#8212;&#8212;&#8212;&#8212;&#8212;&#8212;&#8212;&#8212;&#8212;&#8212;&#8212;&#8212;&#8212;&#8212;&#8212;&#8212;&#8212;&#8212;&#8212;&#8212;&#8212;&#8212;&#8212;&#8212;&#8212;&#8212;&#8211;<\/span><\/p>\n<ol start=\"13\">\n<li style=\"font-weight: 400;\"><b> Oktoober 2012 kell 18.00. Film\u00f5htu \u201cSiin me oleme\u201d Eesti Majas Londonis.<\/b><\/li>\n<\/ol>\n<p style=\"font-weight: 400;\"><span style=\"font-weight: 400;\">Millal: 13.oktoober 2012 kell 18.00 (programm algab 18.30) \u00a0\u00a0\u00a0\u00a0<\/span><\/p>\n<p style=\"font-weight: 400;\"><span style=\"font-weight: 400;\">Kus: 18 Chepstow Villas, London W11 2R \u00a0\u00a0\u00a0\u00a0\u00a0<\/span><\/p>\n<p style=\"font-weight: 400;\"><span style=\"font-weight: 400;\">Avatud kohvik \u2013 must leib, sn\u00e4kid, joogid (arveldamine sularahas) Re\u017eiss\u00f6\u00f6r Sulev N\u00f5mmiku ning stsenarist Enn Vetemaa \u00fchist\u00f6\u00f6 &#8220;Siin me oleme&#8221; kuulub Eesti kom\u00f6\u00f6diafilmide tippu. \u00a0T\u00e4nu suurep\u00e4rasele n\u00e4itlejaansamblile on &#8220;Siin me oleme&#8221; juba kolmandat aastak\u00fcmmet \u00fcks populaarsemaid kultusfilme Eestis. Paljud filmist p\u00e4rinevad naljad ja laulud on saanud vaatajate hulgas klassikaks. \u00a0<\/span><\/p>\n<p style=\"font-weight: 400;\"><span style=\"font-weight: 400;\">Kenal suvep\u00e4eval veereb \u00fche Muhumaa rahuliku talu \u00f5uele v\u00e4ike sapakas, kust ilmub v\u00e4lja kummaline perekond: v\u00f5imukas proua, tema k\u00e4pa all olev kokutajast abikaasa ning m\u00fcstiline punap\u00e4ine kaunitar, kes teatavad, et tulid tallu puhkust veetma. &#8220;Me oleme Tallinnast, me maksame&#8221;. \u00a0\u00a0\u00a0\u00a0\u00a0<\/span><\/p>\n<p style=\"font-weight: 400;\"><span style=\"font-weight: 400;\">Rahulikust puhkusest kujuneb nii suvitajate kui neid v\u00f5\u00f5rustavate muhulaste jaoks v\u00e4lja meeletu \u00f6\u00f6p\u00e4ev, \u00a0kust ei puudu suured tunded, ootamatud p\u00f6\u00f6rded ja vastastikune rammukatsumine. \u00a0\u00a0\u00a0\u00a0\u00a0\u00a0\u00a0<\/span><\/p>\n<p style=\"font-weight: 400;\"><span style=\"font-weight: 400;\">London Estonian Society Movie Night for members and friends \u00a0\u00a0\u00a0\u00a0\u00a0\u00a0\u00a0\u00a0\u00a0\u00a0\u00a0\u00a0\u00a0<\/span><\/p>\n<p style=\"font-weight: 400;\"><span style=\"font-weight: 400;\">When: Saturday, 13th October 2012 at 18.00 (program starts at 18.30) \u00a0\u00a0\u00a0\u00a0\u00a0\u00a0\u00a0\u00a0\u00a0\u00a0<\/span><\/p>\n<p style=\"font-weight: 400;\"><span style=\"font-weight: 400;\"> Where: 18 Chepstow Villas, London W11 2R \u00a0\u00a0\u00a0\u00a0\u00a0<\/span><\/p>\n<p style=\"font-weight: 400;\"><span style=\"font-weight: 400;\">Caf\u00e9 open \u2013 Estonian black bread, snacks, drinks (cash only) \u00a0\u00a0\u00a0<\/span><\/p>\n<p style=\"font-weight: 400;\"><span style=\"font-weight: 400;\">Here we are! Is one of the most memorable Estonian movies from the Soviet occupation era. Even decades later, Smuul&#8217;s catchphrases popularised by the movie, such as &#8216;We&#8217;re from Tallinn, we can pay!&#8217; are widely recognised and recycled by Estonian people. \u00a0\u00a0\u00a0\u00a0\u00a0\u00a0\u00a0\u00a0<\/span><\/p>\n<p style=\"font-weight: 400;\"><span style=\"font-weight: 400;\">On a nice summer day a funny little car rolls across a peaceful farm yard of Muhu island. The family that emerges from the vehicle is quite odd-looking: an overbearing madam, a henpecked stammering husband and a mystical redhead. They announce that they want to spend their vacation in the farm &#8230; &#8220;We are from the capital, we will pay&#8221;. \u00a0\u00a0\u00a0\u00a0\u00a0\u00a0<\/span><\/p>\n<p style=\"font-weight: 400;\"><span style=\"font-weight: 400;\">This quiet vacation turns into a frantic day with romance, unexpected turns and fisticuffs between suitors. \u00a0\u00a0\u00a0\u00a0\u00a0\u00a0\u00a0\u00a0\u00a0\u00a0<\/span><\/p>\n<p style=\"font-weight: 400;\"><span style=\"font-weight: 400;\">Director: Sulev N\u00f5mmik \u00a0\u00a0\u00a0\u00a0\u00a0<\/span><\/p>\n<p style=\"font-weight: 400;\"><span style=\"font-weight: 400;\"> Writers: Sulev N\u00f5mmik, Juhan Smuul, Enn Vetemaa \u00a0\u00a0\u00a0\u00a0\u00a0\u00a0\u00a0<\/span><\/p>\n<p style=\"font-weight: 400;\"><span style=\"font-weight: 400;\">Year: 1979 \u00a0\u00a0\u00a0\u00a0\u00a0\u00a0\u00a0Country: Estonia \u00a0\u00a0\u00a0\u00a0\u00a0\u00a0\u00a0\u00a067min\u200e\u200e &#8211; Estonian, English\u200e subtitles \u00a0\u00a0\u00a0\u00a0\u00a0<\/span><\/p>\n<p style=\"font-weight: 400;\"><span style=\"font-weight: 400;\">&#8212;&#8212;&#8212;&#8212;&#8212;&#8212;&#8212;&#8212;&#8212;&#8212;&#8212;&#8212;&#8212;&#8212;&#8212;&#8212;&#8212;&#8212;&#8212;&#8212;&#8212;&#8212;&#8212;&#8212;&#8212;&#8212;&#8212;&#8212;&#8212;&#8212;&#8212;&#8212;&#8212;&#8212;&#8212;&#8212;&#8212;&#8212;&#8212;<\/span><\/p>\n<ul>\n<li><b>Detsember 2012 J\u00d5ULUPIDU Hammersmith Town Hall\u2019is<\/b><\/li>\n<\/ul>\n<ol>\n<li style=\"font-weight: 400;\"><span style=\"font-weight: 400;\"> detsembril toimus Hammersmithi Town Hallis Seltsi j\u00f5ulupidu, mis kandis seekord j\u00e4rjekorranumbrit 91. <\/span><\/li>\n<\/ol>\n<p style=\"font-weight: 400;\"><span style=\"font-weight: 400;\">K\u00fclalisesinejaks olid sel aastal Eurovisioni lauluv\u00f5istlusel Eestit esindanud Ott Lepland koos Kristjan Kaasikuga. K\u00fclalisi tuli kokku \u00fcle 300. <\/span><\/p>\n<p style=\"font-weight: 400;\"><span style=\"font-weight: 400;\">Vaata <\/span><a href=\"http:\/\/uudised.err.ee\/index.php?0&amp;popup=video&amp;id=52476\"><span style=\"font-weight: 400;\">Aktuaalse Kaamera uudisklippi peost<\/span><\/a><\/p>\n<hr \/>\n<p style=\"font-weight: 400;\">","protected":false},"excerpt":{"rendered":"<p>2012 aastakokkuv\u00f5te &nbsp; Eesti Vabariigi 94. aastap\u00e4eva kontsertaktus Westminster Cathedral Hallis 25. veebruaril 2012 Seltsi \u00fcleskutsel taastati 2011. aastal \u00fchine Eesti Vabariigi t\u00e4histamise traditsioon Londonis. Seltsi, Gildi ja Kooli peakorraldusel ning teiste Londoni eestlaste organisatsioonide ja Eesti saatkonna toetusel korraldatud aasta eestlaste suurs\u00fcndmusele kogunes ligi 400 inimest. K\u00fclalisteks olid sel aastal Doris Kareva ning ETV &hellip;<\/p>\n<p class=\"read-more\"> <a class=\"\" href=\"https:\/\/www.estoniansociety.co.uk\/en\/arhiiv-aastakokkuvotted-2012\/\"> <span class=\"screen-reader-text\">Arhiiv \u2013 2012 &#8211; Aastakokkuv\u00f5te<\/span> Read More &raquo;<\/a><\/p>","protected":false},"author":1,"featured_media":0,"parent":0,"menu_order":0,"comment_status":"closed","ping_status":"closed","template":"","meta":{"_mi_skip_tracking":false,"footnotes":""},"class_list":["post-1584","page","type-page","status-publish","hentry"],"_links":{"self":[{"href":"https:\/\/www.estoniansociety.co.uk\/en\/wp-json\/wp\/v2\/pages\/1584","targetHints":{"allow":["GET"]}}],"collection":[{"href":"https:\/\/www.estoniansociety.co.uk\/en\/wp-json\/wp\/v2\/pages"}],"about":[{"href":"https:\/\/www.estoniansociety.co.uk\/en\/wp-json\/wp\/v2\/types\/page"}],"author":[{"embeddable":true,"href":"https:\/\/www.estoniansociety.co.uk\/en\/wp-json\/wp\/v2\/users\/1"}],"replies":[{"embeddable":true,"href":"https:\/\/www.estoniansociety.co.uk\/en\/wp-json\/wp\/v2\/comments?post=1584"}],"version-history":[{"count":2,"href":"https:\/\/www.estoniansociety.co.uk\/en\/wp-json\/wp\/v2\/pages\/1584\/revisions"}],"predecessor-version":[{"id":2074,"href":"https:\/\/www.estoniansociety.co.uk\/en\/wp-json\/wp\/v2\/pages\/1584\/revisions\/2074"}],"wp:attachment":[{"href":"https:\/\/www.estoniansociety.co.uk\/en\/wp-json\/wp\/v2\/media?parent=1584"}],"curies":[{"name":"wp","href":"https:\/\/api.w.org\/{rel}","templated":true}]}}