{"id":1566,"date":"2021-06-25T19:34:04","date_gmt":"2021-06-25T19:34:04","guid":{"rendered":"https:\/\/estoniansociety.co.uk\/?page_id=1566"},"modified":"2021-07-05T06:01:12","modified_gmt":"2021-07-05T06:01:12","slug":"uritused-aastakokkuvotted-2015","status":"publish","type":"page","link":"https:\/\/www.estoniansociety.co.uk\/en\/uritused-aastakokkuvotted-2015\/","title":{"rendered":"Arhiiv &#8211; 2015 &#8211; Aastakokkuv\u00f5tted"},"content":{"rendered":"<hr \/>\n<h2 style=\"text-align: center;\">2015 aastakokkuv\u00f5te<\/h2>\n<p>&nbsp;<\/p>\n<p><b><strong>24. veebruaril<\/strong><\/b> EV aastap\u00e4eva korraldamine koost\u00f6\u00f6s Estonian Guild, Eesti Kool Londonis ja Kaie Collinsiga. Toetasid Eesti Maja ja Eesti Saatkond Suurbritannias.<\/p>\n<p style=\"font-weight: 400;\"><b><strong>21.m\u00e4rtsil<\/strong><\/b>\u00a0filmi\u00f5htu \u201e\u00d5lim\u00e4e \u00f5ied\u201c.<\/p>\n<p style=\"font-weight: 400;\"><b><strong>6.juunil<\/strong><\/b>\u00a0LES jaanipidu. Esines Erich Krieger ja Boris Lehtlaan, dj Einar Kapp.\u00a0<a href=\"http:\/\/londonieestlased.blogspot.co.uk\/2015_06_01_archive.html\">LOE SIIT!<\/a><\/p>\n<p style=\"font-weight: 400;\"><b><strong>23.-25. Oktoober<\/strong><\/b>\u00a0 projektiraames k\u00e4isid Londonis 18 TL\u00dc koreograafia k\u00f5rgeima taseme rahvakunstijuhid kohtumas LES rahvatantsur\u00fchmaga ja esinesid koos \u00fchise eesti p\u00e4rimustantsude kavaga festivalil \u201eDance Around the World\u201c Cecil Sharp House\u2019is. \u00a03p\u00e4evast \u00fcritust filmis Laulupidude operaator Uno Tormet ja muusikat m\u00e4ngis 2014 p\u00e4rimusmuusika v\u00f5itja 2014 ja ERRS (Eesti Rahvamuusika ja Rahvatantsu Selts) rahvamuusika juht, m\u00e4ngib kahes ansamblis ja sooloartist. Projetki k\u00e4ivitasid LES ja Angela Arraste: Noorte tantsupeo 2002 stsenaariumi autor ja pealavastaja, \u00dcldtantsupeo 1999 \u00fcldjuht-lavastaja, 2014 \u00fcldtantsupeo \u201eTuljak\u201c lavastaja. Folkloorifestivali Baltica ja Baltimaade \u00fcli\u00f5pilaste laulu-ja tantsupeo Gaudeamus lavastusgrupi liige, ERRS tantsumentor, Tallinna \u00dclikooli \u00f5ppej\u00f5ud, muuseumi \u201eLaulu-ja Tantsupeod\u201c asutaja.\u00a0<a href=\"http:\/\/londonieestlased.blogspot.co.uk\/2016\/01\/rahvatansupaevad-londonis-viisid-les.html\">Artiklit loe SIIN!<\/a><\/p>\n<p style=\"font-weight: 400;\"><b style=\"font-style: inherit;\"><strong>19. november<\/strong><\/b><span style=\"font-size: 16px; font-weight: 400;\">teatrietendus \u201eMikiveri Tagi\u201c Eesti Majas. N\u00e4idend tegi ringreisi ja London oli 1 esinemispaik viiest. J\u00e4rgmised toimusid Shotimaal.\u00a0<\/span><a style=\"font-size: 16px; font-weight: 400; background-color: #ffffff;\" href=\"http:\/\/londonieestlased.blogspot.co.uk\/2015\/10\/urituste-kalender-oktoober-detsember.html\">LOE SIIT!\u00a0<\/a><\/p>\n<p style=\"font-weight: 400;\"><b><strong>21.november<\/strong><\/b>\u00a0filmi\u00f5htu \u201eMeeletu\u201c.<\/p>\n<p style=\"font-weight: 400;\"><b><strong>5.detsember<\/strong><\/b>\u00a0\u00a0LES j\u00f5ulupidu \u201eJ\u00f5ulu\u00f5htu klaaskuuli sees\u201c . Esinesid T\u00f5nis M\u00e4gi ja Jarek Kasar. Etendus oli m\u00f5eldud t\u00e4iskasvanutele. Vabatahtlikke kokku: 25. Artikkel, mis ilmus ka Eesti H\u00e4\u00e4les,<\/p>\n<p style=\"font-weight: 400;\">Artiklid Eesti H\u00e4\u00e4lde: 4.<\/p>\n<p style=\"font-weight: 400;\"><b><strong>Koost\u00f6\u00f6partnerid<\/strong><\/b>: 7. \u00a0Qbic Hotell, Carrot Takso,\u00a0 A LE Coq, Saaremaa Lihat\u00f6\u00f6stus, Estolink, Baumanis, L\u00e4ti Maja.<\/p>\n<p style=\"font-weight: 400;\"><b><strong>Abistamised:<\/strong><\/b>\u00a0EAK l\u00f5unad: j\u00f5ulupidu 13.dets ja 25.jaanuar.<\/p>\n<p style=\"font-weight: 400;\"><b><strong>T\u00e4name k\u00f5iki vabatahtlikke ja Eesti Maja Londonis.<\/strong><\/b><\/p>\n<hr \/>\n<p style=\"font-weight: 400;\">","protected":false},"excerpt":{"rendered":"<p>2015 aastakokkuv\u00f5te &nbsp; 24. veebruaril EV aastap\u00e4eva korraldamine koost\u00f6\u00f6s Estonian Guild, Eesti Kool Londonis ja Kaie Collinsiga. Toetasid Eesti Maja ja Eesti Saatkond Suurbritannias. 21.m\u00e4rtsil\u00a0filmi\u00f5htu \u201e\u00d5lim\u00e4e \u00f5ied\u201c. 6.juunil\u00a0LES jaanipidu. Esines Erich Krieger ja Boris Lehtlaan, dj Einar Kapp.\u00a0LOE SIIT! 23.-25. Oktoober\u00a0 projektiraames k\u00e4isid Londonis 18 TL\u00dc koreograafia k\u00f5rgeima taseme rahvakunstijuhid kohtumas LES rahvatantsur\u00fchmaga ja esinesid &hellip;<\/p>\n<p class=\"read-more\"> <a class=\"\" href=\"https:\/\/www.estoniansociety.co.uk\/en\/uritused-aastakokkuvotted-2015\/\"> <span class=\"screen-reader-text\">Arhiiv &#8211; 2015 &#8211; Aastakokkuv\u00f5tted<\/span> Read More &raquo;<\/a><\/p>","protected":false},"author":1,"featured_media":0,"parent":0,"menu_order":0,"comment_status":"closed","ping_status":"closed","template":"","meta":{"_mi_skip_tracking":false,"footnotes":""},"class_list":["post-1566","page","type-page","status-publish","hentry"],"_links":{"self":[{"href":"https:\/\/www.estoniansociety.co.uk\/en\/wp-json\/wp\/v2\/pages\/1566","targetHints":{"allow":["GET"]}}],"collection":[{"href":"https:\/\/www.estoniansociety.co.uk\/en\/wp-json\/wp\/v2\/pages"}],"about":[{"href":"https:\/\/www.estoniansociety.co.uk\/en\/wp-json\/wp\/v2\/types\/page"}],"author":[{"embeddable":true,"href":"https:\/\/www.estoniansociety.co.uk\/en\/wp-json\/wp\/v2\/users\/1"}],"replies":[{"embeddable":true,"href":"https:\/\/www.estoniansociety.co.uk\/en\/wp-json\/wp\/v2\/comments?post=1566"}],"version-history":[{"count":2,"href":"https:\/\/www.estoniansociety.co.uk\/en\/wp-json\/wp\/v2\/pages\/1566\/revisions"}],"predecessor-version":[{"id":2624,"href":"https:\/\/www.estoniansociety.co.uk\/en\/wp-json\/wp\/v2\/pages\/1566\/revisions\/2624"}],"wp:attachment":[{"href":"https:\/\/www.estoniansociety.co.uk\/en\/wp-json\/wp\/v2\/media?parent=1566"}],"curies":[{"name":"wp","href":"https:\/\/api.w.org\/{rel}","templated":true}]}}