{"id":1558,"date":"2021-06-25T19:29:21","date_gmt":"2021-06-25T19:29:21","guid":{"rendered":"https:\/\/estoniansociety.co.uk\/?page_id=1558"},"modified":"2021-10-18T06:15:54","modified_gmt":"2021-10-18T06:15:54","slug":"uritused-aastakokkuvotted-2016","status":"publish","type":"page","link":"https:\/\/www.estoniansociety.co.uk\/en\/uritused-aastakokkuvotted-2016\/","title":{"rendered":"Arhiiv &#8211; 2016 &#8211; Aastakokkuv\u00f5tted"},"content":{"rendered":"<hr \/>\n<h2 style=\"text-align: center;\">2016 aastakokkuv\u00f5te<\/h2>\n<h2><\/h2>\n<p>7. veebruaril\u00a0 VASTLAP\u00c4EV Eesti Majas. Vastlavurri t\u00f6\u00f6toad viisid l\u00e4bi S\u00e4nna Kultuurim\u00f5isa Leiutajate Kooli \u00f5pilased ja oma tegemistest r\u00e4\u00e4kis \u00f5petaja, kooli ja kultuurimaja asutaja Hendrik Noor. \u00dcritusel oli lastetuba, vanarahva m\u00f5istatuste \u00e4raarvamine, r\u00e4\u00e4giti vastalap\u00e4eva rahvakommetest ja toimus loterii. Pakutud s\u00f6\u00f6k: hernesupp suitsulihaga, soolaoad, must leib ja vastlakuklid vahukoorega.<\/p>\n<p>Organiseerisid: Evelin Siilak ja Tiia Avastu<\/p>\n<p>Vabatahtlikud:\u00a0 6<\/p>\n<p>Rohkem\u00a0<a href=\"http:\/\/londonieestlased.blogspot.co.uk\/2016\/01\/londoni-eesti-seltsi-urituste-arhiiv.html\">infot \u00fcritusest siin.<\/a><\/p>\n<p>24. veebruaril EV aastap\u00e4eva korraldamine koost\u00f6\u00f6s Estonian Guild, Eesti Kool Londonis. Rahaliselt toetas veel Eesti Maja ja shampusega toetas Eesti Saatkond Suurbritannias. Kontsert oli mereteemaline. Suursaadik Lauri Bambus pidas k\u00f5ne. Eestist tuli esinema \u201eimepoiss\u201c laulja Kristo Saarna. Lisaks esinesid Mirjam Mesak, Harry Heldur P\u00f5lda, Sirli. Esindatud olid ka LESi Rahvatantsur\u00fchm ja Segakoor. Pakuti: kiluv\u00f5ileibu, eesti k\u00fcpsist, eesti kommi, eesti \u00f5lut ja shampust.<\/p>\n<p>Organiseerisid: Evelin Siilak ja Tiia Avastu, Estonian Guildi eestvedajad<\/p>\n<p>Vabatahtlikud: Estonian Guild, LES rahvatantsijad, koorilauljad ja teised<\/p>\n<p>Kohal olid orienteeuvalt 300 inimest.<\/p>\n<p>Rohkem\u00a0<a href=\"http:\/\/londonieestlased.blogspot.co.uk\/2016\/02\/24-veebruar-2016-ev-aastapaev-pidulik.html\">infot \u00fcritusest siin.<\/a><\/p>\n<p>19. m\u00e4rtsil\u00a0 Emakeelep\u00e4evEesti Majas. Eesti Kool Londonis organiseeris \u00fcrituse koos LESiga. Eesti Kooli \u00f5petajad korraldasid kava lastele: multika \u201eSuur maalrit\u00f6\u00f6\u201c vaatamine ja selle j\u00e4rgi joonistamine, etendus laste tehtud nukuteater, koos tehti ringm\u00e4nge. Vanematele olid: Triin K\u00fcbara ettekanne ja vestlusring multikeelsuse teemal. S\u00f6\u00f6gid toodi vanemate poolt.<\/p>\n<p>Organiseerisid: Triin K\u00fcbar ja Evelin Siilak, Eesti Kool Londonis juhatus ja \u00f5petajad<\/p>\n<p>Vabatahtlikud: Eesti Kooli \u00f5petajad, lapsevanemad<\/p>\n<p>9. aprillil kontsert \u201eKevad s\u00fcdames\u201c ja REE-koori laulup\u00e4ev.Evelin Siilaku ja Reet Kromeli koost\u00f6\u00f6s valminud kahe-osaline \u00fcritus. Proov ja esinemine. P\u00e4eval pakuti lauljatele sn\u00e4kki, v\u00f5ileibu, puuvilju ja sooja jooki. Kontserdi ajal oli bufee, kus pakuti lisaks kartulisalatit, lihapirukaid, kohukesi, shokolaadikringlit, mis olid k\u00fcpsetatud j\u00e4grmiste abiliste poolt: Ave Kelle, Ida Lemsalu, kokk Riina ja LES rahvatantsijad.<\/p>\n<p>Vabatahtlikud: helitehnik Petten Veevo<\/p>\n<p>Rohkem\u00a0<a href=\"http:\/\/londonieestlased.blogspot.co.uk\/2016\/04\/laulupaev-09042015.html\">\u00fcritusest siin.<\/a><\/p>\n<p>04. juunil\u00a0Jaanip\u00e4ev\u00a0korraldati koos Estonian Guildiga ja lastenurga korraldas Eesti Kool Londonis. Sel korral leiti uus asukoht, kuna varasem oli kinni pandud. Esinejad Eestist: Raadio Uuno diskorid ja Tsirkus Schokokabuum. Esinesid LESi Segakoor ja Rahvatantsur\u00fchm, kes tegi ka rahvatantsu t\u00f6\u00f6toa k\u00f5igile. Toimusid spordim\u00e4ngud suurtele ja v\u00e4ikestele. Pakuti sasl\u00f5kki, vorste, mulgiputru peekoniga ja sibulaga, kartulisalatit, v\u00e4rsket salatit, kamajooki, musta leiba. Kulutused olid suuremad uues peokohas kui varasematel aastatel. Eesti Kool Londonis aitas koordineerida lastenurka, kus tehti ka heategevusm\u00fc\u00fcki kookide ja k\u00fcpsetistega eesti lastelaagri korrladamiseks suvel Eestis. 3 eritaksot s\u00f5itsid jooksvalt rongijaamast peopaika terve peo v\u00e4ltel.<\/p>\n<p>Organiseerisid: Estonian Guild, Evelin Siilak, Tiia Avastu ja aitasid Triin K\u00fcbar, Andres Kaha.<\/p>\n<p>Peok\u00fclastajate arv: 350<\/p>\n<p>Vabatahtlike arv: 17<\/p>\n<p><a href=\"http:\/\/londonieestlased.blogspot.co.uk\/2016\/06\/jaanipaev-uues-kohas-juuni-2016.html\">Rohkem infot siin.<\/a><\/p>\n<p>03.detsembril\u00a0korraldati eestlaste j\u00f5ulupidu samas kohas kus eelmisel aastal, Wandsworth Suite\u2019is. Eestist esinesid Marko Mavere koos V\u00e4ikeste L\u00f5\u00f5tspillide \u00dchinguga.\u00a0 See oli 6-liikmeline b\u00e4nd. LES Rahvatantsur\u00fchm organiseeris 3 tegevust,esinemist: 15 minutiline esinemine, \u00fchistants ehk workshop rahvale ja v\u00f5istutantsimine \u201eKaera-Jaani\u201c.\u00a0 REE-koor, kes selleks puhuks tuli kokku Londonisse, esines j\u00f5ulukontserdi ettekandega. Peo lastenurka aitas koordineerida Eesti Kool Londonis, kes tegi ka heategevusm\u00fc\u00fcki kookidega eesti lastelaargi korraldamiseks suvel Eestis. J\u00f5uluvana s\u00fcles said istuda k\u00f5ik lapsed ja said maiustustega koti kingituseks Seltsi poolt.<\/p>\n<p>Organiseerisid: Evelin Siilak, Tiia Avastu ja aitasid kaasa Triin K\u00fcbar, Marje Viilu, Andres Kaha.<\/p>\n<p>Peok\u00fclaliste arv: 440<\/p>\n<p>Vabatahtlikke kokku: 30.<\/p>\n<p><a href=\"http:\/\/londonieestlased.blogspot.co.uk\/2016\/12\/eestlaste-joulupidu-koos-marko-matvere.html\">Rohkem infot siin.<\/a><\/p>\n<p>Koost\u00f6\u00f6partnerid:\u00a0 A LE Coq, Estolink.<\/p>\n<p>Abistamised:\u00a0EAK l\u00f5unad: k\u00e4idi abis kevadl\u00f5unal ja j\u00f5ulupeol 11.dets.<\/p>\n<p>LES Raamatukokku\u00a0on annetatud aastal 2016 2 korda: kokku 4 kasti raamatuid, ajakirju.<\/p>\n<p>LES uue kodulehe\u00a0<a href=\"https:\/\/estoniansociety.co.uk\/index.php\/\">www.estoniansociety.co.uk<\/a>\u00a0loomine.<\/p>\n<p>K\u00fclalisesinejad Eestist:<\/p>\n<ol>\n<li>Leiutajate K\u00fcla kooli\u00f5pilased (4) ja asutaja\/juhataja Hendrik Noor, S\u00e4nna Kultuurim\u00f5is, tegid esitluse ja workshopi Vastlap\u00e4eval,<\/li>\n<li>\u201eImelaps\u201c Kristo Saarna esines EV aastap\u00e4eval,<\/li>\n<li>Tsirkuseartistid (3) \u201eTsirkus Schokokabuum\u201c esinesid 50min tsirkuse-etendusega \u201eKus on minu shokolaad?\u201c lastele ja meelelahutuslik etendus t\u00e4iskasvanutele \u201eEriti ohtlik number\u201c.<\/li>\n<li>Laulja Marko Matvere ja ansambel V\u00e4ikeste L\u00f5\u00f5tspillide \u00dching (kokku 6) esinesid j\u00f5ulupeol.<\/li>\n<\/ol>\n<p>LES Rahvatantsur\u00fchm:<\/p>\n<p>Suurimad saavutused:<\/p>\n<p>*29.aprill rahvatantsup\u00e4eva korraldamine Trafalgar Square\u2019il<\/p>\n<p>* ERRS\u2019i eripreemia rahvatantsup\u00e4eva videost: \u201eK\u00f5ige lustakam Kikkapuu\u201c\u00a0<a href=\"http:\/\/londonieestlased.blogspot.co.uk\/2016\/05\/londoni-eesti-seltsi-rahvatantsijad.html\">Loe siit!<\/a><\/p>\n<p>* Promovideo tegemine \u201eEstonian Folks\u201c<\/p>\n<p>* 08-12 Juunis p\u00e4\u00e4semine esinema Naiste tantsupeol \u201eMehelugu\u201c N4 liigis J\u00f5geval.\u00a0<a href=\"http:\/\/londonieestlased.blogspot.co.uk\/2016_06_01_archive.html\">Loe siit!<\/a><\/p>\n<p>*22 -23.oktoobris Eesti esindamine festivalil \u201eDance Around the World\u201c 15 min kavaga.<\/p>\n<p>Panus Seltsi tegevusse:<\/p>\n<p>*Esinemine igal LES \u00fcritusel ja enamus tantsijad on olnud igal suuremal \u00fcritustel vabatahtlikud.<\/p>\n<p>* tantsijad t\u00f5id k\u00fcpsetisi Laulup\u00e4eval, mille tulu l\u00e4ks tantsur\u00fchma tegevuse toetuseks.<\/p>\n<p>* LES suur\u00fcritustel korrladatud rahvatantsu t\u00f6\u00f6tuba ja \u00fchistants nii lastele kui ka rahvale.<\/p>\n<p>* k\u00e4iakse alates s\u00fcgisest 2016 trenni tegemas \u00fcks kord n\u00e4dalas. Alates jaan\u201917 Eesti Majas.<\/p>\n<p>* J\u00f5ulupeol 3-osalise rahvatantsu kava organiseerimine: esinemine, workshop ja v\u00f5istlus.<\/p>\n<p>LES Segakoor:<\/p>\n<p>*esindas Eestit Baltic Music Festivali j\u00f5ulupeol 11.12.16<\/p>\n<p>Segakoori kohta on info Facebookis.<\/p>\n<p>Panus Seltsi tegevusse:<\/p>\n<p>*esinemised EV aastap\u00e4eval ja jaanip\u00e4eval ( ei v\u00f5tnud osa j\u00f5ulupeost).<\/p>\n<p>*lauljad aitasid EV aastap\u00e4eval.<\/p>\n<p>*k\u00e4iakse 2xkuus proovides Eesti Majas.<\/p>\n<p>Eriti t\u00e4name:<\/p>\n<p>Eesti Maja Londonis, kes on sponsoreerinud LES Rahvatantsur\u00fchma viimased hooajad ja annab v\u00f5imaluse Segakooril ja aastast 2017 ka rahvatantsijatel proove teha Eesti Maja saalis, lisaks Seltsi \u00fcritustele.<\/p>\n<hr \/>\n<p style=\"font-weight: 400; text-align: left;\">","protected":false},"excerpt":{"rendered":"<p>2016 aastakokkuv\u00f5te 7. veebruaril\u00a0 VASTLAP\u00c4EV Eesti Majas. Vastlavurri t\u00f6\u00f6toad viisid l\u00e4bi S\u00e4nna Kultuurim\u00f5isa Leiutajate Kooli \u00f5pilased ja oma tegemistest r\u00e4\u00e4kis \u00f5petaja, kooli ja kultuurimaja asutaja Hendrik Noor. \u00dcritusel oli lastetuba, vanarahva m\u00f5istatuste \u00e4raarvamine, r\u00e4\u00e4giti vastalap\u00e4eva rahvakommetest ja toimus loterii. Pakutud s\u00f6\u00f6k: hernesupp suitsulihaga, soolaoad, must leib ja vastlakuklid vahukoorega. Organiseerisid: Evelin Siilak ja Tiia Avastu &hellip;<\/p>\n<p class=\"read-more\"> <a class=\"\" href=\"https:\/\/www.estoniansociety.co.uk\/en\/uritused-aastakokkuvotted-2016\/\"> <span class=\"screen-reader-text\">Arhiiv &#8211; 2016 &#8211; Aastakokkuv\u00f5tted<\/span> Read More &raquo;<\/a><\/p>","protected":false},"author":1,"featured_media":0,"parent":0,"menu_order":0,"comment_status":"closed","ping_status":"closed","template":"","meta":{"_mi_skip_tracking":false,"footnotes":""},"class_list":["post-1558","page","type-page","status-publish","hentry"],"_links":{"self":[{"href":"https:\/\/www.estoniansociety.co.uk\/en\/wp-json\/wp\/v2\/pages\/1558","targetHints":{"allow":["GET"]}}],"collection":[{"href":"https:\/\/www.estoniansociety.co.uk\/en\/wp-json\/wp\/v2\/pages"}],"about":[{"href":"https:\/\/www.estoniansociety.co.uk\/en\/wp-json\/wp\/v2\/types\/page"}],"author":[{"embeddable":true,"href":"https:\/\/www.estoniansociety.co.uk\/en\/wp-json\/wp\/v2\/users\/1"}],"replies":[{"embeddable":true,"href":"https:\/\/www.estoniansociety.co.uk\/en\/wp-json\/wp\/v2\/comments?post=1558"}],"version-history":[{"count":4,"href":"https:\/\/www.estoniansociety.co.uk\/en\/wp-json\/wp\/v2\/pages\/1558\/revisions"}],"predecessor-version":[{"id":5741,"href":"https:\/\/www.estoniansociety.co.uk\/en\/wp-json\/wp\/v2\/pages\/1558\/revisions\/5741"}],"wp:attachment":[{"href":"https:\/\/www.estoniansociety.co.uk\/en\/wp-json\/wp\/v2\/media?parent=1558"}],"curies":[{"name":"wp","href":"https:\/\/api.w.org\/{rel}","templated":true}]}}