{"id":1480,"date":"2021-06-25T12:05:13","date_gmt":"2021-06-25T12:05:13","guid":{"rendered":"https:\/\/estoniansociety.co.uk\/?page_id=1480"},"modified":"2022-02-03T12:52:14","modified_gmt":"2022-02-03T12:52:14","slug":"uritused-eesootavad-uritused-lesi-100-sunnipaev-10-juulil-2021","status":"publish","type":"page","link":"https:\/\/www.estoniansociety.co.uk\/en\/uritused-eesootavad-uritused-lesi-100-sunnipaev-10-juulil-2021\/","title":{"rendered":"\u00dcritused &#8211; Toimunud \u00fcritused &#8211; Saada meile oma lugu!"},"content":{"rendered":"<h2><\/h2>\n<hr \/>\n<p><em>Scroll down for English&#8230;<\/em><\/p>\n<p>&nbsp;<\/p>\n<h2 style=\"text-align: center;\"><span style=\"color: #5e5e61;\"><strong>LONDONI EESTI SELTSI 100. S\u00dcNNIP\u00c4EV 10. JUULIL 2021<\/strong><\/span><\/h2>\n<p>&nbsp;<\/p>\n<p style=\"text-align: left;\"><span style=\"color: #5e5e61;\">London Estonian Society is celebrating the 100th anniversary on 10th of July this year. Due to the pandemic-related restrictions the celebrations will be held virtually.<\/span><\/p>\n<p><span style=\"color: #5e5e61;\">Everyone is welcome to join using their smart phones or computers. We look forward to welcoming everyone!<\/span><\/p>\n<p><span style=\"color: #5e5e61;\">Kui sul on Seltsiga seotud m\u00e4lestus, vahva lugu, meenutus, tore pildiseeria v\u00f5i videoklipp, samuti kui soovid tervitada Seltsi 100. juubeli puhul, siis saada see e-postile: <a href=\"mailto:info@estoniansociety.co.uk\"><span style=\"color: #ff9900;\">info@estoniansociety.co.uk<\/span><\/a>, hiljemalt 01. maiks.<\/span><\/p>\n<p><span style=\"color: #5e5e61;\">Kui on suuremad failid, palun kasutage WeTransfer-i linki (<a href=\"http:\/\/www.wetransfer.com\"><span style=\"color: #ff9900;\">www.wetransfer.com<\/span><\/a>)<\/span><\/p>\n<p>&nbsp;<\/p>\n<p>&nbsp;<\/p>\n<p><img loading=\"lazy\" decoding=\"async\" class=\"wp-image-3258 aligncenter\" src=\"https:\/\/estoniansociety.co.uk\/wp-content\/uploads\/2021\/07\/rukkililled-300x60.png\" alt=\"\" width=\"760\" height=\"152\" srcset=\"https:\/\/www.estoniansociety.co.uk\/wp-content\/uploads\/2021\/07\/rukkililled-300x60.png 300w, https:\/\/www.estoniansociety.co.uk\/wp-content\/uploads\/2021\/07\/rukkililled-1024x206.png 1024w, https:\/\/www.estoniansociety.co.uk\/wp-content\/uploads\/2021\/07\/rukkililled-768x154.png 768w, https:\/\/www.estoniansociety.co.uk\/wp-content\/uploads\/2021\/07\/rukkililled.png 1034w\" sizes=\"auto, (max-width: 760px) 100vw, 760px\" \/><\/p>\n<p>&nbsp;<\/p>\n<p>&nbsp;<\/p>\n<h2 style=\"text-align: center;\"><span style=\"color: #5e5e61;\"><strong>LONDON ESTONIAN SOCIETY\u2019S 100th ANNIVERSARY<\/strong><\/span><\/h2>\n<p>&nbsp;<\/p>\n<p><span style=\"color: #5e5e61;\">We are delighted to celebrate the London Estonian Society\u2019s 100th\u00a0anniversary on 10th\u00a0July 2021. Due to the ongoing pandemic restrictions these celebrations will take place virtually.<\/span><\/p>\n<p><span style=\"color: #5e5e61;\">You can join the celebrations by using your laptop or computer at home, or by using your smartphone. More information on how to take part will follow here.<\/span><\/p>\n<p><span style=\"color: #5e5e61;\">We are currently compiling all good wishes, stories, images and videos\u00a0to share these with you on the day.<\/span><\/p>\n<p><span style=\"color: #5e5e61;\">If you have a memorable story, images, videos you would like to share with us; or simply would like to send a video, images or some text of your anniversary wishes to the London Estonian Society, please send these to\u00a0<span style=\"color: #ff9900;\"><a style=\"color: #ff9900;\" href=\"mailto:info@estoniansociety.co.uk\">info@estoniansociety.co.uk<\/a><\/span> by 1st\u00a0of May the very latest. To ensure we receive your files, please use WeTransfer (<a style=\"color: #5e5e61;\" href=\"http:\/\/www.wetransfer.com\/\"><span style=\"color: #ff9900;\">www.wetransfer.com<\/span><\/a>) for any larger content. If you have any questions, please get in touch with us at <span style=\"color: #ff9900;\"><a style=\"color: #ff9900;\" href=\"mailto:info@estoniansociety.co.uk\">info@estoniansociety.co.uk<\/a><\/span>.<\/span><\/p>\n<p>&nbsp;<\/p>","protected":false},"excerpt":{"rendered":"<p>Scroll down for English&#8230; &nbsp; LONDONI EESTI SELTSI 100. S\u00dcNNIP\u00c4EV 10. JUULIL 2021 &nbsp; Londoni Eesti Seltsi 100. s\u00fcnnip\u00e4eva t\u00e4histame sellel aastal 10. juulil. Kehtivate piirangute t\u00f5ttu toimub meie pidu virtuaalselt, kontaktivabal veebiplatvormil, interneti\u00fchenduse vahendusel. Osaleda saab otse oma kodust laptopi v\u00f5i smarttelefoniga. Ootame rohket osav\u00f5ttu! Kui sul on Seltsiga seotud m\u00e4lestus, vahva lugu, meenutus, &hellip;<\/p>\n<p class=\"read-more\"> <a class=\"\" href=\"https:\/\/www.estoniansociety.co.uk\/en\/uritused-eesootavad-uritused-lesi-100-sunnipaev-10-juulil-2021\/\"> <span class=\"screen-reader-text\">\u00dcritused &#8211; Toimunud \u00fcritused &#8211; Saada meile oma lugu!<\/span> Read More &raquo;<\/a><\/p>","protected":false},"author":1,"featured_media":0,"parent":0,"menu_order":0,"comment_status":"closed","ping_status":"closed","template":"","meta":{"_mi_skip_tracking":false,"footnotes":""},"class_list":["post-1480","page","type-page","status-publish","hentry"],"_links":{"self":[{"href":"https:\/\/www.estoniansociety.co.uk\/en\/wp-json\/wp\/v2\/pages\/1480","targetHints":{"allow":["GET"]}}],"collection":[{"href":"https:\/\/www.estoniansociety.co.uk\/en\/wp-json\/wp\/v2\/pages"}],"about":[{"href":"https:\/\/www.estoniansociety.co.uk\/en\/wp-json\/wp\/v2\/types\/page"}],"author":[{"embeddable":true,"href":"https:\/\/www.estoniansociety.co.uk\/en\/wp-json\/wp\/v2\/users\/1"}],"replies":[{"embeddable":true,"href":"https:\/\/www.estoniansociety.co.uk\/en\/wp-json\/wp\/v2\/comments?post=1480"}],"version-history":[{"count":5,"href":"https:\/\/www.estoniansociety.co.uk\/en\/wp-json\/wp\/v2\/pages\/1480\/revisions"}],"predecessor-version":[{"id":7349,"href":"https:\/\/www.estoniansociety.co.uk\/en\/wp-json\/wp\/v2\/pages\/1480\/revisions\/7349"}],"wp:attachment":[{"href":"https:\/\/www.estoniansociety.co.uk\/en\/wp-json\/wp\/v2\/media?parent=1480"}],"curies":[{"name":"wp","href":"https:\/\/api.w.org\/{rel}","templated":true}]}}