{"id":1384,"date":"2021-06-22T20:28:06","date_gmt":"2021-06-22T20:28:06","guid":{"rendered":"https:\/\/estoniansociety.co.uk\/?page_id=1384"},"modified":"2021-07-05T12:21:30","modified_gmt":"2021-07-05T12:21:30","slug":"rahvatants-meie-tantsijad-londoni-lati-seltsi-rahvatantsuruhma-aastapaeval","status":"publish","type":"page","link":"https:\/\/www.estoniansociety.co.uk\/en\/rahvatants-meie-tantsijad-londoni-lati-seltsi-rahvatantsuruhma-aastapaeval\/","title":{"rendered":"Seltsist &#8211; Rahvatants &#8211; Meie tantsijad Londoni L\u00e4ti Seltsi rahvatantsur\u00fchma aastap\u00e4eval"},"content":{"rendered":"<div id=\"article_5\" class=\"article\" data-readmore=\"\" aria-expanded=\"false\">\n<p>&nbsp;<\/p>\n<hr \/>\n<\/div>\n<h2 style=\"text-align: center;\">Meie tantsijad Londoni L\u00e4ti Seltsi rahvatantsur\u00fchma aastap\u00e4eval<\/h2>\n<div id=\"article_5\" class=\"article\" data-readmore=\"\" aria-expanded=\"false\">\n<p>&nbsp;<\/p>\n<p class=\"western\">6. novembril 2011 t\u00e4itus Londoni L\u00e4ti Seltsi rahvatantsur\u00fchmal 35 aastat esimesest esinemisest. Londoni L\u00e4ti rahvatantsijate juubelipeol oli meil au esineda koos professionaalne tantsugrupiga TDA &#8220;Sv\u013cta&#8221; L\u00e4tist, Leedu folklooriansambliga &#8220;Saduto&#8221; ning saali esireas oli auk\u00fclalisena kohal ka L\u00e4ti saadik Londonis, Eduards Stiprais.<\/p>\n<p class=\"western\">Eestlasi esindasid peol Seltsi rahvatantsijad, kes olid saanud Londoni L\u00e4ti Seltsi rahvatantsijate esindajalt Ter\u0157ze Bogdanova&#8217;lt septembrikuu l\u00f5pus kutse osaleda nende juubelikontserdil oma etteastega. Kuna meil oli just parasjagu k\u00e4sil uue ning keerulise tantsu &#8211; Mait Agu \u201cKaera-Jaani\u201d &#8211; \u00f5ppimine ja harjutamine, siis oli see parajaks v\u00e4ljakutseks saada ennast nii l\u00fchikese ajaga esinemisvormi.<\/p>\n<p class=\"western\">Harjutused toimusid meil nagu ikka \u00fcle n\u00e4dala, kuid peatselt oli tunda, et sellest j\u00e4i v\u00e4heseks. Seega tuli m\u00f5nelgi meist harjutada kodus ka omal k\u00e4el. Liikumisi kokku pannes ja tantsusammudele viimaseid lihve andes sai \u00fcks harjutus maha peetud isegi s\u00fcgiseselt r\u00f5skes ja h\u00e4maras Kensington Garden&#8217;i pargis.<\/p>\n<p class=\"western\">Taasloodud Londoni Eesti Seltsi rahvatantsur\u00fchmal tuleb veel pisut harjutada, et omandada samasugune vilumus, mida n\u00e4gime 35-aastaseks saanud rahvatantsur\u00fchmal, samas oli see esinemine t\u00f5eliseks inspiratsiooniks j\u00e4rgmiste tantsude \u00f5ppimisel. Vaatamata kergele n\u00e4rveerimisele l\u00e4ks esinemine h\u00e4sti ja v\u00f5eti vastu suure aplausiga.<\/p>\n<p class=\"western\">Siinkohal tahaks eriti esile t\u00f5sta Marilin ja Paul Adamsit, kes tegid tantsu \u00f5ppimise meie jaoks lihtsaks ning kelle entusiasm oli k\u00f5igile meile nakatavaks, samuti pillimeest Kasparit, kes meid akordionil saatis.<\/p>\n<p>&nbsp;<\/p>\n<\/div>","protected":false},"excerpt":{"rendered":"<p>&nbsp; Meie tantsijad Londoni L\u00e4ti Seltsi rahvatantsur\u00fchma aastap\u00e4eval &nbsp; 6. novembril 2011 t\u00e4itus Londoni L\u00e4ti Seltsi rahvatantsur\u00fchmal 35 aastat esimesest esinemisest. Londoni L\u00e4ti rahvatantsijate juubelipeol oli meil au esineda koos professionaalne tantsugrupiga TDA &#8220;Sv\u013cta&#8221; L\u00e4tist, Leedu folklooriansambliga &#8220;Saduto&#8221; ning saali esireas oli auk\u00fclalisena kohal ka L\u00e4ti saadik Londonis, Eduards Stiprais. Eestlasi esindasid peol Seltsi rahvatantsijad, &hellip;<\/p>\n<p class=\"read-more\"> <a class=\"\" href=\"https:\/\/www.estoniansociety.co.uk\/en\/rahvatants-meie-tantsijad-londoni-lati-seltsi-rahvatantsuruhma-aastapaeval\/\"> <span class=\"screen-reader-text\">Seltsist &#8211; Rahvatants &#8211; Meie tantsijad Londoni L\u00e4ti Seltsi rahvatantsur\u00fchma aastap\u00e4eval<\/span> Read More &raquo;<\/a><\/p>","protected":false},"author":1,"featured_media":0,"parent":0,"menu_order":0,"comment_status":"closed","ping_status":"closed","template":"","meta":{"_mi_skip_tracking":false,"footnotes":""},"class_list":["post-1384","page","type-page","status-publish","hentry"],"_links":{"self":[{"href":"https:\/\/www.estoniansociety.co.uk\/en\/wp-json\/wp\/v2\/pages\/1384","targetHints":{"allow":["GET"]}}],"collection":[{"href":"https:\/\/www.estoniansociety.co.uk\/en\/wp-json\/wp\/v2\/pages"}],"about":[{"href":"https:\/\/www.estoniansociety.co.uk\/en\/wp-json\/wp\/v2\/types\/page"}],"author":[{"embeddable":true,"href":"https:\/\/www.estoniansociety.co.uk\/en\/wp-json\/wp\/v2\/users\/1"}],"replies":[{"embeddable":true,"href":"https:\/\/www.estoniansociety.co.uk\/en\/wp-json\/wp\/v2\/comments?post=1384"}],"version-history":[{"count":5,"href":"https:\/\/www.estoniansociety.co.uk\/en\/wp-json\/wp\/v2\/pages\/1384\/revisions"}],"predecessor-version":[{"id":3433,"href":"https:\/\/www.estoniansociety.co.uk\/en\/wp-json\/wp\/v2\/pages\/1384\/revisions\/3433"}],"wp:attachment":[{"href":"https:\/\/www.estoniansociety.co.uk\/en\/wp-json\/wp\/v2\/media?parent=1384"}],"curies":[{"name":"wp","href":"https:\/\/api.w.org\/{rel}","templated":true}]}}