{"id":1367,"date":"2021-06-22T20:23:53","date_gmt":"2021-06-22T20:23:53","guid":{"rendered":"https:\/\/estoniansociety.co.uk\/?page_id=1367"},"modified":"2021-10-18T05:19:19","modified_gmt":"2021-10-18T05:19:19","slug":"uritused-toimunud-uritused-24-10-2013-seltsi-rahvatantsijad-esinevad-muhu-teemalise-riidekollektsiooni-avamisel-covent-gardenis","status":"publish","type":"page","link":"https:\/\/www.estoniansociety.co.uk\/en\/uritused-toimunud-uritused-24-10-2013-seltsi-rahvatantsijad-esinevad-muhu-teemalise-riidekollektsiooni-avamisel-covent-gardenis\/","title":{"rendered":"Arhiiv &#8211; 2013 &#8211; \u00dcritused &#8211; Seltsi rahvatantsijad esinevad Muhu-teemalise riidekollektsiooni avamisel Covent Gardenis"},"content":{"rendered":"<hr \/>\n<h2 style=\"text-align: center;\">Seltsi rahvatantsijad esinevad Muhu-teemalise riidekollektsiooni avamisel Covent Gardenis<\/h2>\n<p>&nbsp;<\/p>\n<p><span style=\"font-size: 16px;\">Rootsi disaineri Gudrun Sj\u00f6deni k\u00e4e all valmivad v\u00e4rvilised, naturaalsest materjalist unikaalsed r\u00f5ivad ja kodutekstiil.<\/span><\/p>\n<div id=\"articlebody\">\n<div>Tema uusima, Muhu-teemalise talvekollektsiooni tutvustus\u00fcritus toimub Covent Gardenis neljap\u00e4eval, 24. oktoobril kell 17.00.<\/div>\n<div>\u00dcritusel esinevad ka Eesti Seltsi rahvatantsijad.<\/div>\n<div><\/div>\n<div><img loading=\"lazy\" decoding=\"async\" class=\"wp-image-5624 aligncenter\" src=\"https:\/\/www.estoniansociety.co.uk\/wp-content\/uploads\/2021\/10\/rahvatants_muhu_1-300x225.png\" alt=\"\" width=\"405\" height=\"304\" srcset=\"https:\/\/www.estoniansociety.co.uk\/wp-content\/uploads\/2021\/10\/rahvatants_muhu_1-300x225.png 300w, https:\/\/www.estoniansociety.co.uk\/wp-content\/uploads\/2021\/10\/rahvatants_muhu_1-1024x768.png 1024w, https:\/\/www.estoniansociety.co.uk\/wp-content\/uploads\/2021\/10\/rahvatants_muhu_1-768x576.png 768w, https:\/\/www.estoniansociety.co.uk\/wp-content\/uploads\/2021\/10\/rahvatants_muhu_1-1536x1152.png 1536w, https:\/\/www.estoniansociety.co.uk\/wp-content\/uploads\/2021\/10\/rahvatants_muhu_1-2048x1536.png 2048w, https:\/\/www.estoniansociety.co.uk\/wp-content\/uploads\/2021\/10\/rahvatants_muhu_1-16x12.png 16w\" sizes=\"auto, (max-width: 405px) 100vw, 405px\" \/><\/div>\n<\/div>\n<p>&nbsp;<\/p>\n<hr \/>\n<div id=\"articlebody\">\n<div>Swedish designer Gudrun Sj\u00f6d\u00e9n creates clothes and homeware in unique, colourful designs and natural materials.<\/div>\n<div>This year\u2019s winter collection is inspired by Estonian island Muhumaa.<\/div>\n<div>The folk dancers of Estonian Society will perform at their MUHU in-store event in Covent Garden on Thursday, 24th October.<\/div>\n<\/div>\n<div class=\"gallery\">\n<p>&nbsp;<\/p>\n<\/div>","protected":false},"excerpt":{"rendered":"<p>Seltsi rahvatantsijad esinevad Muhu-teemalise riidekollektsiooni avamisel Covent Gardenis &nbsp; Rootsi disaineri Gudrun Sj\u00f6deni k\u00e4e all valmivad v\u00e4rvilised, naturaalsest materjalist unikaalsed r\u00f5ivad ja kodutekstiil. Tema uusima, Muhu-teemalise talvekollektsiooni tutvustus\u00fcritus toimub Covent Gardenis neljap\u00e4eval, 24. oktoobril kell 17.00. \u00dcritusel esinevad ka Eesti Seltsi rahvatantsijad. &nbsp; Swedish designer Gudrun Sj\u00f6d\u00e9n creates clothes and homeware in unique, colourful designs &hellip;<\/p>\n<p class=\"read-more\"> <a class=\"\" href=\"https:\/\/www.estoniansociety.co.uk\/en\/uritused-toimunud-uritused-24-10-2013-seltsi-rahvatantsijad-esinevad-muhu-teemalise-riidekollektsiooni-avamisel-covent-gardenis\/\"> <span class=\"screen-reader-text\">Arhiiv &#8211; 2013 &#8211; \u00dcritused &#8211; Seltsi rahvatantsijad esinevad Muhu-teemalise riidekollektsiooni avamisel Covent Gardenis<\/span> Read More &raquo;<\/a><\/p>","protected":false},"author":1,"featured_media":0,"parent":0,"menu_order":0,"comment_status":"closed","ping_status":"closed","template":"","meta":{"_mi_skip_tracking":false,"footnotes":""},"class_list":["post-1367","page","type-page","status-publish","hentry"],"_links":{"self":[{"href":"https:\/\/www.estoniansociety.co.uk\/en\/wp-json\/wp\/v2\/pages\/1367","targetHints":{"allow":["GET"]}}],"collection":[{"href":"https:\/\/www.estoniansociety.co.uk\/en\/wp-json\/wp\/v2\/pages"}],"about":[{"href":"https:\/\/www.estoniansociety.co.uk\/en\/wp-json\/wp\/v2\/types\/page"}],"author":[{"embeddable":true,"href":"https:\/\/www.estoniansociety.co.uk\/en\/wp-json\/wp\/v2\/users\/1"}],"replies":[{"embeddable":true,"href":"https:\/\/www.estoniansociety.co.uk\/en\/wp-json\/wp\/v2\/comments?post=1367"}],"version-history":[{"count":5,"href":"https:\/\/www.estoniansociety.co.uk\/en\/wp-json\/wp\/v2\/pages\/1367\/revisions"}],"predecessor-version":[{"id":5677,"href":"https:\/\/www.estoniansociety.co.uk\/en\/wp-json\/wp\/v2\/pages\/1367\/revisions\/5677"}],"wp:attachment":[{"href":"https:\/\/www.estoniansociety.co.uk\/en\/wp-json\/wp\/v2\/media?parent=1367"}],"curies":[{"name":"wp","href":"https:\/\/api.w.org\/{rel}","templated":true}]}}