{"id":1355,"date":"2021-06-22T20:19:06","date_gmt":"2021-06-22T20:19:06","guid":{"rendered":"https:\/\/estoniansociety.co.uk\/?page_id=1355"},"modified":"2021-10-18T06:00:26","modified_gmt":"2021-10-18T06:00:26","slug":"uritused-lesi-rahvatantsuruhm-osaleb-rahvusvahelisel-tantsufestivalil-dance-around-the-world-november-2014","status":"publish","type":"page","link":"https:\/\/www.estoniansociety.co.uk\/en\/uritused-lesi-rahvatantsuruhm-osaleb-rahvusvahelisel-tantsufestivalil-dance-around-the-world-november-2014\/","title":{"rendered":"Arhiiv &#8211; 2014 &#8211; \u00dcritused &#8211; LESi rahvatantsur\u00fchm osaleb rahvusvahelisel tantsufestivalil Dance Around the World"},"content":{"rendered":"<div><\/div>\n<div><\/div>\n<div>\n<hr \/>\n<\/div>\n<div><\/div>\n<div><\/div>\n<h2 style=\"text-align: center;\">LESi rahvatantsur\u00fchm osaleb rahvusvahelisel tantsufestivalil Dance Around the World<\/h2>\n<div><\/div>\n<p style=\"text-align: left;\">2. ja 3. novembril 2014 toimub Londonis 13. korda traditsioonilise tantsu festival Dance Around the World, millest v\u00f5tab osa ka Londoni Eesti Seltsi rahvatantsur\u00fchm.<\/p>\n<p style=\"text-align: center;\"><span style=\"font-size: 16px;\">Koht:\u00a0\u00a0Cecil Sharp House, Camden Town, London NW1 7AY. <\/span><a style=\"font-size: 16px; background-color: #ffffff;\" href=\"https:\/\/maps.google.co.uk\/maps?q=London+NW1+7AY&amp;hl=en&amp;sll=53.800651,-4.064941&amp;sspn=7.907151,21.643066&amp;oq=NW1+7AY&amp;hnear=London+NW1+7AY,+United+Kingdom&amp;t=m&amp;z=16\">Kaart<\/a><\/p>\n<p style=\"text-align: center;\"><span style=\"font-size: 16px;\">Aeg:\u00a0m\u00f5lemal p\u00e4eval kell\u00a010.00 &#8211; 23.00<\/span><\/p>\n<p>&nbsp;<\/p>\n<p style=\"text-align: left;\">Eesti tantsijate etteaste p\u00fchap\u00e4eval, 3. novembril kell 14.20 Kennedy saalis.<br \/>\nKaks p\u00f5nevat ja r\u00fctmikat p\u00e4eva on sisustatud esinemiste ja t\u00f6\u00f6tubadega &#8211;<\/p>\n<div style=\"text-align: left;\">Ungari, Slovaki, Egiptuse, India, Leedu, Inglise ja paljude teiste riikide p\u00f5nevate ja v\u00e4hem tuntud tantsude k\u00f5rval saab iga\u00fcks vaadata ja \u00f5ppida ka kuumi Ladina-Ameerika r\u00fctme.<\/div>\n<div style=\"text-align: left;\">M\u00f5lemal \u00f5htul kell 19.00 &#8211; 23.00 toimub eriteemaline tantsu\u00f5htu.<\/div>\n<div style=\"text-align: left;\">T\u00f6\u00f6tubades ja tantsu\u00f5htutel osalemiseks ei ole eelnev tantsukogemus ega tantsupartneri olemasolu t\u00e4htis.<\/div>\n<div style=\"text-align: left;\"><\/div>\n<div style=\"text-align: left;\"><a href=\"http:\/\/www.datw.org.uk\/\">Rohkem infot ja piletid<\/a><\/div>\n<p style=\"text-align: left;\"><a href=\"https:\/\/www.facebook.com\/groups\/lesrt\/\">Seltsi rahvatantsur\u00fchm<\/a> on ette valmistanud vaimuka ja l\u00f5busa 20-minutilise kava.<\/p>\n<p style=\"text-align: left;\">Vaata ka:<br \/>\n<a href=\"http:\/\/www.datw.org.uk\/m\/datw\/attachments\/saturday_programme-2013_0.pdf\">Laup\u00e4evane kava<\/a><br \/>\n<a href=\"http:\/\/www.datw.org.uk\/m\/datw\/attachments\/9sunday_programme_13.pdf\">P\u00fchap\u00e4evane kava<\/a><br \/>\n<a href=\"http:\/\/www.datw.org.uk\/m\/datw\/attachments\/latin_programme_3.pdf\">Ladina-Ameerika tantsude \u00f5htu<\/a><\/p>\n<p><img loading=\"lazy\" decoding=\"async\" class=\"wp-image-5718 aligncenter\" src=\"https:\/\/www.estoniansociety.co.uk\/wp-content\/uploads\/2021\/10\/rahvatants_1-300x199.png\" alt=\"\" width=\"416\" height=\"276\" srcset=\"https:\/\/www.estoniansociety.co.uk\/wp-content\/uploads\/2021\/10\/rahvatants_1-300x199.png 300w, https:\/\/www.estoniansociety.co.uk\/wp-content\/uploads\/2021\/10\/rahvatants_1-1024x681.png 1024w, https:\/\/www.estoniansociety.co.uk\/wp-content\/uploads\/2021\/10\/rahvatants_1-768x511.png 768w, https:\/\/www.estoniansociety.co.uk\/wp-content\/uploads\/2021\/10\/rahvatants_1-1536x1021.png 1536w, https:\/\/www.estoniansociety.co.uk\/wp-content\/uploads\/2021\/10\/rahvatants_1-2048x1362.png 2048w, https:\/\/www.estoniansociety.co.uk\/wp-content\/uploads\/2021\/10\/rahvatants_1-18x12.png 18w\" sizes=\"auto, (max-width: 416px) 100vw, 416px\" \/><\/p>\n<p>&nbsp;<\/p>\n<p><img loading=\"lazy\" decoding=\"async\" class=\"wp-image-5719 aligncenter\" src=\"https:\/\/www.estoniansociety.co.uk\/wp-content\/uploads\/2021\/10\/rahvatants_2-300x199.png\" alt=\"\" width=\"421\" height=\"279\" srcset=\"https:\/\/www.estoniansociety.co.uk\/wp-content\/uploads\/2021\/10\/rahvatants_2-300x199.png 300w, https:\/\/www.estoniansociety.co.uk\/wp-content\/uploads\/2021\/10\/rahvatants_2-1024x681.png 1024w, https:\/\/www.estoniansociety.co.uk\/wp-content\/uploads\/2021\/10\/rahvatants_2-768x511.png 768w, https:\/\/www.estoniansociety.co.uk\/wp-content\/uploads\/2021\/10\/rahvatants_2-1536x1021.png 1536w, https:\/\/www.estoniansociety.co.uk\/wp-content\/uploads\/2021\/10\/rahvatants_2-2048x1362.png 2048w, https:\/\/www.estoniansociety.co.uk\/wp-content\/uploads\/2021\/10\/rahvatants_2-18x12.png 18w\" sizes=\"auto, (max-width: 421px) 100vw, 421px\" \/><\/p>","protected":false},"excerpt":{"rendered":"<p>LESi rahvatantsur\u00fchm osaleb rahvusvahelisel tantsufestivalil Dance Around the World 2. ja 3. novembril 2014 toimub Londonis 13. korda traditsioonilise tantsu festival Dance Around the World, millest v\u00f5tab osa ka Londoni Eesti Seltsi rahvatantsur\u00fchm. Koht:\u00a0\u00a0Cecil Sharp House, Camden Town, London NW1 7AY. Kaart Aeg:\u00a0m\u00f5lemal p\u00e4eval kell\u00a010.00 &#8211; 23.00 &nbsp; Eesti tantsijate etteaste p\u00fchap\u00e4eval, 3. novembril kell &hellip;<\/p>\n<p class=\"read-more\"> <a class=\"\" href=\"https:\/\/www.estoniansociety.co.uk\/en\/uritused-lesi-rahvatantsuruhm-osaleb-rahvusvahelisel-tantsufestivalil-dance-around-the-world-november-2014\/\"> <span class=\"screen-reader-text\">Arhiiv &#8211; 2014 &#8211; \u00dcritused &#8211; LESi rahvatantsur\u00fchm osaleb rahvusvahelisel tantsufestivalil Dance Around the World<\/span> Read More &raquo;<\/a><\/p>","protected":false},"author":1,"featured_media":0,"parent":0,"menu_order":0,"comment_status":"closed","ping_status":"closed","template":"","meta":{"_mi_skip_tracking":false,"footnotes":""},"class_list":["post-1355","page","type-page","status-publish","hentry"],"_links":{"self":[{"href":"https:\/\/www.estoniansociety.co.uk\/en\/wp-json\/wp\/v2\/pages\/1355","targetHints":{"allow":["GET"]}}],"collection":[{"href":"https:\/\/www.estoniansociety.co.uk\/en\/wp-json\/wp\/v2\/pages"}],"about":[{"href":"https:\/\/www.estoniansociety.co.uk\/en\/wp-json\/wp\/v2\/types\/page"}],"author":[{"embeddable":true,"href":"https:\/\/www.estoniansociety.co.uk\/en\/wp-json\/wp\/v2\/users\/1"}],"replies":[{"embeddable":true,"href":"https:\/\/www.estoniansociety.co.uk\/en\/wp-json\/wp\/v2\/comments?post=1355"}],"version-history":[{"count":5,"href":"https:\/\/www.estoniansociety.co.uk\/en\/wp-json\/wp\/v2\/pages\/1355\/revisions"}],"predecessor-version":[{"id":5727,"href":"https:\/\/www.estoniansociety.co.uk\/en\/wp-json\/wp\/v2\/pages\/1355\/revisions\/5727"}],"wp:attachment":[{"href":"https:\/\/www.estoniansociety.co.uk\/en\/wp-json\/wp\/v2\/media?parent=1355"}],"curies":[{"name":"wp","href":"https:\/\/api.w.org\/{rel}","templated":true}]}}