{"id":1349,"date":"2021-06-22T20:14:27","date_gmt":"2021-06-22T20:14:27","guid":{"rendered":"https:\/\/estoniansociety.co.uk\/?page_id=1349"},"modified":"2021-07-05T12:13:25","modified_gmt":"2021-07-05T12:13:25","slug":"rahvatants-23-25-okt-2015-rahvatantsupaevad-londonis-festival-dance-around-the-world-raames","status":"publish","type":"page","link":"https:\/\/www.estoniansociety.co.uk\/en\/rahvatants-23-25-okt-2015-rahvatantsupaevad-londonis-festival-dance-around-the-world-raames\/","title":{"rendered":"Seltsist &#8211; Rahvatants &#8211; Rahvatantsup\u00e4evad Londonis Festival &#8220;Dance Around the World&#8221; raames."},"content":{"rendered":"<p>&nbsp;<\/p>\n<hr \/>\n<p>&nbsp;<\/p>\n<h3 style=\"font-weight: 400; text-align: center;\"><b>Rahvusvahelised rahvatantsup\u00e4evad Londonis &#8220;Dance Around the World&#8221; viis LESi rahvatansijad kokku ERRSi p\u00e4rimustantsu spetsialistidega<\/b><\/h3>\n<p style=\"font-weight: 400;\"><strong>\u00a0<\/strong><\/p>\n<p style=\"font-weight: 400;\"><span style=\"font-weight: 400;\">23-25. oktoobril (2015) k\u00fclastasid Londonit Eesti Rahvatantsu ja Rahvamuusika Seltsi (ERRS) rahvatantsuspetsialistide kursus Angela Arraste juhendamisel. Angela Arraste on tuntud tantsupedagoog, -uurija, koreograaf ja lavastaja. Grupiga oli kaasas filmioperaator Uno Tormet ning tuntud Eesti p\u00e4rimusmuusika pillimees Juhan Uppin. \u00a0Reisi eesm\u00e4rk oli kohaliku Londoni Eesti Seltsi (LES) Rahvatantsur\u00fchmaga koos esineda iga-aastasel festivalil \u201cDance Around the World\u201d ning tutvustada Eesti kultuuri, l\u00e4bi viies \u00f5pituba festivalil.<\/span><\/p>\n<p style=\"font-weight: 400;\"><span style=\"font-weight: 400;\">3-p\u00e4evane k\u00fclask\u00e4ik m\u00f6\u00f6dus hoogsalt ja tegusalt. Reedel, maandus 18-liikmeline grupp Londonis ja sama p\u00e4eva \u00f5htul toimus \u00fchispeaproov LESi Rahvatantsugrupiga Soome Majas Rotherhithe\u2019is, kus valmistuti meeleolukalt ja entusiastlikult j\u00e4rgmise p\u00e4eva esinemiseks.<\/span><\/p>\n<p style=\"font-weight: 400;\"><span style=\"font-weight: 400;\">Laup\u00e4evane esinemine toimus Cecil House\u2019is Camden Town\u2019is, \u00a0Inglise Rahvatantsu ja Rahvamuusika Seltsi (EFDSS) kultuurimajas, kus vabatahtlike organisatsioon (Community Interest Company) korraldab juba 10ndat aastat j\u00e4rjest \u00a02-p\u00e4evast festivali \u201cDance Around the World\u201d. \u00a0\u00dche katuse all kohtuvad \u00fclemaailma rahvaste folkloortantsud ja erinevate ajastute tantsud. V\u00f5imalus on osa v\u00f5tta ka \u00f5pitubadest, kus saab erinevaid p\u00e4rismustantse kohe j\u00e4rgi proovida.<\/span><\/p>\n<p style=\"font-weight: 400;\"><span style=\"font-weight: 400;\">Eesti rahvatantsijate esinemine algas l\u00fchida tutvustusega: kirjeldati Eesti saarte (Muhu, Saaremaa, Kihnu) rahvar\u00f5ivaid, r\u00e4\u00e4giti Eesti rahvatantsu t\u00e4htsusest eestlastele ning tutvustati p\u00f5gusalt Kihnu UNESCO p\u00e4randit. Nimelt Kihnu naised kannavad t\u00e4naseni igap\u00e4evaselt rahvariideid \u2013 villaseid pikitriibulisi seelikuid ehk k\u00f6rte. K\u00f6rdi kandmine ja omamine on kogukonnas suure t\u00e4htsusega ning eristab kihnlasi selgelt teistest. Tutvustusele j\u00e4rgnesid p\u00e4rimustantsud: Voortants, Oige ja vasemba, Kalamies, Savikoja venelane, Nelj\u00e4puari, S\u00f5rm\u00f5lugu, Vurr-sahkadi, Hiiu valts, Ingliska, T\u00f5mba J\u00fcri ja Kaera-Jaan. Publik v\u00f5ttis esinemise soojalt vastu ning lavalt lahkuti suure aplausi saatel. \u00a0J\u00e4rgnev Eesti p\u00e4rimustantsude t\u00f6\u00f6tuba oli rahvarohke ja saalit\u00e4is rahvast nautis s\u00fcdamega tantsude \u00f5ppimist. \u00a0Pillimees Uppin r\u00e4\u00e4kis, et esinemine ja t\u00f6\u00f6tuba andsid talle uskumatu kogemuse ning hea meelega tuleb tagasi Londonisse rahvatantsijatele l\u00f5\u00f5tsa m\u00e4ngima ja esinema.<\/span><\/p>\n<p style=\"font-weight: 400;\"><span style=\"font-weight: 400;\">Festivali publiku seas elas kaasa ka LESi kauaaegne rahvatantsujuhendaja Aili Eistrad, kes juhendas rahvatantsugruppi Londonis 40 aastat. Proua Eistrad j\u00e4i esinemisega v\u00e4ga rahule, eriti kiitis erinevate maakondade rahvar\u00f5ivad, mis olid v\u00e4ljapeetult kantud. \u00a0<\/span><\/p>\n<p style=\"font-weight: 400;\"><span style=\"font-weight: 400;\">P\u00fchap\u00e4eval toimus Eesti Maja saalis hubane koosviibimine. Kohal olid lisaks LESi ja ERRSi tantsijatele ka proua Aili Eistrad t\u00fctre Kariniga ning Eesti Suursaatkonnast Londonis kultuurin\u00f5unik Kersti Kirs. Kultuurin\u00f5unik Kirs lootis, et ka edaspidine suhtlus ja k\u00fclastusk\u00e4igud j\u00e4tkuvad, sest &#8220;tantsimine on meie \u00fchine keel maailmas&#8221;.<\/span><\/p>\n<p style=\"font-weight: 400;\"><span style=\"font-weight: 400;\">Londoni endine rahvatantsu\u00f5petaja proua Eistrad meenutas, kuidas ta tantsis Anne Raudkatsi k\u00e4e all ning kuidas Raudkats oli ikka toonitanud, et tantsida tuleb \u201cm\u00f5\u00f5duka sisemise pingega\u201d. Kuigi Raudkats ei seletanudki lahti, mida see t\u00e4pselt t\u00e4hendab. Selliste ja paljude teiste muhedate lugude saatel m\u00f6\u00f6dus \u00f5htu kiiresti. Aili heietas, et \u201cKalamies\u201d tantsu oli Ullo Toomi seletanud kui kalameeste varvaste sirutust p\u00e4rast pikka kalaretke v\u00e4ikeses ja kitsas paadis, mida peab tantsima aeglaselt ja m\u00f5nuga. \u201c\u00dcle\u00fcldse on tantsud muutunud liiga hoogsaks ning algidee kadunud p\u00e4rimustantsudest\u201d, muretses pr Eistrad. \u201c\u00c4rge kartke aeglaseid tantse!\u201d \u00f5petas ta ja lisas, et \u201cDaily Telegraph\u201d, Londoni p\u00e4evaleht, kirjutas arvustuse, kiites just aeglast tantsu \u201cTarga rehealune\u201d. Selle peale ajas pillimees oma l\u00f5\u00f5tsale h\u00e4\u00e4led sisse ning \u00fcheskoos tantsiti p\u00e4ev \u00f5htusse. Ka \u201cKalamies\u201d sai tehtud l\u00e4bi \u00f5iges versioonis, kust ka Aili heameelega osa v\u00f5ttis.<\/span><\/p>\n<p style=\"font-weight: 400;\"><span style=\"font-weight: 400;\">Eestimaiselt simmanlik \u00f5htu tantsude ja esinemistega j\u00e4\u00e4b k\u00f5igile osalejatele kauaks meelde. Suured t\u00e4nud k\u00f5igile, kes sellest \u00fcritusest osa v\u00f5tsid ning aitasid kaasa eesti kultuuri n\u00e4itamisele ja p\u00fcsimisele Londonis.<\/span><\/p>\n<p style=\"font-weight: 400;\"><span style=\"font-weight: 400;\">Festivali kordaminek andis indu paljudele uutele tantsus\u00f5pradele ja t\u00e4rgatas ka LESi ammustes tantsijates soovi taas\u00fchineda. Festivali peakorraldaja Anne Leach kirjutab: &#8221; Publik nautis Eesti rahvatantsijate ilusat ja inspireerivat etendust. Teie l\u00f5bus ja vahva t\u00f6\u00f6tuba sai suure heakskiidu osaliseks. Me hindame k\u00f5rgelt, et te tulite sellise suure hulga tantsijatega otse Eestist meile esinema. Suur ait\u00e4h.\u201d<\/span><\/p>\n<p style=\"font-weight: 400;\"><span style=\"font-weight: 400;\">\u00dcritus sai teoks t\u00e4nu Angela Arrastele, Londoni Eesti Seltsi Rahvatantsur\u00fchma tantsujuhi Marje Viilule ja Londoni Eesti Seltsi esinaisele Evelin Siilakule. Eesti Rahvatantsu ja Rahvamuusika Seltsi ning Londoni Eesti Seltsi Rahvatantsur\u00fchma \u00fchisprojekti toetasid ka Kultuurkapital ja Eesti Maja Londonis.<\/span><\/p>\n<p>&nbsp;<\/p>","protected":false},"excerpt":{"rendered":"<p>&nbsp; &nbsp; Rahvusvahelised rahvatantsup\u00e4evad Londonis &#8220;Dance Around the World&#8221; viis LESi rahvatansijad kokku ERRSi p\u00e4rimustantsu spetsialistidega \u00a0 23-25. oktoobril (2015) k\u00fclastasid Londonit Eesti Rahvatantsu ja Rahvamuusika Seltsi (ERRS) rahvatantsuspetsialistide kursus Angela Arraste juhendamisel. Angela Arraste on tuntud tantsupedagoog, -uurija, koreograaf ja lavastaja. Grupiga oli kaasas filmioperaator Uno Tormet ning tuntud Eesti p\u00e4rimusmuusika pillimees Juhan Uppin. &hellip;<\/p>\n<p class=\"read-more\"> <a class=\"\" href=\"https:\/\/www.estoniansociety.co.uk\/en\/rahvatants-23-25-okt-2015-rahvatantsupaevad-londonis-festival-dance-around-the-world-raames\/\"> <span class=\"screen-reader-text\">Seltsist &#8211; Rahvatants &#8211; Rahvatantsup\u00e4evad Londonis Festival &#8220;Dance Around the World&#8221; raames.<\/span> Read More &raquo;<\/a><\/p>","protected":false},"author":1,"featured_media":0,"parent":0,"menu_order":0,"comment_status":"closed","ping_status":"closed","template":"","meta":{"_mi_skip_tracking":false,"footnotes":""},"class_list":["post-1349","page","type-page","status-publish","hentry"],"_links":{"self":[{"href":"https:\/\/www.estoniansociety.co.uk\/en\/wp-json\/wp\/v2\/pages\/1349","targetHints":{"allow":["GET"]}}],"collection":[{"href":"https:\/\/www.estoniansociety.co.uk\/en\/wp-json\/wp\/v2\/pages"}],"about":[{"href":"https:\/\/www.estoniansociety.co.uk\/en\/wp-json\/wp\/v2\/types\/page"}],"author":[{"embeddable":true,"href":"https:\/\/www.estoniansociety.co.uk\/en\/wp-json\/wp\/v2\/users\/1"}],"replies":[{"embeddable":true,"href":"https:\/\/www.estoniansociety.co.uk\/en\/wp-json\/wp\/v2\/comments?post=1349"}],"version-history":[{"count":5,"href":"https:\/\/www.estoniansociety.co.uk\/en\/wp-json\/wp\/v2\/pages\/1349\/revisions"}],"predecessor-version":[{"id":3410,"href":"https:\/\/www.estoniansociety.co.uk\/en\/wp-json\/wp\/v2\/pages\/1349\/revisions\/3410"}],"wp:attachment":[{"href":"https:\/\/www.estoniansociety.co.uk\/en\/wp-json\/wp\/v2\/media?parent=1349"}],"curies":[{"name":"wp","href":"https:\/\/api.w.org\/{rel}","templated":true}]}}