{"id":1343,"date":"2021-06-22T20:13:10","date_gmt":"2021-06-22T20:13:10","guid":{"rendered":"https:\/\/estoniansociety.co.uk\/?page_id=1343"},"modified":"2021-10-18T06:20:45","modified_gmt":"2021-10-18T06:20:45","slug":"les-rahvatantsijad-esinevad-naistefestivalil-mehelugu-08-12-06-2016","status":"publish","type":"page","link":"https:\/\/www.estoniansociety.co.uk\/en\/les-rahvatantsijad-esinevad-naistefestivalil-mehelugu-08-12-06-2016\/","title":{"rendered":"Arhiiv &#8211; 2016 &#8211; \u00dcritused &#8211; LES rahvatantsijad esinevad Naistefestivalil &#8220;Mehelugu&#8221;"},"content":{"rendered":"<p>&nbsp;<\/p>\n<hr \/>\n<p>&nbsp;<\/p>\n<h2 style=\"text-align: center;\">LES rahvatantsijad esinevad Naistefestivalil &#8220;Mehelugu&#8221;<\/h2>\n<p>&nbsp;<\/p>\n<p style=\"font-weight: 400;\"><span style=\"font-weight: 400;\">S\u00c4RTSAKAS RAHVATANTSUNEIDUDE SELTSKOND NAISFESTIVALIL J\u00d5GEVAL\u00a0 8 &#8211; 12 juunil 2016.\u00a0<\/span><\/p>\n<p style=\"font-weight: 400;\"><span style=\"font-weight: 400;\">Oli kolmap\u00e4ev, 8. Juuni, kui Londonist asus Eesti poole teele kari naisi. Neil oli kaasas 8 sinist p\u00e4rga, 8 Kiriv\u00f6\u00f6 lipsu ja 8 r\u00f5\u00f5msat naeratust, kuid 8 reha oli neid J\u00f5geval juba ootamas. See k\u00f5ik oli vajalik, et v\u00f5tta osa 12. juunil J\u00f5geval toimuvast II Eesti Naiste Tantsupeost \u2018Mehelugu\u2019.<\/span><\/p>\n<p style=\"font-weight: 400;\"><span style=\"font-weight: 400;\">Neiud v\u00f5ttis vastu ja v\u00f5\u00f5rustas kaunis Udu talu k\u00e4mpingumajake, Palamuse vallas, Kuremaa j\u00e4rve \u00e4\u00e4res. Pikemalt sisseseadmata alustasid naised tantsude l\u00e4biv\u00f5tmist. Iseenesest olid tantsud k\u00f5igil selged, kuid suur \u00e4revus ja n\u00e4rv vallutasid nii m\u00f5negi kaine m\u00f5istuse, muutes \u00f5pitu uduseks unustuseks. J\u00e4rgmise p\u00e4eva esimestel hommikutundidel suunduti v\u00e4lisr\u00fchmade \u00fclevaatusele, kus vormiti naiste metsikud h\u00fcpped kauniteks tantsusammudeks.<\/span><\/p>\n<p style=\"font-weight: 400;\"><span style=\"font-weight: 400;\">V\u00e4lisr\u00fchmadele toimusid p\u00f5nevad ekskursioonid J\u00f5gevamaal, kus n\u00e4idati p\u00f5randaleivakujulisi vooresid ja kuklikeste moodi m\u00f5hnasid. Samuti ei puudunud huvireisist Kuremaa tuulik, Palamuse koolipink ning apteegis pakutav Punsli eli. Viimane on k\u00f5ige laiemas t\u00e4henduses apteekri poolt valmistatud alkohoolne jook, mis algselt oli m\u00f5eldud haavade v\u00f5idmiseks, kuid hiljem hakati kasutama s\u00f6\u00f6giisu suurendaja ja s\u00fcgismasenduse peletajana. Palamuse apteeker seletas, et Toots olla seda kasutanud hoopis s\u00fcdamep\u00f6\u00f6rituse vastu. \u00a0Eritellimusel sai iga huviline endale isikliku pudeli soetada.<\/span><\/p>\n<p style=\"font-weight: 400;\"><span style=\"font-weight: 400;\">P\u00e4eva eredaim hetk kuulus siiski Kassinurme muinasalale. Sealne Hiiekoht on \u00fcks vanemaid p\u00fchakohti Eestimaal, kus hoitakse alal vanu rahvakombeid. Eesti Naiste Tantsupeo peakorraldaja Airi R\u00fctteri eestvedamisel sammuti p\u00e4ikesetantsu, \u00a0paitati Ohvrikivi, Naisekivi (emake Suur Loodus) \u00a0ja Armastusekivi. Igale kivile visati ainult temale omaseid teri proua Airi heade soovide saatel. K\u00f5ik tantsijad said ka oma soovid l\u00f5ngaga just teda k\u00f5netavale puule siduda. M\u00f5nel l\u00e4ks vaja ka mitut l\u00f5nga, sest soove oli ikka mitu. Hiie k\u00fclastus l\u00f5petati Maavanema palvega. \u00dcrgsed energiad maast talletatud, muinasaegsete esivanemate \u00f5nnistused kogutud, saadeti tantsijad vastu Naistetantsupeo v\u00e4ljakutsetele. <\/span><\/p>\n<p style=\"font-weight: 400;\"><span style=\"font-weight: 400;\">N\u00f5nda kiirelt oli k\u00e4tte j\u00f5udnud reede, mil lisaks Eesti v\u00e4lisr\u00fchmadele Kanadast, Inglismaalt, Iirimaalt, Luksemburgist, Soomest ja Norrast, liitusid ka Eestis tegutsevad 394 tantsur\u00fchma. Koos alustati edukate proovide l\u00e4biviimist. Paraku oli ilmal laup\u00e4evaks hoopis teine plaan. Nimelt kallas terve p\u00e4ev tugevat vihma, mis sundis k\u00f5ik ettevalmistamata tantsulised poodi kummikute j\u00e4rgi ruttama. L\u00f5una ajal ei olnud enam terve J\u00f5geva peal m\u00fc\u00fcgiks mitte \u00fchtegi paari vettpidavaid jalan\u00f5usid. Sel hetkel tuli kasuks Palamuse apteegist soetatud Punsli eli, mis vere kuumana ning silma s\u00e4ravana hoidis.<\/span><\/p>\n<p style=\"font-weight: 400;\"><span style=\"font-weight: 400;\">Kontsertp\u00e4eva saab kokku v\u00f5tta kui v\u00f5imsa ning eduka elamuse. Isegi p\u00e4ike ja \u00a0vikerkaar ilmusid s\u00fcndmust tunnustama. Suure hurraaga t\u00e4nasid Londoni tantsijad nende juhendajat Marje Viilu-t, kes hoolimata takistustele suutis naised \u00fchtse r\u00fchmana tantsima panna.<\/span><\/p>\n<p style=\"font-weight: 400;\"><span style=\"font-weight: 400;\">Uhkusega andis Marje oma kommentaari naiste esinemisele s6nadega \u2018v\u00f5imas\u2019, \u2018vapustav\u2019 ning \u2018silmapaistev\u2019. Ning silmapaistev ta t\u00f5epoolest ka oli, sest t\u00e4naseks on pakutud naistele v\u00f5imalusi v\u00f5tta osa noorte tantsupeost, Kihnu saare rahvatantsu \u00fcritustest ning ka Londoni pidudest.<\/span><\/p>\n<p style=\"font-weight: 400;\"><span style=\"font-weight: 400;\">Hoiame oma silmad ja k\u00f5rvad lahti, sest need naised v\u00f5ivad meid \u00fcllatada k\u00f5ige ootamatumates kohtades.<\/span><\/p>\n<p style=\"font-weight: 400;\"><strong>\u00a0<\/strong><\/p>\n<p style=\"font-weight: 400;\"><em><span style=\"font-weight: 400;\">Kirjutas Sirje Viilu<\/span><\/em><\/p>\n<p>&nbsp;<\/p>\n<p>&nbsp;<\/p>","protected":false},"excerpt":{"rendered":"<p>&nbsp; &nbsp; LES rahvatantsijad esinevad Naistefestivalil &#8220;Mehelugu&#8221; &nbsp; S\u00c4RTSAKAS RAHVATANTSUNEIDUDE SELTSKOND NAISFESTIVALIL J\u00d5GEVAL\u00a0 8 &#8211; 12 juunil 2016.\u00a0 Oli kolmap\u00e4ev, 8. Juuni, kui Londonist asus Eesti poole teele kari naisi. Neil oli kaasas 8 sinist p\u00e4rga, 8 Kiriv\u00f6\u00f6 lipsu ja 8 r\u00f5\u00f5msat naeratust, kuid 8 reha oli neid J\u00f5geval juba ootamas. See k\u00f5ik oli vajalik, &hellip;<\/p>\n<p class=\"read-more\"> <a class=\"\" href=\"https:\/\/www.estoniansociety.co.uk\/en\/les-rahvatantsijad-esinevad-naistefestivalil-mehelugu-08-12-06-2016\/\"> <span class=\"screen-reader-text\">Arhiiv &#8211; 2016 &#8211; \u00dcritused &#8211; LES rahvatantsijad esinevad Naistefestivalil &#8220;Mehelugu&#8221;<\/span> Read More &raquo;<\/a><\/p>","protected":false},"author":1,"featured_media":0,"parent":0,"menu_order":0,"comment_status":"closed","ping_status":"closed","template":"","meta":{"_mi_skip_tracking":false,"footnotes":""},"class_list":["post-1343","page","type-page","status-publish","hentry"],"_links":{"self":[{"href":"https:\/\/www.estoniansociety.co.uk\/en\/wp-json\/wp\/v2\/pages\/1343","targetHints":{"allow":["GET"]}}],"collection":[{"href":"https:\/\/www.estoniansociety.co.uk\/en\/wp-json\/wp\/v2\/pages"}],"about":[{"href":"https:\/\/www.estoniansociety.co.uk\/en\/wp-json\/wp\/v2\/types\/page"}],"author":[{"embeddable":true,"href":"https:\/\/www.estoniansociety.co.uk\/en\/wp-json\/wp\/v2\/users\/1"}],"replies":[{"embeddable":true,"href":"https:\/\/www.estoniansociety.co.uk\/en\/wp-json\/wp\/v2\/comments?post=1343"}],"version-history":[{"count":5,"href":"https:\/\/www.estoniansociety.co.uk\/en\/wp-json\/wp\/v2\/pages\/1343\/revisions"}],"predecessor-version":[{"id":5748,"href":"https:\/\/www.estoniansociety.co.uk\/en\/wp-json\/wp\/v2\/pages\/1343\/revisions\/5748"}],"wp:attachment":[{"href":"https:\/\/www.estoniansociety.co.uk\/en\/wp-json\/wp\/v2\/media?parent=1343"}],"curies":[{"name":"wp","href":"https:\/\/api.w.org\/{rel}","templated":true}]}}