{"id":1338,"date":"2021-06-22T20:11:05","date_gmt":"2021-06-22T20:11:05","guid":{"rendered":"https:\/\/estoniansociety.co.uk\/?page_id=1338"},"modified":"2021-10-18T06:19:45","modified_gmt":"2021-10-18T06:19:45","slug":"rahvatants-les-rahvatantsijad-esinevad-ii-eesti-naiste-tantsupeol-08-12-06-2016","status":"publish","type":"page","link":"https:\/\/www.estoniansociety.co.uk\/en\/rahvatants-les-rahvatantsijad-esinevad-ii-eesti-naiste-tantsupeol-08-12-06-2016\/","title":{"rendered":"Arhiiv &#8211; 2016 &#8211; \u00dcritused &#8211; LES rahvatantsijad esinevad II Eesti Naiste Tantsupeol"},"content":{"rendered":"<p>&nbsp;<\/p>\n<hr \/>\n<p>&nbsp;<\/p>\n<h2 style=\"font-weight: 400; text-align: center;\"><span style=\"font-weight: 400;\">Estonian Society\u2019s Folk Dance Group dances in Estonian Women\u2019s Dance Festival<\/span><\/h2>\n<p>&nbsp;<\/p>\n<p style=\"font-weight: 400;\">Oli kolmap\u00e4ev, 8. Juuni 2016, kui Londonist asus Eesti poole teele kari naisi. Neil oli kaasas 8 sinist p\u00e4rga, 8 Kiriv\u00f6\u00f6 lipsu ja 8 r\u00f5\u00f5msat naeratust, kuid 8 reha oli neid J\u00f5geval juba ootamas. See k\u00f5ik oli vajalik, et v\u00f5tta osa 12. juunil J\u00f5geval toimuvast II Eesti Naiste Tantsupeost \u2018Mehelugu\u2019.\u2026.<\/p>\n<p style=\"font-weight: 400;\"><a href=\"https:\/\/estoniansociety.co.uk\/index.php\/menu\/menu\/4\/ritused\">Loe l\u00e4hemalt\/ Read more..<\/a><\/p>\n<p style=\"font-weight: 400;\"><a href=\"http:\/\/londonieestlased.blogspot.co.uk\/2016\/06\/eesti-naistetantsupidu-mehelugu-ii-8-12.html\">Loe l\u00e4hemalt\/ Read more..<\/a><\/p>","protected":false},"excerpt":{"rendered":"<p>&nbsp; &nbsp; Estonian Society\u2019s Folk Dance Group dances in Estonian Women\u2019s Dance Festival &nbsp; Oli kolmap\u00e4ev, 8. Juuni 2016, kui Londonist asus Eesti poole teele kari naisi. Neil oli kaasas 8 sinist p\u00e4rga, 8 Kiriv\u00f6\u00f6 lipsu ja 8 r\u00f5\u00f5msat naeratust, kuid 8 reha oli neid J\u00f5geval juba ootamas. See k\u00f5ik oli vajalik, et v\u00f5tta osa &hellip;<\/p>\n<p class=\"read-more\"> <a class=\"\" href=\"https:\/\/www.estoniansociety.co.uk\/en\/rahvatants-les-rahvatantsijad-esinevad-ii-eesti-naiste-tantsupeol-08-12-06-2016\/\"> <span class=\"screen-reader-text\">Arhiiv &#8211; 2016 &#8211; \u00dcritused &#8211; LES rahvatantsijad esinevad II Eesti Naiste Tantsupeol<\/span> Read More &raquo;<\/a><\/p>","protected":false},"author":1,"featured_media":0,"parent":0,"menu_order":0,"comment_status":"closed","ping_status":"closed","template":"","meta":{"_mi_skip_tracking":false,"footnotes":""},"class_list":["post-1338","page","type-page","status-publish","hentry"],"_links":{"self":[{"href":"https:\/\/www.estoniansociety.co.uk\/en\/wp-json\/wp\/v2\/pages\/1338","targetHints":{"allow":["GET"]}}],"collection":[{"href":"https:\/\/www.estoniansociety.co.uk\/en\/wp-json\/wp\/v2\/pages"}],"about":[{"href":"https:\/\/www.estoniansociety.co.uk\/en\/wp-json\/wp\/v2\/types\/page"}],"author":[{"embeddable":true,"href":"https:\/\/www.estoniansociety.co.uk\/en\/wp-json\/wp\/v2\/users\/1"}],"replies":[{"embeddable":true,"href":"https:\/\/www.estoniansociety.co.uk\/en\/wp-json\/wp\/v2\/comments?post=1338"}],"version-history":[{"count":4,"href":"https:\/\/www.estoniansociety.co.uk\/en\/wp-json\/wp\/v2\/pages\/1338\/revisions"}],"predecessor-version":[{"id":5745,"href":"https:\/\/www.estoniansociety.co.uk\/en\/wp-json\/wp\/v2\/pages\/1338\/revisions\/5745"}],"wp:attachment":[{"href":"https:\/\/www.estoniansociety.co.uk\/en\/wp-json\/wp\/v2\/media?parent=1338"}],"curies":[{"name":"wp","href":"https:\/\/api.w.org\/{rel}","templated":true}]}}