{"id":1329,"date":"2021-06-22T20:07:15","date_gmt":"2021-06-22T20:07:15","guid":{"rendered":"https:\/\/estoniansociety.co.uk\/?page_id=1329"},"modified":"2021-10-18T06:20:30","modified_gmt":"2021-10-18T06:20:30","slug":"rahvatants-les-i-rahvatantsijad-tantsivad-kikapuud-29-aprill-2016-video","status":"publish","type":"page","link":"https:\/\/www.estoniansociety.co.uk\/en\/rahvatants-les-i-rahvatantsijad-tantsivad-kikapuud-29-aprill-2016-video\/","title":{"rendered":"Arhiiv &#8211; 2016 &#8211; \u00dcritused &#8211; LES-i rahvatantsijad tantsivad &#8220;Kikapuud&#8221;"},"content":{"rendered":"<p>&nbsp;<\/p>\n<hr \/>\n<p>&nbsp;<\/p>\n<p>&nbsp;<\/p>\n<h2 style=\"font-weight: 400; text-align: center;\"><span style=\"font-weight: 400;\">LES-i rahvatantsijad keerutasid Londoni t\u00e4navatel jalga<\/span><\/h2>\n<p style=\"font-weight: 400;\"><span style=\"font-weight: 400;\">Rahvusvahelisel tantsup\u00e4eval, 29. aprillil korraldasid Londoni Eesti Seltsi (LES) rahvatantsu Naisr\u00fchma \u00a0tantsijad \u00a0\u00fche erakordse p\u00e4eva \u00a0Londonis. Tantsiti eesti rahvatantse, tehti pilte ja videosid \u00a0ning tutvustati m\u00f6\u00f6dak\u00e4ijatele Eestit ja meie kombeid.<\/span><\/p>\n<div class=\"ast-oembed-container\"><iframe loading=\"lazy\" title=\"Rahvusvaheline tantsup\u00e4ev 2016 - &quot;Kikapuu&quot; by Estonian Society Folk Dance in London\" width=\"500\" height=\"281\" src=\"https:\/\/www.youtube.com\/embed\/g5FzPW5daIo?feature=oembed\" frameborder=\"0\" allow=\"accelerometer; autoplay; clipboard-write; encrypted-media; gyroscope; picture-in-picture; web-share\" referrerpolicy=\"strict-origin-when-cross-origin\" allowfullscreen><\/iframe><\/div>\n<p style=\"font-weight: 400;\"><span style=\"font-weight: 400;\">Eesti tantse demonstreeriti mitmetes paikades: Waterloo jaamas, Trafalgar Square\u2019il, Tower Bridge l\u00e4histel, Millenium Bridge\u2019il, Londoni metroos ja mujalgi. P\u00e4eva jooksul kandsid neiud nii eesti rahvariideid kui ka stiliseeritud \u00fchiskost\u00fc\u00fcme, millele ainulaadsuse annab KIRIVOO lipsude kandmine. Hommik algas Waterloo jaama ootesaalis v\u00e4ikese soojendusega ning pildisessioonidega. Siis jalutati Tower Bridge\u2019i juurest m\u00f6\u00f6da Thames\u2019i l\u00f5unakallast Millenium Bridge\u2019ini, kus silla keskel tantsiti r\u00f5\u00f5msalt \u201cKaera-Jaani\u201d. Aprillikuu ilm oli m\u00f5nusalt londonlik: hommikul paistis kaunilt soe p\u00e4ike, siis sadas vihma, mis muutus raheteradeks ning l\u00f5una ajal oli taas p\u00e4iksepaisteline ilm. \u00d5nneks olid neidudel vihmavarjud kaasas, mida neil oli plaanis kasutatada tantsus \u00a0&#8220;Heinalised&#8221;, ja n\u00fc\u00fcd kulusid \u00a0need marjaks \u00e4ra.<\/span><\/p>\n<p style=\"font-weight: 400;\"><span style=\"font-weight: 400;\">Trafalger Square\u2019il toimus nn pea\u00fcritus. See koht sai valitud mitmel p\u00f5hjusel. \u00a0Seal tehti videosalvestus rahvusvahelise tantsup\u00e4eva Eesti Rahvatantsu- ja Rahvamuusika Seltsi (ERRS) korraldatud konkursi tarbeks. Nimelt igal aastal ERRS valib \u00a0\u00fche eesti tantsu, mille \u00f5petus on eelnevalt kodulehele tutvumiseks lisatud. See lugu m\u00e4ngitakse 29.aprillil kell 13.10. Eesti aja j\u00e4rgi raadios ette ning t\u00e4nu interneti v\u00f5imalustele saavad \u00fcle maailma k\u00f5ik tantsus\u00f5brad kaasa tantsida. LES-i s\u00fcdikate neidude hoogne ning nakatav \u201cKikapuu\u201d \u00a0kutsus isegi \u00a0m\u00f6\u00f6dak\u00e4ijad tantsima. Sammud \u00f5piti kiirelt ja lustlikul meelel lisati juurde kasv\u00f5i breiktantsu liigutusi.<\/span><\/p>\n<p style=\"font-weight: 400;\"><span style=\"font-weight: 400;\">Teiseks p\u00f5nevaks tegevuseks oli pildistamine. Pildistati grupipilte, kuid huvitavamaks projektiks oli Aili Eistrati ammuse foto taaslavastamine &#8211; nimelt tantsis tolleaegne Londoni Eesti Seltsi Rahvatantsur\u00fchm Trafalgar Squarel 70datel aastatel tuhandetele pealtvaatajatele. Aili Eistrat oli rahvatantsu eestvedajaks Londonis 1950-1990ndadatel. \u00a0L\u00f5busaks tegi pildistamise ka seik, kus kohalik korravalvur ajas neidusid pildiposeerimistelt laiali teatega, et \u201cneiud on liiga ilusad ja seega tekitavad rahvaummikuid\u201d.<\/span><\/p>\n<p style=\"font-weight: 400;\"><span style=\"font-weight: 400;\">K\u00f5ige t\u00e4htsam s\u00fcndmus oli otseloomulikult Eesti Naiste Tantsupeo kavaga esinemine. Publik kogunes National Gallery esisel platsil kiiresti tantsijate \u00a0\u00fcmber, elati kaasa \u00a0ning aplaus oli suur. Tantsijad j\u00e4id uutmoodi kogemusega v\u00e4ga rahule.<\/span><\/p>\n<p style=\"font-weight: 400;\"><span style=\"font-weight: 400;\">Kogu etteastet j\u00e4\u00e4dvustas pildile ja videole Ott-Erik Eendra, kes on Londonis alustavast video produktsiooni br\u00e4ndist JustFilmin. P\u00e4eva helitehnik oli Petten Veevo, kes on juba mitmetel eelnevatel Seltsi pidudel aidanud professionaalsed helilised lahendused leida.<\/span><\/p>\n<p style=\"font-weight: 400;\"><span style=\"font-weight: 400;\">LES-i rahvatantsur\u00fchma alla kuuluvad naisr\u00fchm ja segar\u00fchm. Proove tehakse regulaarselt kaks korda kuus. Rahvatantsijad esinevad LES-i \u00fcritustel ja festivalidel. \u00a0Sel hooajal valmistab LES naisr\u00fchm ette repertuaari naiste tantsupeole \u201cMehelugu\u201d,mis toimub J\u00f5geval 12. Juunil 2016. LES Segar\u00fchm harjutab p\u00e4rimustantse BALTICA Festivali jaoks, mis toimub Kihnu saarel 22 -24. Juunil 2016.<\/span><\/p>\n<p style=\"font-weight: 400;\"><span style=\"font-weight: 400;\">J\u00e4rgmine kord on v\u00f5imalik LES-i rahvatantsijaid n\u00e4ha juba 4. juunil eestlaste jaanipeol Londonis. Tujuk\u00fcllased videod rahvusvahelisest \u00a0tantsup\u00e4evast ja info rahvatantsijate j\u00e4rgnevate tegevuse kohta on \u00fcleval rahvatansijate facebooki lehel. Otsige \u00a0nime alt<\/span><a href=\"http:\/\/www.facebook.com\/ESTONIANFOLKS\"><span style=\"font-weight: 400;\"> www.facebook.com\/ESTONIANFOLKS<\/span><\/a><span style=\"font-weight: 400;\">. Rahvatantsude eestvedaja Londonis on Marje Viilu.<\/span><\/p>\n<p style=\"font-weight: 400;\"><strong>\u00a0<\/strong><\/p>\n<p style=\"font-weight: 400;\"><em><span style=\"font-weight: 400;\">Kirjutas Evelin Siilak<\/span><\/em><\/p>\n<p>&nbsp;<\/p>","protected":false},"excerpt":{"rendered":"<p>&nbsp; &nbsp; &nbsp; LES-i rahvatantsijad keerutasid Londoni t\u00e4navatel jalga Rahvusvahelisel tantsup\u00e4eval, 29. aprillil korraldasid Londoni Eesti Seltsi (LES) rahvatantsu Naisr\u00fchma \u00a0tantsijad \u00a0\u00fche erakordse p\u00e4eva \u00a0Londonis. Tantsiti eesti rahvatantse, tehti pilte ja videosid \u00a0ning tutvustati m\u00f6\u00f6dak\u00e4ijatele Eestit ja meie kombeid. Eesti tantse demonstreeriti mitmetes paikades: Waterloo jaamas, Trafalgar Square\u2019il, Tower Bridge l\u00e4histel, Millenium Bridge\u2019il, Londoni metroos &hellip;<\/p>\n<p class=\"read-more\"> <a class=\"\" href=\"https:\/\/www.estoniansociety.co.uk\/en\/rahvatants-les-i-rahvatantsijad-tantsivad-kikapuud-29-aprill-2016-video\/\"> <span class=\"screen-reader-text\">Arhiiv &#8211; 2016 &#8211; \u00dcritused &#8211; LES-i rahvatantsijad tantsivad &#8220;Kikapuud&#8221;<\/span> Read More &raquo;<\/a><\/p>","protected":false},"author":1,"featured_media":0,"parent":0,"menu_order":0,"comment_status":"closed","ping_status":"closed","template":"","meta":{"_mi_skip_tracking":false,"footnotes":""},"class_list":["post-1329","page","type-page","status-publish","hentry"],"_links":{"self":[{"href":"https:\/\/www.estoniansociety.co.uk\/en\/wp-json\/wp\/v2\/pages\/1329","targetHints":{"allow":["GET"]}}],"collection":[{"href":"https:\/\/www.estoniansociety.co.uk\/en\/wp-json\/wp\/v2\/pages"}],"about":[{"href":"https:\/\/www.estoniansociety.co.uk\/en\/wp-json\/wp\/v2\/types\/page"}],"author":[{"embeddable":true,"href":"https:\/\/www.estoniansociety.co.uk\/en\/wp-json\/wp\/v2\/users\/1"}],"replies":[{"embeddable":true,"href":"https:\/\/www.estoniansociety.co.uk\/en\/wp-json\/wp\/v2\/comments?post=1329"}],"version-history":[{"count":5,"href":"https:\/\/www.estoniansociety.co.uk\/en\/wp-json\/wp\/v2\/pages\/1329\/revisions"}],"predecessor-version":[{"id":5747,"href":"https:\/\/www.estoniansociety.co.uk\/en\/wp-json\/wp\/v2\/pages\/1329\/revisions\/5747"}],"wp:attachment":[{"href":"https:\/\/www.estoniansociety.co.uk\/en\/wp-json\/wp\/v2\/media?parent=1329"}],"curies":[{"name":"wp","href":"https:\/\/api.w.org\/{rel}","templated":true}]}}