{"id":1322,"date":"2021-06-22T20:02:40","date_gmt":"2021-06-22T20:02:40","guid":{"rendered":"https:\/\/estoniansociety.co.uk\/?page_id=1322"},"modified":"2021-10-18T06:18:54","modified_gmt":"2021-10-18T06:18:54","slug":"rahvatants-29-aprill-2017-rahvusvaheline-tantsupaev-londonis","status":"publish","type":"page","link":"https:\/\/www.estoniansociety.co.uk\/en\/rahvatants-29-aprill-2017-rahvusvaheline-tantsupaev-londonis\/","title":{"rendered":"Arhiiv &#8211; 2016 &#8211; \u00dcritused &#8211; Rahvusvaheline Tantsup\u00e4ev Londonis"},"content":{"rendered":"<p>&nbsp;<\/p>\n<hr \/>\n<h2 style=\"text-align: center;\">Rahvusvaheline Tantsup\u00e4ev Londonis<\/h2>\n<p>&nbsp;<\/p>\n<p>Tantsijad ja k\u00f5ik huvilised jalutasid ja tantsisid m\u00f6\u00f6da Londoni t\u00e4navaid: Trafalgar Square, Leicester Square, St James Park.<\/p>\n<p>Pargis tantsiti ERRS&#8217;i poolt v\u00e4ljakuulutatud v\u00f5istutants &#8220;\u00d5igem ja vasempa&#8221; videole.<\/p>\n<p>Rohkem infot \u00fcrituse kohta\u00a0<a href=\"https:\/\/www.facebook.com\/events\/398686173830943\/?active_tab=discussion\" target=\"_blank\" rel=\"noopener\">Facebooki lehel!<\/a>\u00a0 ja vaata<a href=\"https:\/\/www.youtube.com\/watch?v=VxpKUvQUNxQ\" target=\"_blank\" rel=\"noopener\">\u00a0VIDEOT siit!<\/a>\u00a0 Lugege \u00fcrituse kohta l\u00e4hemalt Estonian Folks International \u00a0<a href=\"http:\/\/www.estonianfolks.com\/menu\/12\/eng\" target=\"_blank\" rel=\"noopener\">KODULEHELT!\u00a0<\/a><\/p>\n<p>&nbsp;<\/p>\n<p>&nbsp;<\/p>","protected":false},"excerpt":{"rendered":"<p>&nbsp; Rahvusvaheline Tantsup\u00e4ev Londonis &nbsp; Tantsijad ja k\u00f5ik huvilised jalutasid ja tantsisid m\u00f6\u00f6da Londoni t\u00e4navaid: Trafalgar Square, Leicester Square, St James Park. Pargis tantsiti ERRS&#8217;i poolt v\u00e4ljakuulutatud v\u00f5istutants &#8220;\u00d5igem ja vasempa&#8221; videole. Rohkem infot \u00fcrituse kohta\u00a0Facebooki lehel!\u00a0 ja vaata\u00a0VIDEOT siit!\u00a0 Lugege \u00fcrituse kohta l\u00e4hemalt Estonian Folks International \u00a0KODULEHELT!\u00a0 &nbsp; &nbsp;<\/p>","protected":false},"author":1,"featured_media":0,"parent":0,"menu_order":0,"comment_status":"closed","ping_status":"closed","template":"","meta":{"_mi_skip_tracking":false,"footnotes":""},"class_list":["post-1322","page","type-page","status-publish","hentry"],"_links":{"self":[{"href":"https:\/\/www.estoniansociety.co.uk\/en\/wp-json\/wp\/v2\/pages\/1322","targetHints":{"allow":["GET"]}}],"collection":[{"href":"https:\/\/www.estoniansociety.co.uk\/en\/wp-json\/wp\/v2\/pages"}],"about":[{"href":"https:\/\/www.estoniansociety.co.uk\/en\/wp-json\/wp\/v2\/types\/page"}],"author":[{"embeddable":true,"href":"https:\/\/www.estoniansociety.co.uk\/en\/wp-json\/wp\/v2\/users\/1"}],"replies":[{"embeddable":true,"href":"https:\/\/www.estoniansociety.co.uk\/en\/wp-json\/wp\/v2\/comments?post=1322"}],"version-history":[{"count":5,"href":"https:\/\/www.estoniansociety.co.uk\/en\/wp-json\/wp\/v2\/pages\/1322\/revisions"}],"predecessor-version":[{"id":5744,"href":"https:\/\/www.estoniansociety.co.uk\/en\/wp-json\/wp\/v2\/pages\/1322\/revisions\/5744"}],"wp:attachment":[{"href":"https:\/\/www.estoniansociety.co.uk\/en\/wp-json\/wp\/v2\/media?parent=1322"}],"curies":[{"name":"wp","href":"https:\/\/api.w.org\/{rel}","templated":true}]}}