{"id":1316,"date":"2021-06-22T19:54:05","date_gmt":"2021-06-22T19:54:05","guid":{"rendered":"https:\/\/estoniansociety.co.uk\/?page_id=1316"},"modified":"2021-07-05T12:31:10","modified_gmt":"2021-07-05T12:31:10","slug":"rahvatants-les-rahvatantsu-tegemistest","status":"publish","type":"page","link":"https:\/\/www.estoniansociety.co.uk\/en\/rahvatants-les-rahvatantsu-tegemistest\/","title":{"rendered":"Seltsist &#8211; Rahvatants &#8211; LES Rahvatantsu Tegemistest"},"content":{"rendered":"<p dir=\"ltr\">\n<hr \/>\n<p dir=\"ltr\">\n<h2 dir=\"ltr\" style=\"text-align: center;\">LES Rahvatantsu Tegemistest<\/h2>\n<p dir=\"ltr\">\n<p dir=\"ltr\">Rahvatantsugrupp esineb \u00a0iga-aastastel traditsioonilistel LES-i poolt korraldatud \u00a0Eesti kultuuri\u00fcritustel Londonis: Eesti Vabariigi aastap\u00e4eva kontsert, \u00a0Jaanip\u00e4ev, \u00a0Londoni Eesti Seltsi J\u00f5ulupidu.<\/p>\n<p dir=\"ltr\">Esinemine tantsufestivalidel:<\/p>\n<p dir=\"ltr\">\u00b72-days Dance \u00a0Festival \u201eDance Around the World\u201c Londonis. Eesti esindamine. 2013, 2014, 2015<\/p>\n<p dir=\"ltr\">\u00b7 XIX Tanstupidu \u201cAja puudutus. Puudutuse aeg.\u201d 2014. Segar\u00fchm. V\u00e4lis-Eesti grupid. Marje Viilu juhendamisel<\/p>\n<p dir=\"ltr\">&#8211; II Naiste Tantsupidu \u201cMehelugu\u201d. 2016. Naisr\u00fchm. V\u00e4lis-Eesti grupid. Marje Viilu juhendamisel.<\/p>\n<p dir=\"ltr\">Teiste organisatsioonide poolt kutsutud esinemised:<\/p>\n<p dir=\"ltr\">Esinemine Gudrun Sjoden Design Boutique\u2019is uue r\u00f5ivakollektsiooni esitlusel. 2013, Skandinaavia turul. 2013, \u00a0Esinemine Inglismaa Kaitsev\u00e4e r\u00fcgemendi Perep\u00e4eval Swindon\u2019is. 2013, 2014.<\/p>\n<p dir=\"ltr\">Projektid:<\/p>\n<p dir=\"ltr\">-\u201eLondoni Eesti Seltsi Rahvatantsur\u00fchma harjutamine XIX Tantsupeoks\u201c 2014.<\/p>\n<p dir=\"ltr\">&#8211; \u201eERRS p\u00e4rimustantsu spetsialistide k\u00fclalisesinemine Angela Arraste juhtimisel koos rahvatantsugrupiga \u00a0festivalil \u201eDance Around the World\u201c,. Festivalile eelnes koos proovip\u00e4ev \u00a0ja j\u00e4rgnes pidulik kultuuri\u00f5htu Eesti Majas. Peak\u00fclalisteks kultuurin\u00f5unik Eesti Saatkonnast Londonis \u2013 Kirsti Kirs ja LES Rahvatantsur\u00fchma ammune ja kauaaegne tantsujuhendaja Aili Eistrad.<\/p>\n<p dir=\"ltr\">\u00b7 \u00a0Rahvusvaheline tantsup\u00e4ev 29. Aprill 2016 &#8211; &#8220;Kikapuu&#8221; tantsimine Trafalgar Squarel. Video lindistus ERRSi konkursi jaoks. R\u00fchm p\u00e4lvis tiitli \u201cK\u00f5ige s\u00e4rtsakam esinemine\u201d.<\/p>\n<p dir=\"ltr\">Vaata esinemist <a href=\"https:\/\/www.youtube.com\/watch?v=g5FzPW5daIo&amp;feature=youtu.be\">siit!<\/a><\/p>\n<p dir=\"ltr\">Rahvatantsur\u00fchm kajastatud meedias:<\/p>\n<p dir=\"ltr\">UK Kohalikus lehes \u201eEesti H\u00e4\u00e4l\u201c:<\/p>\n<p dir=\"ltr\">\u201eLondoni Eesti Seltsi Rahvatants\u201c m\u00e4rts, 2014. (kirjutas Evelin Siilak)<\/p>\n<p dir=\"ltr\">\u201eRahvatantsu t\u00e4is n\u00e4dalvahetus Londonis. 23-25.okt\u201c november, 2015 (kirjutas Evelin Siilak)<\/p>\n<p dir=\"ltr\">\u201cNaistetantsupidu J\u00f5geval\u201d. Juuli 2016 (kirjutas Sirje Viilu)<\/p>\n<p dir=\"ltr\">Postimees video:<\/p>\n<p dir=\"ltr\"><a href=\"http:\/\/elu24.postimees.ee\/2847361\/eestlannast-partner-toi-londoni-mehe-tuljakuga-tantsumurule\">http:\/\/elu24.postimees.ee\/2847361\/eestlannast-partner-toi-londoni-mehe-tuljakuga-tantsumurule<\/a><\/p>\n<p dir=\"ltr\">Interjuu Vikerraadios. Eetris: juuni. 2014.<\/p>\n<p dir=\"ltr\">PROMOVIDEO:<\/p>\n<p dir=\"ltr\">Justfilmin\u2019i poolt tehtud promovideo LES rahvatants\u00fcr\u00fchmale (2016): \u00a0<a href=\"https:\/\/www.youtube.com\/watch?feature=youtu.be&amp;v=L9Zne2PoiI0&amp;app=desktop\">\u201cEstonian girls in London.\u201d<\/a><\/p>\n<p>&nbsp;<\/p>","protected":false},"excerpt":{"rendered":"<p>LES Rahvatantsu Tegemistest Rahvatantsugrupp esineb \u00a0iga-aastastel traditsioonilistel LES-i poolt korraldatud \u00a0Eesti kultuuri\u00fcritustel Londonis: Eesti Vabariigi aastap\u00e4eva kontsert, \u00a0Jaanip\u00e4ev, \u00a0Londoni Eesti Seltsi J\u00f5ulupidu. Esinemine tantsufestivalidel: \u00b72-days Dance \u00a0Festival \u201eDance Around the World\u201c Londonis. Eesti esindamine. 2013, 2014, 2015 \u00b7 XIX Tanstupidu \u201cAja puudutus. Puudutuse aeg.\u201d 2014. Segar\u00fchm. V\u00e4lis-Eesti grupid. Marje Viilu juhendamisel &#8211; II Naiste Tantsupidu &hellip;<\/p>\n<p class=\"read-more\"> <a class=\"\" href=\"https:\/\/www.estoniansociety.co.uk\/en\/rahvatants-les-rahvatantsu-tegemistest\/\"> <span class=\"screen-reader-text\">Seltsist &#8211; Rahvatants &#8211; LES Rahvatantsu Tegemistest<\/span> Read More &raquo;<\/a><\/p>","protected":false},"author":1,"featured_media":0,"parent":0,"menu_order":0,"comment_status":"closed","ping_status":"closed","template":"","meta":{"_mi_skip_tracking":false,"footnotes":""},"class_list":["post-1316","page","type-page","status-publish","hentry"],"_links":{"self":[{"href":"https:\/\/www.estoniansociety.co.uk\/en\/wp-json\/wp\/v2\/pages\/1316","targetHints":{"allow":["GET"]}}],"collection":[{"href":"https:\/\/www.estoniansociety.co.uk\/en\/wp-json\/wp\/v2\/pages"}],"about":[{"href":"https:\/\/www.estoniansociety.co.uk\/en\/wp-json\/wp\/v2\/types\/page"}],"author":[{"embeddable":true,"href":"https:\/\/www.estoniansociety.co.uk\/en\/wp-json\/wp\/v2\/users\/1"}],"replies":[{"embeddable":true,"href":"https:\/\/www.estoniansociety.co.uk\/en\/wp-json\/wp\/v2\/comments?post=1316"}],"version-history":[{"count":3,"href":"https:\/\/www.estoniansociety.co.uk\/en\/wp-json\/wp\/v2\/pages\/1316\/revisions"}],"predecessor-version":[{"id":3449,"href":"https:\/\/www.estoniansociety.co.uk\/en\/wp-json\/wp\/v2\/pages\/1316\/revisions\/3449"}],"wp:attachment":[{"href":"https:\/\/www.estoniansociety.co.uk\/en\/wp-json\/wp\/v2\/media?parent=1316"}],"curies":[{"name":"wp","href":"https:\/\/api.w.org\/{rel}","templated":true}]}}