{"id":1310,"date":"2021-06-22T19:49:41","date_gmt":"2021-06-22T19:49:41","guid":{"rendered":"https:\/\/estoniansociety.co.uk\/?page_id=1310"},"modified":"2021-06-22T20:46:32","modified_gmt":"2021-06-22T20:46:32","slug":"rahvatants-ajalugu","status":"publish","type":"page","link":"https:\/\/www.estoniansociety.co.uk\/en\/rahvatants-ajalugu\/","title":{"rendered":"Seltsist &#8211; Rahvatants &#8211; Ajalugu"},"content":{"rendered":"<p style=\"font-weight: 400;\"><b>Rahvatantsur\u00fchma ajalgu 1943-2011 <\/b><\/p>\n<p style=\"font-weight: 400;\"><span style=\"font-weight: 400;\">1943.a. Loodi Londoni Eesti Seltsi juurde alaline rahvatantsur\u00fchm (algselt Rahvatantsu Grupp ehk Trupp). Sama aasta septembris Manchesteris aset leidnud rahvusvahelisel n\u00e4itusel ja oktoobis peetud Eesti-L\u00e4ti-Leedu konverentsil tantsides sai Seltsi rahvatantsugrupp suure menu osaliseks. Grupi parimatel aegadel 1944-46 ulatus r\u00fchma liikmete arv kuni 25 erinevas vanuses tantsijani ja harjutused toimusid igal n\u00e4dalal. Aastatel 1946 \u2013 48 oli tantsijaid 5 paari ning 1949.a. 8 paari jagu.<\/span><\/p>\n<ol start=\"1950\">\n<li style=\"font-weight: 400;\"><span style=\"font-weight: 400;\"> aastal alanud reisipalavik, mis haaras paljusid Inglismaal elavaid eestlasi, m\u00f5jutas ka \u00fchiskondlikku tegevust. Seltsi rahvatantsur\u00fchma j\u00e4i alles vaid 3 paari tantsijaid ja pillimees, kes hoidsid traditsiooni alal ning p\u00fc\u00fcdsid rahvatantsur\u00fchma j\u00e4tkamiseks uusi liikmeid juurde tuua.<\/span><\/li>\n<\/ol>\n<p style=\"font-weight: 400;\"><span style=\"font-weight: 400;\">J\u00e4rjekindlalt v\u00f5eti osa k\u00f5igist \u00fcleriigilistest Eesti laulu- ehk suvep\u00e4evadest ning aastast 1953 tantsiti rahvusvahelistel rahvatantsupidustustel Royal Alber Hall&#8217;is ning oldi ka nende korraldajate hulgas. LESi rahvatantsur\u00fchm on peale Inglismaa k\u00e4inud esinemas ka Dublinis Iirimaal ning muuhulgas on seda kutsutud esinema Victoria Crossi 100 aasta juubelile. Esinetud on ka teiste rahvaste pidudel ja v\u00f5istlustel, kust on saadud auhindu ja autunnistusi.<\/span><\/p>\n<p style=\"font-weight: 400;\"><span style=\"font-weight: 400;\">L\u00e4bi aegade toimunud rahvatantsur\u00fchma sagedased esinemised igal aastal ja mitmetuhandelise publiku ees nii eraldi kui koos teiste rahvaste tantsijatega on Eesti hea nime ning kultuuri tutvustamisele Suurbritannias palju kaasa aidanud.<\/span><\/p>\n<p style=\"font-weight: 400;\"><strong>\u00a0<\/strong><\/p>\n<ol start=\"1990\">\n<li style=\"font-weight: 400;\"><span style=\"font-weight: 400;\"> -2010. aastad t\u00e4is ootamatusi ja uuendusi ning rahvatants j\u00e4i vaikselt ootele.<\/span><\/li>\n<\/ol>\n<p style=\"font-weight: 400;\"><b>Rahvatantsur\u00fchm taasalustamine 2011 a.<\/b><\/p>\n<p style=\"font-weight: 400;\"><span style=\"font-weight: 400;\">Aasta varem, peale aastatepikkust pausi uuesti tegutsema hakanud LESi laulukoori liikmete hulgas leidus neid, kes laulmise k\u00f5rval ka meeleldi jalga keerutanuks. Veebruaris 2011 Londoni Eesti Seltsi ja Londoni Eesti Gildi \u00fchisel peakorraldamisel Eesti Vabariigi 93. aastap\u00e4eva t\u00e4histamiseks tantsugrupi lavale toomise m\u00f5te sai viimaseks t\u00f5ukeks rahvatantsur\u00fchma taasloomiseks. <\/span><\/p>\n<p style=\"font-weight: 400;\"><span style=\"font-weight: 400;\">Westminster Cathedral Hall&#8217;i kodumaa s\u00fcnnip\u00e4evaks esinema veel ei j\u00f5utud, kuid alates 2011 m\u00e4rtsikuust on r\u00fchm regulaarselt L\u00e4ti Majas koos k\u00e4inud.<\/span><\/p>\n<p style=\"font-weight: 400;\"><span style=\"font-weight: 400;\">Uudis rahvatantsuliikumise uuest \u00e4rkamisest Londonis j\u00f5udis ka Kesk-Inglismaale, kus leidis v\u00e4ga positiivse vastukaja IES Tuleviku poolt v\u00e4lja pakutud rahvatantsur\u00fchma k\u00fcllakutse ja koost\u00f6\u00f6pakkumise n\u00e4ol, mis ka heal meelel vastu v\u00f5eti. 2011 a. mai l\u00f5pul toimuski \u00fchine rahvatantsu <\/span><i><span style=\"font-weight: 400;\">workshop<\/span><\/i><span style=\"font-weight: 400;\">, mis kulmineerus k\u00fcllakutsuja &#8211; IES Tuleviku &#8211; piduliku aastap\u00e4eva\u00f5htus\u00f6\u00f6giga.<\/span><\/p>\n<p style=\"font-weight: 400;\"><span style=\"font-weight: 400;\">Esimene avalik \u00fclesastumine leidis aset 2011 a. juunikuus Beckenhamis Londoni eestlaste jaanipeol.<\/span><\/p>\n<p style=\"font-weight: 400;\"><strong>\u00a0<\/strong><\/p>\n<p style=\"font-weight: 400;\"><b>Ajalugu 2012- t\u00e4nap\u00e4ev<\/b><\/p>\n<p style=\"font-weight: 400;\"><span style=\"font-weight: 400;\">LOE: artikkel: Rahvatantsur\u00fchma tegemised<\/span><\/p>\n<p style=\"font-weight: 400;\"><strong>\u00a0<\/strong><\/p>\n<p style=\"font-weight: 400;\"><b>LES Rahvatantsur\u00fchma juhendajad.<\/b><\/p>\n<p style=\"font-weight: 400;\"><span style=\"font-weight: 400;\">Veera \u00d5unapuu (1943-46), Arved Viirlaid<\/span>\u00a0<span style=\"font-weight: 400;\">(1946-49), Aili Eistrat (1947-1990ndad), Karin Eistrat (1980ndad). <\/span><\/p>\n<p style=\"font-weight: 400;\"><span style=\"font-weight: 400;\">2011 aastal: Liisi Paju, Kirke-Liis Mikk, Liis Karbe (2012-2013) ja alates aastast 2014 on LESi rahvatantsur\u00fchmalde eestvedaja Marje Remmet (end Viilu).<\/span><\/p>","protected":false},"excerpt":{"rendered":"<p>Rahvatantsur\u00fchma ajalgu 1943-2011 1943.a. Loodi Londoni Eesti Seltsi juurde alaline rahvatantsur\u00fchm (algselt Rahvatantsu Grupp ehk Trupp). Sama aasta septembris Manchesteris aset leidnud rahvusvahelisel n\u00e4itusel ja oktoobis peetud Eesti-L\u00e4ti-Leedu konverentsil tantsides sai Seltsi rahvatantsugrupp suure menu osaliseks. Grupi parimatel aegadel 1944-46 ulatus r\u00fchma liikmete arv kuni 25 erinevas vanuses tantsijani ja harjutused toimusid igal n\u00e4dalal. Aastatel &hellip;<\/p>\n<p class=\"read-more\"> <a class=\"\" href=\"https:\/\/www.estoniansociety.co.uk\/en\/rahvatants-ajalugu\/\"> <span class=\"screen-reader-text\">Seltsist &#8211; Rahvatants &#8211; Ajalugu<\/span> Read More &raquo;<\/a><\/p>","protected":false},"author":1,"featured_media":0,"parent":0,"menu_order":0,"comment_status":"closed","ping_status":"closed","template":"","meta":{"_mi_skip_tracking":false,"footnotes":""},"class_list":["post-1310","page","type-page","status-publish","hentry"],"_links":{"self":[{"href":"https:\/\/www.estoniansociety.co.uk\/en\/wp-json\/wp\/v2\/pages\/1310","targetHints":{"allow":["GET"]}}],"collection":[{"href":"https:\/\/www.estoniansociety.co.uk\/en\/wp-json\/wp\/v2\/pages"}],"about":[{"href":"https:\/\/www.estoniansociety.co.uk\/en\/wp-json\/wp\/v2\/types\/page"}],"author":[{"embeddable":true,"href":"https:\/\/www.estoniansociety.co.uk\/en\/wp-json\/wp\/v2\/users\/1"}],"replies":[{"embeddable":true,"href":"https:\/\/www.estoniansociety.co.uk\/en\/wp-json\/wp\/v2\/comments?post=1310"}],"version-history":[{"count":3,"href":"https:\/\/www.estoniansociety.co.uk\/en\/wp-json\/wp\/v2\/pages\/1310\/revisions"}],"predecessor-version":[{"id":1412,"href":"https:\/\/www.estoniansociety.co.uk\/en\/wp-json\/wp\/v2\/pages\/1310\/revisions\/1412"}],"wp:attachment":[{"href":"https:\/\/www.estoniansociety.co.uk\/en\/wp-json\/wp\/v2\/media?parent=1310"}],"curies":[{"name":"wp","href":"https:\/\/api.w.org\/{rel}","templated":true}]}}