{"id":1236,"date":"2021-06-14T20:22:18","date_gmt":"2021-06-14T20:22:18","guid":{"rendered":"https:\/\/estoniansociety.co.uk\/?page_id=1236"},"modified":"2021-06-22T20:43:57","modified_gmt":"2021-06-22T20:43:57","slug":"seltsi-lood-londoni-eesti-seltsi-koor-esimene-laululaager-eesti-maja-50-juubel","status":"publish","type":"page","link":"https:\/\/www.estoniansociety.co.uk\/en\/seltsi-lood-londoni-eesti-seltsi-koor-esimene-laululaager-eesti-maja-50-juubel\/","title":{"rendered":"Seltsist &#8211; Koor &#8211; Koori Lood \u2013 Esimene Laululaager &#038; Eesti Maja 50. Juubel"},"content":{"rendered":"<h2 style=\"text-align: center;\">Esimene Laululaager &amp; Eesti Maja 50. Juubel<\/h2>\n<p dir=\"ltr\">Oktoobrikuu viimane n\u00e4dalavahetus oli meie v\u00e4rske Londoni Eesti Seltsi segakoori jaoks esimeseks tuleprooviks. T\u00e4nu Leicesteri Eesti Maja kutsele avanes meil v\u00f5imalus esineda nende 50. aasta juubeli\u00fcritusel, kuhu kogunesid erinevatest Suurbritannia nurkadest eestlased selleks, et t\u00e4histada \u00fcheskoos laulu, pillim\u00e4ngu ja rohkete roogadega seda r\u00f5\u00f5msat ja t\u00e4helepanuv\u00e4\u00e4rset s\u00fcndmust.<\/p>\n<p>&nbsp;<\/p>\n<p dir=\"ltr\">Lauljate jaoks oli tegemist pika n\u00e4dalavahetusega, mis paljude jaoks algas juba reede p\u00e4rastl\u00f5unal, mil alustati s\u00f5itu L\u00e4ti m\u00f5isasse maalilises Catthorpe\u2019is. Siinkohal tuleb kindlasti tunnustada neid, kelle jaoks s\u00f5it sihtpunkti kestis suisa kaheksa tundi. Suures m\u00f5isakompleksis oli piisavalt ruumi ja suurep\u00e4rane atmosf\u00e4\u00e4r kus m\u00f5nusas seltskonnas lisaks laulmisele loodust, s\u00f6\u00f6ki ja eestlaste kombe kohaselt ka hundijalavett ja kesvam\u00e4rjukest hiliste \u00f6\u00f6tundideni nautida sai.<\/p>\n<p>&nbsp;<\/p>\n<p dir=\"ltr\">Proovid kestsid varastest hommikutundidest kuni bussi v\u00e4ljas\u00f5iduni Leicesterisse. Mugavas ja ruumikas Rootsi sviidis sai koos uute liitujatega h\u00e4\u00e4led k\u00f5lama panna ja enesekindlust kasvatada, kuna tegemist oli vaid neljanda kokkusaamisega ja kavas olevad laulud varieerusid tuttavast ja k\u00f5igile eestlastele kallist \u201cLaul P\u00f5hjamaast\u201d keerulisema Veljo Tormise loominguni. Kogu kava l\u00f5puks l\u00e4bi lauldes oli hinges kerge ja rahulik tunne, kuna laulud olid selged ja nelja h\u00e4\u00e4ler\u00fchma kokkulaulmise tulemusena oli tunne, nagu oleksid osaks millestki h\u00e4mmastavalt kaunist ja v\u00f5imsast.<\/p>\n<p>&nbsp;<\/p>\n<p dir=\"ltr\">Leicesteri majas selgus, et tegemist on esinejale suhteliselt keerulise akustikaga saaliga. Laulmine ruumis, mis toob v\u00e4lja k\u00f5ik esineja v\u00f5imalikud vead, oli kindlasti m\u00e4rkimisv\u00e4\u00e4rne v\u00e4ljakutse ja ka huvitav kogemus, kuna erinevalt proovidest kuulsime n\u00fc\u00fcd lauldes vaid iseenda h\u00e4\u00e4lt, nii et l\u00f5pptulemust saime n\u00e4ha vaid peegeldusena kuulajate n\u00e4gudel. Hoolimata raskustest t\u00f5i uueks eesti meremeeste h\u00fcmniks tituleeritud Jaan T\u00e4tte \u201cTuulevaiksel \u00f6\u00f6l\u201d nii m\u00f5nelegi neist pisarad silma. N\u00e4hes saalit\u00e4it erinevates vanusegruppides eestlasi koos seismas ja h\u00e4rdal pilgul h\u00fcmni laulmas l\u00e4ksid ka endal silmad niiskeks. T\u00e4nus\u00f5nad korraldajate poolt tulid s\u00fcdamest ja tekitasid veelkord tunde, et oleme osaks millestki t\u00e4htsast ja ilusast.<\/p>\n<p>&nbsp;<\/p>\n<p dir=\"ltr\">J\u00e4rgmisel p\u00e4eval j\u00f5ululaule harjutades oli hoopiski kergem olla, kuna olenemata alguses tekkivast frustratsioonist laulude mitte k\u00f5lamise \u00fcle, teame n\u00fc\u00fcd, et ka k\u00f5ige raskem laul k\u00f5lab l\u00f5puks imeilusalt.<\/p>\n<p>Tuuli Luik, LESi segakoori laulja<\/p>","protected":false},"excerpt":{"rendered":"<p>Esimene Laululaager &amp; Eesti Maja 50. Juubel Oktoobrikuu viimane n\u00e4dalavahetus oli meie v\u00e4rske Londoni Eesti Seltsi segakoori jaoks esimeseks tuleprooviks. T\u00e4nu Leicesteri Eesti Maja kutsele avanes meil v\u00f5imalus esineda nende 50. aasta juubeli\u00fcritusel, kuhu kogunesid erinevatest Suurbritannia nurkadest eestlased selleks, et t\u00e4histada \u00fcheskoos laulu, pillim\u00e4ngu ja rohkete roogadega seda r\u00f5\u00f5msat ja t\u00e4helepanuv\u00e4\u00e4rset s\u00fcndmust. &nbsp; Lauljate &hellip;<\/p>\n<p class=\"read-more\"> <a class=\"\" href=\"https:\/\/www.estoniansociety.co.uk\/en\/seltsi-lood-londoni-eesti-seltsi-koor-esimene-laululaager-eesti-maja-50-juubel\/\"> <span class=\"screen-reader-text\">Seltsist &#8211; Koor &#8211; Koori Lood \u2013 Esimene Laululaager &#038; Eesti Maja 50. Juubel<\/span> Read More &raquo;<\/a><\/p>","protected":false},"author":1,"featured_media":0,"parent":0,"menu_order":0,"comment_status":"closed","ping_status":"closed","template":"","meta":{"_mi_skip_tracking":false,"footnotes":""},"class_list":["post-1236","page","type-page","status-publish","hentry"],"_links":{"self":[{"href":"https:\/\/www.estoniansociety.co.uk\/en\/wp-json\/wp\/v2\/pages\/1236","targetHints":{"allow":["GET"]}}],"collection":[{"href":"https:\/\/www.estoniansociety.co.uk\/en\/wp-json\/wp\/v2\/pages"}],"about":[{"href":"https:\/\/www.estoniansociety.co.uk\/en\/wp-json\/wp\/v2\/types\/page"}],"author":[{"embeddable":true,"href":"https:\/\/www.estoniansociety.co.uk\/en\/wp-json\/wp\/v2\/users\/1"}],"replies":[{"embeddable":true,"href":"https:\/\/www.estoniansociety.co.uk\/en\/wp-json\/wp\/v2\/comments?post=1236"}],"version-history":[{"count":4,"href":"https:\/\/www.estoniansociety.co.uk\/en\/wp-json\/wp\/v2\/pages\/1236\/revisions"}],"predecessor-version":[{"id":1401,"href":"https:\/\/www.estoniansociety.co.uk\/en\/wp-json\/wp\/v2\/pages\/1236\/revisions\/1401"}],"wp:attachment":[{"href":"https:\/\/www.estoniansociety.co.uk\/en\/wp-json\/wp\/v2\/media?parent=1236"}],"curies":[{"name":"wp","href":"https:\/\/api.w.org\/{rel}","templated":true}]}}