{"id":1234,"date":"2021-06-14T20:20:53","date_gmt":"2021-06-14T20:20:53","guid":{"rendered":"https:\/\/estoniansociety.co.uk\/?page_id=1234"},"modified":"2021-06-22T20:44:44","modified_gmt":"2021-06-22T20:44:44","slug":"seltsi-lood-londoni-eesti-seltsi-koor-londoni-eesti-seltsi-joulupeo-2010-kokkuvote","status":"publish","type":"page","link":"https:\/\/www.estoniansociety.co.uk\/en\/seltsi-lood-londoni-eesti-seltsi-koor-londoni-eesti-seltsi-joulupeo-2010-kokkuvote\/","title":{"rendered":"Seltsist &#8211; Koor &#8211; Koori Lood \u2013 Londoni Eesti Seltsi J\u00f5ulupeo 2010 Kokkuv\u00f5te"},"content":{"rendered":"<h2 style=\"text-align: center;\">Londoni Eesti Seltsi J\u00f5ulupeo 2010 Kokkuv\u00f5te<\/h2>\n<p>&nbsp;<\/p>\n<p dir=\"ltr\"><strong>Segakoor esines Eesti Abistamise Komitee j\u00f5ulul\u00f5unal Eesti Majas 12. detsembril 2010<\/strong><\/p>\n<p dir=\"ltr\"><br class=\"kix-line-break\" \/>Eesti Abistamise Komitee eesotsas Ida Lemsaluga on juba pikki aastaid kord kuus p\u00fchap\u00e4eviti Eesti Majas eestimaist l\u00f5unas\u00f6\u00f6ki pakkunud.\u00a0<br class=\"kix-line-break\" \/>L\u00f5unatest saadud tulu kasutatakse Londonis ja mujal Inglismaal elavate eesti soost abivajajatest vanurite toetamiseks.<br class=\"kix-line-break\" \/>Sel aastal pakkus Ida ja tema korraldustoimkond l\u00f5unalistele, kelle hulgas teiste seas ka Londoni Eesti Suursaatkonna, Londoni Eesti Kooli ja Londoni Eesti Seltsi segakoori esindajaid, traditsioonilist seapraadi hapukapsaste, \u00f5unamoosi ja ahjukartulitega. Toit ei j\u00e4\u00e4nud kellegi lauale kauaks seisma, mis iseenesest juba kompliment peakokk Idale.<br class=\"kix-line-break\" \/>Lisaks \u00fchislauludele, heategevuslikule loteriile ja koolilaste esinemisele astus \u00fcles ka Londoni Eesti Seltsi segakoori kammerkoosseis, kes esitas kolm tuntud j\u00f5ululugu.<br class=\"kix-line-break\" \/>V\u00e4iksemas koosseisus esinemine oli Seltsi koorile esmakordne, kuid lauljatele nauditav elamus.\u00a0 Aplausi j\u00e4rgi otsustades meeldis etteaste ka saalis viibijatele.\u00a0 Uuel aastal on Seltsi kooril plaanis kammerkoosseisuga veelgi etteasteid poovida.<br class=\"kix-line-break\" \/><br class=\"kix-line-break\" \/>Foto: Triin K\u00fcbar<\/p>\n<p>&nbsp;<\/p>\n<p dir=\"ltr\"><strong>Londoni Eesti Seltsi j\u00f5ulupidu 5.detsembril 2010 Ukraina Majas<\/strong><\/p>\n<p><br class=\"kix-line-break\" \/>Segakoori jaoks oli LESi j\u00f5ulupidu teiseks tuleprooviks sel hooajal. Kavas oli viis j\u00f5ulu- ja talvelugu, millest kaks \u00e4sja alustanud koori jaoks k\u00fcllalt keerulised &#8211; R.Valgre &#8220;Kui taevas on kuu&#8221; ja O.Ehala &#8220;J\u00f5uluingel&#8221;. M\u00f5lemat lugu juhatas Lii Carr ning saatis klaveril \u00fcks koori dirigentidest Reet Kromel. J\u00f5ulukava sai ette valmistatud vaid kolme intensiivse prooviga, ning seet\u00f5ttu v\u00e4\u00e4rib iga laulja kontserdi eest erilist tunnustust.<br class=\"kix-line-break\" \/><br class=\"kix-line-break\" \/>Ave Siilak, LESi segakoori vanem<\/p>","protected":false},"excerpt":{"rendered":"<p>Londoni Eesti Seltsi J\u00f5ulupeo 2010 Kokkuv\u00f5te &nbsp; Segakoor esines Eesti Abistamise Komitee j\u00f5ulul\u00f5unal Eesti Majas 12. detsembril 2010 Eesti Abistamise Komitee eesotsas Ida Lemsaluga on juba pikki aastaid kord kuus p\u00fchap\u00e4eviti Eesti Majas eestimaist l\u00f5unas\u00f6\u00f6ki pakkunud.\u00a0L\u00f5unatest saadud tulu kasutatakse Londonis ja mujal Inglismaal elavate eesti soost abivajajatest vanurite toetamiseks.Sel aastal pakkus Ida ja tema korraldustoimkond &hellip;<\/p>\n<p class=\"read-more\"> <a class=\"\" href=\"https:\/\/www.estoniansociety.co.uk\/en\/seltsi-lood-londoni-eesti-seltsi-koor-londoni-eesti-seltsi-joulupeo-2010-kokkuvote\/\"> <span class=\"screen-reader-text\">Seltsist &#8211; Koor &#8211; Koori Lood \u2013 Londoni Eesti Seltsi J\u00f5ulupeo 2010 Kokkuv\u00f5te<\/span> Read More &raquo;<\/a><\/p>","protected":false},"author":1,"featured_media":0,"parent":0,"menu_order":0,"comment_status":"closed","ping_status":"closed","template":"","meta":{"_mi_skip_tracking":false,"footnotes":""},"class_list":["post-1234","page","type-page","status-publish","hentry"],"_links":{"self":[{"href":"https:\/\/www.estoniansociety.co.uk\/en\/wp-json\/wp\/v2\/pages\/1234","targetHints":{"allow":["GET"]}}],"collection":[{"href":"https:\/\/www.estoniansociety.co.uk\/en\/wp-json\/wp\/v2\/pages"}],"about":[{"href":"https:\/\/www.estoniansociety.co.uk\/en\/wp-json\/wp\/v2\/types\/page"}],"author":[{"embeddable":true,"href":"https:\/\/www.estoniansociety.co.uk\/en\/wp-json\/wp\/v2\/users\/1"}],"replies":[{"embeddable":true,"href":"https:\/\/www.estoniansociety.co.uk\/en\/wp-json\/wp\/v2\/comments?post=1234"}],"version-history":[{"count":3,"href":"https:\/\/www.estoniansociety.co.uk\/en\/wp-json\/wp\/v2\/pages\/1234\/revisions"}],"predecessor-version":[{"id":1405,"href":"https:\/\/www.estoniansociety.co.uk\/en\/wp-json\/wp\/v2\/pages\/1234\/revisions\/1405"}],"wp:attachment":[{"href":"https:\/\/www.estoniansociety.co.uk\/en\/wp-json\/wp\/v2\/media?parent=1234"}],"curies":[{"name":"wp","href":"https:\/\/api.w.org\/{rel}","templated":true}]}}