{"id":1226,"date":"2021-06-14T20:15:33","date_gmt":"2021-06-14T20:15:33","guid":{"rendered":"https:\/\/estoniansociety.co.uk\/?page_id=1226"},"modified":"2021-06-22T20:44:34","modified_gmt":"2021-06-22T20:44:34","slug":"seltsi-lood-londoni-eesti-seltsi-koor-laulupaev-farnhamis-22-oktoober-2011","status":"publish","type":"page","link":"https:\/\/www.estoniansociety.co.uk\/en\/seltsi-lood-londoni-eesti-seltsi-koor-laulupaev-farnhamis-22-oktoober-2011\/","title":{"rendered":"Seltsist &#8211; Koor &#8211; Koori Lood \u2013 Laulup\u00e4ev Farnhamis 22. Oktoober 2011"},"content":{"rendered":"<h2 style=\"text-align: center;\">Laulup\u00e4ev Farnhamis 22. Oktoober 2011<\/h2>\n<p>&nbsp;<\/p>\n<p style=\"font-weight: 400;\">Suurriikidel nagu Saksamaa ja Prantsusmaa on pea igas riigis oma kultuurikeskused, kus \u00fchiste huvidega inimesed koos saavad k\u00e4ia. Tihti on nad peale keele\u00f5ppekohtade ka v\u00e4ikesed kodumaad oma inimestele \u00fcle maailma, kus saab emakeeles juttu r\u00e4\u00e4kida, nalja visata, raamatuid ning uudised lugeda, filme vaadata ja palju muud.<\/p>\n<p style=\"font-weight: 400;\">V\u00e4ikerahval midagi sarnast igas maailma riigis organiseerida on aga v\u00e4ga raske, kui mitte v\u00f5imatu. Ja kui veel n\u00fc\u00fcd m\u00f5elda eestlaste peale, kes naljalt ilma konkreetse p\u00f5hjuseta v\u00e4ga koos ei kipu k\u00e4ima, siis on p\u00e4ris imeline, ehk isegi \u00fcllatav, n\u00e4ha aktiivseid kaasmaalasi Londonis. Mis on see maagiline p\u00f5hjus kokkutulemiseks? Eks ikka laulmine, mis muu!<\/p>\n<p style=\"font-weight: 400;\">Tavaliselt harjutatakse koos ajaloolises Londoni Eesti Majas, aga vahel v\u00f5etakse ette \u00fcks korralik &#8220;talgup\u00e4ev&#8221; nagu meile ikka kohane. Eelmisel laup\u00e4eval suunduti s\u00fcgisese looduse keskele, Frensham Heights-i nimelisse kohta, intensiivsemalt harjutama. Paljudele algas pikk ja l\u00f5bus p\u00e4ev juba varahommikul kell 8 Waterloo rongijaamas, kus koguneti ja siis juba algas rongk\u00e4ik laulup\u00e4evale. Elevust oli palju, sest igap\u00e4evaselt Londoni kesklinnas ringi liikudes tekib tahtmatult igatsus puude, metsade, kellel ka lehmade\/hobuste j\u00e4rele. Kuidagi ei j\u00f5utud \u00e4ra oodata, millal rongiaknast esimesed lehmad paistma hakkavad. Siinkohal peab \u00fctlema, et kahjuks lehmi ei n\u00e4htudki, k\u00fcll aga hobuseid ja j\u00e4nkusid.<\/p>\n<p style=\"font-weight: 400;\">Koha harjutamiseks organiseeris meie dirigent Lii ning tegemist oli \u00fche \u00e4\u00e4rmiselt ilusa m\u00f5isaga meie m\u00f5istes, kus tavap\u00e4raselt tegutseb internaatkool. Farnhami rongijaamast on sinna veel ligi 4 kilomeetrit ja v\u00f5ib \u00f6elda, et koht ikka m\u00f5nusalt eraldatud igasugusest tavap\u00e4rasest \u00fchistranspordist. M\u00f5isas v\u00f5i siis koolis on \u00f5pilastele loodud v\u00e4ga suurep\u00e4rased tingimused: tennisev\u00e4ljakud, luuleklass metsas, muusikatuba koos k\u00f5ikide instrumentidega, loodusklass jne. Arutasime, et kui niimoodi ise peaks \u00f5ppima, siis peaks v\u00e4ga hea motivatsioon olema, sest kinod ning muu meelelahutus, mis tavaliselt \u00f5ppimisest eemale meelitab selle kooli \u00fcmbruses ju p\u00f5him\u00f5tteliselt puudub.<\/p>\n<p style=\"font-weight: 400;\">Looduse ja koha ilust inspireerituna \u00e4rkasid ka meie laululinnad koos orust t\u00f5usva uduga \u00fcles. Kerged soojendusharjutused, hommikune venitus nii j\u00e4semetele kui ka h\u00e4\u00e4lepaeltele ning laulup\u00e4ev v\u00f5is alata. Alguses oldi ehk veidike tagasihoidlikud ja sopranite poole pealt v\u00f5is kuulda kergeid kriginaid. Tenor Danek ja bass Priit ainukeste meesh\u00e4\u00e4ltena v\u00f5itlesid laululahingus naiskooriga vapralt ning l\u00f5puni. Aldid teenisid kindlalt, vahepeal turtsatades, et mis sopranite elul viga, ainult viisi vaja pidada!<\/p>\n<p style=\"font-weight: 400;\">Peale kosutavat ja maitsvat\u00a0l\u00f5unat ning jalutusk\u00e4iku j\u00e4tkati juba hoopis uue hooga. K\u00f5ik olid kuidagi kodunenud ja pingest vabanenud ning seda \u00fchtelaulmist, nootide paika seadmist ja h\u00e4\u00e4lestuse korrigeerimist v\u00f5eti m\u00f6nuga! (nagu saarlased \u00fctleksid) Pauside ajal turgutati end sooja tee ning Ave koduk\u00fcpsetatud leivaga, mis lihtsalt sulas suus. Vahepeal tatsas ringi ka noorem generatsioon tulevasi h\u00f5bek\u00f5risid, keda vaadates k\u00f5igi n\u00e4ole koheselt naeratus kerkis. Just need v\u00e4ikesed pisiasjad t\u00f5id mingi omap\u00e4rase kodutunde sellesse laup\u00e4eva, kus lihtsalt olid koos. Naised k\u00f6\u00f6gis pl\u00e4kutamas, siis j\u00e4lle koos lauldes, t\u00f5sisemaid teemasid arutades ning lihtsalt l\u00f5\u00f5pides ja nalja tehes. Mida muud \u00fcks tavaline pere ikka siis laup\u00e4eval teeb?<\/p>\n<p style=\"font-weight: 400;\">Pikk p\u00e4ev l\u00f5ppes siis kui p\u00e4ike juba loojunud oli. Edusammud olid suured, erinevust hommikuga v\u00f5rreldes kuulis iga\u00fcks. Lauldes &#8220;Tuulevaiksel \u00f6\u00f6l&#8221; olid k\u00f5ik juba T\u00e4ttedeks ja unistajateks muutunud. Viit rahvatantsu tehti sellise lustiga, et palju ei olekski enam hoopis tantsupeost puudu j\u00e4\u00e4nud. J\u00f5ululauludest kujunes hitiks &#8220;P\u00fcha \u00f6\u00f6&#8221;, mis vist k\u00f5ikidest lauludest k\u00f5ige paremini k\u00f5las. F\u00e4nnid ja muidu austajad v\u00f5ivad juba hakata innukalt j\u00f5ulukontserte ootama! Kirsiks koogi otsas, et ikka oleks hea koju minna, lauldi &#8220;Laulu P\u00f5hjamaast&#8221;. Niimoodi see laulupeolaup\u00e4ev \u00f5htusse veereski. Kindlasti tundsid v\u00e4simust nii m\u00f5negi h\u00e4\u00e4lepaelad, aga need said korvatud selle positiivse energia ja kodutundega, mis iga\u00fcks sellest toredast segakoori laup\u00e4evast kaasa sai.<\/p>\n<p style=\"font-weight: 400;\"><i>Kirjutas Margit Pulk, sopran Fotod: Ly Tuubel<\/i><\/p>","protected":false},"excerpt":{"rendered":"<p>Laulup\u00e4ev Farnhamis 22. Oktoober 2011 &nbsp; Suurriikidel nagu Saksamaa ja Prantsusmaa on pea igas riigis oma kultuurikeskused, kus \u00fchiste huvidega inimesed koos saavad k\u00e4ia. Tihti on nad peale keele\u00f5ppekohtade ka v\u00e4ikesed kodumaad oma inimestele \u00fcle maailma, kus saab emakeeles juttu r\u00e4\u00e4kida, nalja visata, raamatuid ning uudised lugeda, filme vaadata ja palju muud. V\u00e4ikerahval midagi sarnast &hellip;<\/p>\n<p class=\"read-more\"> <a class=\"\" href=\"https:\/\/www.estoniansociety.co.uk\/en\/seltsi-lood-londoni-eesti-seltsi-koor-laulupaev-farnhamis-22-oktoober-2011\/\"> <span class=\"screen-reader-text\">Seltsist &#8211; Koor &#8211; Koori Lood \u2013 Laulup\u00e4ev Farnhamis 22. Oktoober 2011<\/span> Read More &raquo;<\/a><\/p>","protected":false},"author":1,"featured_media":0,"parent":0,"menu_order":0,"comment_status":"closed","ping_status":"closed","template":"","meta":{"_mi_skip_tracking":false,"footnotes":""},"class_list":["post-1226","page","type-page","status-publish","hentry"],"_links":{"self":[{"href":"https:\/\/www.estoniansociety.co.uk\/en\/wp-json\/wp\/v2\/pages\/1226","targetHints":{"allow":["GET"]}}],"collection":[{"href":"https:\/\/www.estoniansociety.co.uk\/en\/wp-json\/wp\/v2\/pages"}],"about":[{"href":"https:\/\/www.estoniansociety.co.uk\/en\/wp-json\/wp\/v2\/types\/page"}],"author":[{"embeddable":true,"href":"https:\/\/www.estoniansociety.co.uk\/en\/wp-json\/wp\/v2\/users\/1"}],"replies":[{"embeddable":true,"href":"https:\/\/www.estoniansociety.co.uk\/en\/wp-json\/wp\/v2\/comments?post=1226"}],"version-history":[{"count":4,"href":"https:\/\/www.estoniansociety.co.uk\/en\/wp-json\/wp\/v2\/pages\/1226\/revisions"}],"predecessor-version":[{"id":1404,"href":"https:\/\/www.estoniansociety.co.uk\/en\/wp-json\/wp\/v2\/pages\/1226\/revisions\/1404"}],"wp:attachment":[{"href":"https:\/\/www.estoniansociety.co.uk\/en\/wp-json\/wp\/v2\/media?parent=1226"}],"curies":[{"name":"wp","href":"https:\/\/api.w.org\/{rel}","templated":true}]}}