{"id":1152,"date":"2021-06-14T16:26:53","date_gmt":"2021-06-14T16:26:53","guid":{"rendered":"https:\/\/estoniansociety.co.uk\/?page_id=1152"},"modified":"2021-10-18T04:53:02","modified_gmt":"2021-10-18T04:53:02","slug":"uudised-tode-ja-oigus-inglise-keeles","status":"publish","type":"page","link":"https:\/\/www.estoniansociety.co.uk\/en\/uudised-tode-ja-oigus-inglise-keeles\/","title":{"rendered":"Uudised &#8211; &#8220;T\u00f5de ja \u00f5igus&#8221; Inglise Keeles"},"content":{"rendered":"<hr \/>\n<h2 style=\"text-align: center;\"><span style=\"color: #5e5e61;\">&#8220;T\u00f5de ja \u00f5igus&#8221; Inglise Keeles<\/span><\/h2>\n<p>&nbsp;<\/p>\n<div><span style=\"color: #5e5e61;\">&#8220;&#8221;T\u00d5DE JA \u00d5IGUS&#8221; on P\u00f5hja-Euroopa kirjanduse suurim h\u00e4stivarjatud saladus, 20. sajandi Euroopa kirjanduse tundmatu aare, \u00fcks maailma parimaid romaane, j\u00f5uline ja liigutav lugu, mille erakordne stiil k\u00f6idab lugejat algusest l\u00f5puni.&#8221;\u00a0<em>(Haute Culture Books)<\/em><\/span><\/div>\n<div><\/div>\n<div>\n<div><span style=\"color: #5e5e61;\"><img loading=\"lazy\" decoding=\"async\" class=\"wp-image-5618 aligncenter\" src=\"https:\/\/www.estoniansociety.co.uk\/wp-content\/uploads\/2021\/10\/truthandjustice-238x300.jpg\" alt=\"\" width=\"340\" height=\"429\" srcset=\"https:\/\/www.estoniansociety.co.uk\/wp-content\/uploads\/2021\/10\/truthandjustice-238x300.jpg 238w, https:\/\/www.estoniansociety.co.uk\/wp-content\/uploads\/2021\/10\/truthandjustice-10x12.jpg 10w, https:\/\/www.estoniansociety.co.uk\/wp-content\/uploads\/2021\/10\/truthandjustice.jpg 266w\" sizes=\"auto, (max-width: 340px) 100vw, 340px\" \/><\/span><\/div>\n<div><\/div>\n<div><span style=\"color: #5e5e61;\"><em>Haute Culture Books<\/em>&#8217;i eesm\u00e4rgiks on teha kirjanduse v\u00e4\u00e4rtteosed k\u00e4ttesaadavaks lugejale \u00fcle kogu maailma. Romaanist &#8220;T\u00f5de ja \u00f5igus&#8221; on plaanis kirjastada v\u00e4ikesearvulise tiraa\u017eiga luksusv\u00e4ljaanne, e-raamatu versioon ning k\u00f5vakaaneline ja paberk\u00f6ites v\u00e4ljaanne.<\/span><\/div>\n<div><\/div>\n<\/div>\n<div><span style=\"color: #5e5e61;\">T\u00f6\u00f6 t\u00f5lke kallal on hetkel poole peal, kuid selleks, et kirjastamisprotsessi l\u00f5puni viia, on tarvis lisatoetust.<\/span><\/div>\n<div><\/div>\n<div><span style=\"color: #5e5e61;\">N\u00fc\u00fcd on Sul v\u00f5imalus kaasa aidata Eesti klassikute klassiku j\u00f5udmisele maailma raamatuturule ning oma nimi kirjandusklassika meistriteoste kaane vahele j\u00e4\u00e4dvustada. Loe l\u00e4hemalt\u00a0<span style=\"color: #ff9900;\"><a style=\"color: #ff9900;\" href=\"http:\/\/www.hooandja.ee\/projekt\/tode-ja-oigus-inglise-keeles#tab-1-tab\">Hooandjast<\/a><\/span>.<\/span><\/div>\n<div>\n<hr \/>\n<\/div>","protected":false},"excerpt":{"rendered":"<p>&#8220;T\u00f5de ja \u00f5igus&#8221; Inglise Keeles &nbsp; &#8220;&#8221;T\u00d5DE JA \u00d5IGUS&#8221; on P\u00f5hja-Euroopa kirjanduse suurim h\u00e4stivarjatud saladus, 20. sajandi Euroopa kirjanduse tundmatu aare, \u00fcks maailma parimaid romaane, j\u00f5uline ja liigutav lugu, mille erakordne stiil k\u00f6idab lugejat algusest l\u00f5puni.&#8221;\u00a0(Haute Culture Books) Haute Culture Books&#8217;i eesm\u00e4rgiks on teha kirjanduse v\u00e4\u00e4rtteosed k\u00e4ttesaadavaks lugejale \u00fcle kogu maailma. Romaanist &#8220;T\u00f5de ja \u00f5igus&#8221; &hellip;<\/p>\n<p class=\"read-more\"> <a class=\"\" href=\"https:\/\/www.estoniansociety.co.uk\/en\/uudised-tode-ja-oigus-inglise-keeles\/\"> <span class=\"screen-reader-text\">Uudised &#8211; &#8220;T\u00f5de ja \u00f5igus&#8221; Inglise Keeles<\/span> Read More &raquo;<\/a><\/p>","protected":false},"author":1,"featured_media":0,"parent":0,"menu_order":0,"comment_status":"closed","ping_status":"closed","template":"","meta":{"_mi_skip_tracking":false,"footnotes":""},"class_list":["post-1152","page","type-page","status-publish","hentry"],"_links":{"self":[{"href":"https:\/\/www.estoniansociety.co.uk\/en\/wp-json\/wp\/v2\/pages\/1152","targetHints":{"allow":["GET"]}}],"collection":[{"href":"https:\/\/www.estoniansociety.co.uk\/en\/wp-json\/wp\/v2\/pages"}],"about":[{"href":"https:\/\/www.estoniansociety.co.uk\/en\/wp-json\/wp\/v2\/types\/page"}],"author":[{"embeddable":true,"href":"https:\/\/www.estoniansociety.co.uk\/en\/wp-json\/wp\/v2\/users\/1"}],"replies":[{"embeddable":true,"href":"https:\/\/www.estoniansociety.co.uk\/en\/wp-json\/wp\/v2\/comments?post=1152"}],"version-history":[{"count":5,"href":"https:\/\/www.estoniansociety.co.uk\/en\/wp-json\/wp\/v2\/pages\/1152\/revisions"}],"predecessor-version":[{"id":5620,"href":"https:\/\/www.estoniansociety.co.uk\/en\/wp-json\/wp\/v2\/pages\/1152\/revisions\/5620"}],"wp:attachment":[{"href":"https:\/\/www.estoniansociety.co.uk\/en\/wp-json\/wp\/v2\/media?parent=1152"}],"curies":[{"name":"wp","href":"https:\/\/api.w.org\/{rel}","templated":true}]}}