{"id":1145,"date":"2021-06-14T16:22:24","date_gmt":"2021-06-14T16:22:24","guid":{"rendered":"https:\/\/estoniansociety.co.uk\/?page_id=1145"},"modified":"2021-07-04T22:40:18","modified_gmt":"2021-07-04T22:40:18","slug":"uritused-cashflow-ehk-vihma-kaest-tuppa-vol-2-eesti-majas","status":"publish","type":"page","link":"https:\/\/www.estoniansociety.co.uk\/en\/uritused-cashflow-ehk-vihma-kaest-tuppa-vol-2-eesti-majas\/","title":{"rendered":"Arhiiv &#8211; 2013 &#8211; \u00dcritused &#8211; Cashflow ehk Vihma K\u00e4est Tuppa Vol 2 Eesti Majas"},"content":{"rendered":"<p>&nbsp;<\/p>\n<h2 style=\"text-align: center;\">Cashflow ehk Vihma K\u00e4est Tuppa Vol 2 Eesti Majas<\/h2>\n<p>&nbsp;<\/p>\n<p>Kui Sa ei saanud osaleda Cashflow m\u00e4ngude ava\u00fcritusel 2 n\u00e4dalat tagasi, siis tea, et neil kel oli v\u00f5imalik tol p\u00fchap\u00e4eval mitmeks tunniks muude asjatoimetuste k\u00f5rvalt rahateemalisse m\u00e4ngu sukelduda, kujunes see aeg \u00fcle ootuste meeldivaks.<\/p>\n<div>Koos Padjaklubi t\u00fcdrukutega sai meid just m\u00f5nusalt parasjagu, et mahtuda\u00a0 \u00fche m\u00e4ngulaua taha ning see v\u00f5imaldas m\u00e4ngjiate vahel tekkida sellisel semulik-kaasahaaraval\u00a0tundel, et oluline ei olnud mitte kiire v\u00f5it, vaid hasartne osav\u00f5tt.<\/div>\n<div>M\u00e4ngust kuulnud olid enne\u00a0vaid v\u00e4hesed ja seega oldi v\u00f5rdsel tasemel algajad, ent seda suurem oli m\u00e4ngu arenedes \u00f5pitud\u00a0investeerimisnippide rakendamisel tuntav v\u00f5idur\u00f5\u00f5m. Ja v\u00f5idur\u00f5\u00f5m mitte teistele &#8220;\u00e4ra tegemise&#8221;, vaid\u00a0iseenda saavutuste \u00fcle.<\/div>\n<div>Kahjuks pidi ajapuuduse t\u00f5ttu l\u00f5petatama just natuke enne \u201crotijooksust\u201d v\u00e4ljumist, mis pani k\u00f5iki\u00a0lubama j\u00e4rgmisel korral kindlasti uuesti kohal olla, et oma investeerimisv\u00f5ite korrata ja rohkematki\u00a0saavutada.<\/div>\n<div>K\u00f5igil, kes soovivad n\u00fc\u00fcd tulla Eesti Majja Cashflowd m\u00e4ngima siis kas esimest v\u00f5i juba teist korda,\u00a0on see v\u00f5imalus 1. detsembril kl 14.00.<\/div>\n<div>Seekord l\u00e4heb m\u00e4ng k\u00e4ima kahel\u00a0m\u00e4ngulaual ning edasij\u00f5udnute laud peaks n\u00fc\u00fcd n\u00e4gema ka esimesi Suurde M\u00e4ngu\u00a0j\u00f5udjaid.<\/div>\n<div>Pane ennast ja s\u00f5brad m\u00e4ngule kirja meiliaadressil\u00a0<a href=\"mailto:allanreinsalu@googlemail.com\">allanreinsalu@googlemail.com<\/a>\u00a0v\u00f5i helista telefonil 07501 084 699.<\/div>\n<div><\/div>\n<div>Peatse kohtumiseni Eesti Majas!<\/div>\n<div>Allan Reinsalu<\/div>\n<div>Londoni Eesti Seltsi eestvedaja<\/div>","protected":false},"excerpt":{"rendered":"<p>&nbsp; Cashflow ehk Vihma K\u00e4est Tuppa Vol 2 Eesti Majas &nbsp; Kui Sa ei saanud osaleda Cashflow m\u00e4ngude ava\u00fcritusel 2 n\u00e4dalat tagasi, siis tea, et neil kel oli v\u00f5imalik tol p\u00fchap\u00e4eval mitmeks tunniks muude asjatoimetuste k\u00f5rvalt rahateemalisse m\u00e4ngu sukelduda, kujunes see aeg \u00fcle ootuste meeldivaks. Koos Padjaklubi t\u00fcdrukutega sai meid just m\u00f5nusalt parasjagu, et mahtuda\u00a0 &hellip;<\/p>\n<p class=\"read-more\"> <a class=\"\" href=\"https:\/\/www.estoniansociety.co.uk\/en\/uritused-cashflow-ehk-vihma-kaest-tuppa-vol-2-eesti-majas\/\"> <span class=\"screen-reader-text\">Arhiiv &#8211; 2013 &#8211; \u00dcritused &#8211; Cashflow ehk Vihma K\u00e4est Tuppa Vol 2 Eesti Majas<\/span> Read More &raquo;<\/a><\/p>","protected":false},"author":1,"featured_media":0,"parent":0,"menu_order":0,"comment_status":"closed","ping_status":"closed","template":"","meta":{"_mi_skip_tracking":false,"footnotes":""},"class_list":["post-1145","page","type-page","status-publish","hentry"],"_links":{"self":[{"href":"https:\/\/www.estoniansociety.co.uk\/en\/wp-json\/wp\/v2\/pages\/1145","targetHints":{"allow":["GET"]}}],"collection":[{"href":"https:\/\/www.estoniansociety.co.uk\/en\/wp-json\/wp\/v2\/pages"}],"about":[{"href":"https:\/\/www.estoniansociety.co.uk\/en\/wp-json\/wp\/v2\/types\/page"}],"author":[{"embeddable":true,"href":"https:\/\/www.estoniansociety.co.uk\/en\/wp-json\/wp\/v2\/users\/1"}],"replies":[{"embeddable":true,"href":"https:\/\/www.estoniansociety.co.uk\/en\/wp-json\/wp\/v2\/comments?post=1145"}],"version-history":[{"count":5,"href":"https:\/\/www.estoniansociety.co.uk\/en\/wp-json\/wp\/v2\/pages\/1145\/revisions"}],"predecessor-version":[{"id":2544,"href":"https:\/\/www.estoniansociety.co.uk\/en\/wp-json\/wp\/v2\/pages\/1145\/revisions\/2544"}],"wp:attachment":[{"href":"https:\/\/www.estoniansociety.co.uk\/en\/wp-json\/wp\/v2\/media?parent=1145"}],"curies":[{"name":"wp","href":"https:\/\/api.w.org\/{rel}","templated":true}]}}