{"id":1138,"date":"2021-06-14T16:18:09","date_gmt":"2021-06-14T16:18:09","guid":{"rendered":"https:\/\/estoniansociety.co.uk\/?page_id=1138"},"modified":"2021-10-18T05:23:06","modified_gmt":"2021-10-18T05:23:06","slug":"uritused-kasitooklubi-londoni-eesti-majas","status":"publish","type":"page","link":"https:\/\/www.estoniansociety.co.uk\/en\/uritused-kasitooklubi-londoni-eesti-majas\/","title":{"rendered":"Arhiiv- 2013 &#8211; \u00dcritused &#8211; K\u00e4sit\u00f6\u00f6klubi Londoni Eesti Majas"},"content":{"rendered":"<p>&nbsp;<\/p>\n<h2 style=\"text-align: center;\"><span style=\"color: #5e5e61;\">K\u00e4sit\u00f6\u00f6klubi Londoni Eesti Majas<\/span><\/h2>\n<p>&nbsp;<\/p>\n<p><span style=\"color: #5e5e61;\">Pole \u00fcldse t\u00e4htis kas oskad k\u00e4sit\u00f6\u00f6d teha v\u00f5i veel mitte &#8211; tule ja \u00f5pi v\u00f5i \u00f5peta. Kui tahad viltida -tule vildi, tahad kududa &#8211; tule koo, soovid ehteid valmistada &#8211; ole lahke!\u00a0<\/span><\/p>\n<div><span style=\"color: #5e5e61;\">Lapsed saavad m\u00e4ngida, suured jutu k\u00f5rvale n\u00e4put\u00f6\u00f6d teha. Nii lihtne see ongi &#8211; vaja lihtsalt kohale tulla.<\/span><\/div>\n<div><span style=\"color: #5e5e61;\">Millal:\u00a01. detsembril kell 14.00\u00a0<\/span><\/div>\n<div><span style=\"color: #5e5e61;\">Kus:\u00a0Londoni Eesti Majas, 18 Chepstow Villas W11 2RB. \u00a0<\/span><\/div>\n<div><span style=\"color: #5e5e61;\">Kui tahaks \u00fchte-teist enne kohale tulekut \u00fcle t\u00e4psustada, siis saab k\u00fcsimused saata Merlin P\u00e4rnale &#8211;\u00a0<a style=\"color: #5e5e61;\" href=\"mailto:t2pike@msn.com\">t2pike@msn.com<\/a>\u00a0v\u00f5i uurida k\u00e4sit\u00f6\u00f6klubi\u00a0<a style=\"color: #5e5e61;\" href=\"https:\/\/www.facebook.com\/groups\/355879101204292\/\">Facebooki-lehelt<\/a>.<\/span><\/div>\n<div><span style=\"color: #5e5e61;\">Sallide-sokkide-k\u00f5rvar\u00f5ngaste tegemise vahele saab m\u00e4ngida samal ajal samas kohas m\u00e4ngitavat Cashflow-lauam\u00e4ngu. Loe selle kohta l\u00e4hemalt\u00a0<a style=\"color: #5e5e61;\" href=\"https:\/\/www.estoniansociety.co.uk\/en\/uudised\/01-dot-12-cashflow-ja-kasitoo-eesti-majas-kutse-liituma\/\">siit<\/a>.<\/span><\/div>\n<div><\/div>\n<p><span style=\"color: #5e5e61;\"><img loading=\"lazy\" decoding=\"async\" class=\"aligncenter\" src=\"http:\/\/imgc.allpostersimages.com\/images\/P-473-488-90\/64\/6417\/KPW9100Z\/posters\/wendy-connett-handmade-bags-handicraft-market-oaxaca-city-oaxaca-mexico-north-america.jpg\" alt=\"\" width=\"473\" height=\"355\" align=\"left\" \/><\/span><\/p>\n<p>&nbsp;<\/p>\n<p>&nbsp;<\/p>\n<p>&nbsp;<\/p>\n<p>&nbsp;<\/p>\n<p>&nbsp;<\/p>\n<p>&nbsp;<\/p>\n<p>&nbsp;<\/p>\n<p>&nbsp;<\/p>\n<p>&nbsp;<\/p>\n<p>&nbsp;<\/p>\n<p>&nbsp;<\/p>\n<div><\/div>","protected":false},"excerpt":{"rendered":"<p>&nbsp; K\u00e4sit\u00f6\u00f6klubi Londoni Eesti Majas &nbsp; Pole \u00fcldse t\u00e4htis kas oskad k\u00e4sit\u00f6\u00f6d teha v\u00f5i veel mitte &#8211; tule ja \u00f5pi v\u00f5i \u00f5peta. Kui tahad viltida -tule vildi, tahad kududa &#8211; tule koo, soovid ehteid valmistada &#8211; ole lahke!\u00a0 Lapsed saavad m\u00e4ngida, suured jutu k\u00f5rvale n\u00e4put\u00f6\u00f6d teha. Nii lihtne see ongi &#8211; vaja lihtsalt kohale tulla. &hellip;<\/p>\n<p class=\"read-more\"> <a class=\"\" href=\"https:\/\/www.estoniansociety.co.uk\/en\/uritused-kasitooklubi-londoni-eesti-majas\/\"> <span class=\"screen-reader-text\">Arhiiv- 2013 &#8211; \u00dcritused &#8211; K\u00e4sit\u00f6\u00f6klubi Londoni Eesti Majas<\/span> Read More &raquo;<\/a><\/p>","protected":false},"author":1,"featured_media":0,"parent":0,"menu_order":0,"comment_status":"closed","ping_status":"closed","template":"","meta":{"_mi_skip_tracking":false,"footnotes":""},"class_list":["post-1138","page","type-page","status-publish","hentry"],"_links":{"self":[{"href":"https:\/\/www.estoniansociety.co.uk\/en\/wp-json\/wp\/v2\/pages\/1138","targetHints":{"allow":["GET"]}}],"collection":[{"href":"https:\/\/www.estoniansociety.co.uk\/en\/wp-json\/wp\/v2\/pages"}],"about":[{"href":"https:\/\/www.estoniansociety.co.uk\/en\/wp-json\/wp\/v2\/types\/page"}],"author":[{"embeddable":true,"href":"https:\/\/www.estoniansociety.co.uk\/en\/wp-json\/wp\/v2\/users\/1"}],"replies":[{"embeddable":true,"href":"https:\/\/www.estoniansociety.co.uk\/en\/wp-json\/wp\/v2\/comments?post=1138"}],"version-history":[{"count":5,"href":"https:\/\/www.estoniansociety.co.uk\/en\/wp-json\/wp\/v2\/pages\/1138\/revisions"}],"predecessor-version":[{"id":5681,"href":"https:\/\/www.estoniansociety.co.uk\/en\/wp-json\/wp\/v2\/pages\/1138\/revisions\/5681"}],"wp:attachment":[{"href":"https:\/\/www.estoniansociety.co.uk\/en\/wp-json\/wp\/v2\/media?parent=1138"}],"curies":[{"name":"wp","href":"https:\/\/api.w.org\/{rel}","templated":true}]}}