{"id":1128,"date":"2021-06-14T16:14:25","date_gmt":"2021-06-14T16:14:25","guid":{"rendered":"https:\/\/estoniansociety.co.uk\/?page_id=1128"},"modified":"2021-10-18T05:24:39","modified_gmt":"2021-10-18T05:24:39","slug":"uritused-londoni-eesti-seltsi-joulupidu-2013","status":"publish","type":"page","link":"https:\/\/www.estoniansociety.co.uk\/en\/uritused-londoni-eesti-seltsi-joulupidu-2013\/","title":{"rendered":"Arhiiv &#8211; 2013 &#8211; \u00dcritused &#8211; Londoni Eesti Seltsi J\u00f5ulupidu"},"content":{"rendered":"<h2 style=\"text-align: center;\"><span style=\"color: #5e5e61;\">Londoni Eesti Seltsi J\u00f5ulupidu<\/span><\/h2>\n<p>&nbsp;<\/p>\n<div id=\"articlebody\">\n<p><span style=\"color: #5e5e61;\"><img loading=\"lazy\" decoding=\"async\" class=\"wp-image-5682 aligncenter\" src=\"https:\/\/www.estoniansociety.co.uk\/wp-content\/uploads\/2021\/10\/x-mas_2013_583x342-300x176.jpg\" alt=\"\" width=\"462\" height=\"271\" srcset=\"https:\/\/www.estoniansociety.co.uk\/wp-content\/uploads\/2021\/10\/x-mas_2013_583x342-300x176.jpg 300w, https:\/\/www.estoniansociety.co.uk\/wp-content\/uploads\/2021\/10\/x-mas_2013_583x342-18x12.jpg 18w, https:\/\/www.estoniansociety.co.uk\/wp-content\/uploads\/2021\/10\/x-mas_2013_583x342.jpg 583w\" sizes=\"auto, (max-width: 462px) 100vw, 462px\" \/><\/span><\/p>\n<div><\/div>\n<div>\n<p><span style=\"color: #5e5e61;\">Mis toimub?<\/span><\/p>\n<\/div>\n<div><span style=\"color: #5e5e61;\">Toimuma saab k\u00f5ik, mis \u00fchel korralikul eestlaste j\u00f5ulupeol toimuma peab &#8211; pidulik osa ehk segakoori ja rahvatantsijate \u00fchiskontsert, traditsiooniline j\u00f5ulul\u00f5una verivorsti, hapukapsa, koduse kartulisalati ja muu h\u00e4\u00e4ga, \u00f5nneloos, tants ja trall, laul ja pillim\u00e4ng.<\/span><\/div>\n<div><span style=\"color: #5e5e61;\">Avatud on m\u00fc\u00fcgiletid eesti toidukauba, k\u00e4sit\u00f6\u00f6 ja rahvuss\u00fcmboolikaga.<\/span><\/div>\n<div><span style=\"color: #5e5e61;\">Lastele tulevad k\u00fclla J\u00f5uluvana ja Lumehelbeke ning H\u00e4rra L\u00f5bus H\u00e4rmatis.<\/span><\/div>\n<div><\/div>\n<div><span style=\"color: #5e5e61;\">Peaesinejaks sel aastal legendaarne JUSTAMENT ja Meelis Punder.<\/span><\/div>\n<div><span style=\"color: #5e5e61;\">Soodsaimad piletid on eelm\u00fc\u00fcgis saadaval p\u00fchap\u00e4eva, 17. novembrini.<\/span><\/div>\n<\/div>","protected":false},"excerpt":{"rendered":"<p>Londoni Eesti Seltsi J\u00f5ulupidu &nbsp; Mis toimub? Toimuma saab k\u00f5ik, mis \u00fchel korralikul eestlaste j\u00f5ulupeol toimuma peab &#8211; pidulik osa ehk segakoori ja rahvatantsijate \u00fchiskontsert, traditsiooniline j\u00f5ulul\u00f5una verivorsti, hapukapsa, koduse kartulisalati ja muu h\u00e4\u00e4ga, \u00f5nneloos, tants ja trall, laul ja pillim\u00e4ng. Avatud on m\u00fc\u00fcgiletid eesti toidukauba, k\u00e4sit\u00f6\u00f6 ja rahvuss\u00fcmboolikaga. Lastele tulevad k\u00fclla J\u00f5uluvana ja Lumehelbeke &hellip;<\/p>\n<p class=\"read-more\"> <a class=\"\" href=\"https:\/\/www.estoniansociety.co.uk\/en\/uritused-londoni-eesti-seltsi-joulupidu-2013\/\"> <span class=\"screen-reader-text\">Arhiiv &#8211; 2013 &#8211; \u00dcritused &#8211; Londoni Eesti Seltsi J\u00f5ulupidu<\/span> Read More &raquo;<\/a><\/p>","protected":false},"author":1,"featured_media":0,"parent":0,"menu_order":0,"comment_status":"closed","ping_status":"closed","template":"","meta":{"_mi_skip_tracking":false,"footnotes":""},"class_list":["post-1128","page","type-page","status-publish","hentry"],"_links":{"self":[{"href":"https:\/\/www.estoniansociety.co.uk\/en\/wp-json\/wp\/v2\/pages\/1128","targetHints":{"allow":["GET"]}}],"collection":[{"href":"https:\/\/www.estoniansociety.co.uk\/en\/wp-json\/wp\/v2\/pages"}],"about":[{"href":"https:\/\/www.estoniansociety.co.uk\/en\/wp-json\/wp\/v2\/types\/page"}],"author":[{"embeddable":true,"href":"https:\/\/www.estoniansociety.co.uk\/en\/wp-json\/wp\/v2\/users\/1"}],"replies":[{"embeddable":true,"href":"https:\/\/www.estoniansociety.co.uk\/en\/wp-json\/wp\/v2\/comments?post=1128"}],"version-history":[{"count":5,"href":"https:\/\/www.estoniansociety.co.uk\/en\/wp-json\/wp\/v2\/pages\/1128\/revisions"}],"predecessor-version":[{"id":5684,"href":"https:\/\/www.estoniansociety.co.uk\/en\/wp-json\/wp\/v2\/pages\/1128\/revisions\/5684"}],"wp:attachment":[{"href":"https:\/\/www.estoniansociety.co.uk\/en\/wp-json\/wp\/v2\/media?parent=1128"}],"curies":[{"name":"wp","href":"https:\/\/api.w.org\/{rel}","templated":true}]}}