{"id":1121,"date":"2021-06-14T16:10:40","date_gmt":"2021-06-14T16:10:40","guid":{"rendered":"https:\/\/estoniansociety.co.uk\/?page_id=1121"},"modified":"2021-10-18T05:26:18","modified_gmt":"2021-10-18T05:26:18","slug":"uritused-osale-eesti-seltsi-joulupeo-piparkoogivoistlusel","status":"publish","type":"page","link":"https:\/\/www.estoniansociety.co.uk\/en\/uritused-osale-eesti-seltsi-joulupeo-piparkoogivoistlusel\/","title":{"rendered":"Arhiiv &#8211; 2012 &#8211; \u00dcritused &#8211; Osale Eesti Seltsi J\u00f5ulupeo Piparkoogiv\u00f5istlusel"},"content":{"rendered":"<p>&nbsp;<\/p>\n<h2 style=\"text-align: center;\"><span style=\"color: #5e5e61;\">Osale Eesti Seltsi J\u00f5ulupeo Piparkoogiv\u00f5istlusel<\/span><\/h2>\n<p>&nbsp;<\/p>\n<p><span style=\"color: #5e5e61;\">Laup\u00e4evasel suurel j\u00f5ulupeol toimub muu toreda seas ka piparkoogiv\u00f5istlus. Oodatud on k\u00f5igi kokkade t\u00f6\u00f6d vanusest ja kvalifikatsioonist olenemata.<\/span><\/p>\n<div><span style=\"color: #5e5e61;\">Auhinnad on v\u00e4lja pannud\u00a0<a style=\"color: #5e5e61;\" href=\"http:\/\/www.ajakirimari.ee\/\">ajakiri &#8220;Mari&#8221;<\/a>, ansambel\u00a0<a style=\"color: #5e5e61;\" href=\"http:\/\/www.justament.com\/\">Justament<\/a>, Eesti j\u00f5ulutoitu UKsse eksportiv\u00a0<a style=\"color: #5e5e61;\" href=\"http:\/\/viikinggoods.co.uk\/shop\/\">Viiking Goods<\/a>\u00a0ja Londoni Eesti Selts, v\u00f5istlust\u00f6id hindab z\u00fcrii koosseisus Toomas Lunge, Jaanus Elgula ja Meelis Punder.<\/span><\/div>\n<div><span style=\"color: #5e5e61;\">Kes Skandinaavia turult endale piparkoogitaigent ei j\u00f5udnud muretseda, v\u00f5ib seda k\u00fcsida meiliaadressil\u00a0<a style=\"color: #5e5e61;\" href=\"mailto:info@estoniansociety.co.uk\">info@estoniansociety.co.uk<\/a>\u00a0v\u00f5i telefonil 07727899978. Samas saab oma kunstit\u00f6\u00f6d ka v\u00f5istluseks registreerida.<\/span><\/div>\n<div><\/div>\n<div><\/div>","protected":false},"excerpt":{"rendered":"<p>&nbsp; Osale Eesti Seltsi J\u00f5ulupeo Piparkoogiv\u00f5istlusel &nbsp; Laup\u00e4evasel suurel j\u00f5ulupeol toimub muu toreda seas ka piparkoogiv\u00f5istlus. Oodatud on k\u00f5igi kokkade t\u00f6\u00f6d vanusest ja kvalifikatsioonist olenemata. Auhinnad on v\u00e4lja pannud\u00a0ajakiri &#8220;Mari&#8221;, ansambel\u00a0Justament, Eesti j\u00f5ulutoitu UKsse eksportiv\u00a0Viiking Goods\u00a0ja Londoni Eesti Selts, v\u00f5istlust\u00f6id hindab z\u00fcrii koosseisus Toomas Lunge, Jaanus Elgula ja Meelis Punder. Kes Skandinaavia turult endale piparkoogitaigent &hellip;<\/p>\n<p class=\"read-more\"> <a class=\"\" href=\"https:\/\/www.estoniansociety.co.uk\/en\/uritused-osale-eesti-seltsi-joulupeo-piparkoogivoistlusel\/\"> <span class=\"screen-reader-text\">Arhiiv &#8211; 2012 &#8211; \u00dcritused &#8211; Osale Eesti Seltsi J\u00f5ulupeo Piparkoogiv\u00f5istlusel<\/span> Read More &raquo;<\/a><\/p>","protected":false},"author":1,"featured_media":0,"parent":0,"menu_order":0,"comment_status":"closed","ping_status":"closed","template":"","meta":{"_mi_skip_tracking":false,"footnotes":""},"class_list":["post-1121","page","type-page","status-publish","hentry"],"_links":{"self":[{"href":"https:\/\/www.estoniansociety.co.uk\/en\/wp-json\/wp\/v2\/pages\/1121","targetHints":{"allow":["GET"]}}],"collection":[{"href":"https:\/\/www.estoniansociety.co.uk\/en\/wp-json\/wp\/v2\/pages"}],"about":[{"href":"https:\/\/www.estoniansociety.co.uk\/en\/wp-json\/wp\/v2\/types\/page"}],"author":[{"embeddable":true,"href":"https:\/\/www.estoniansociety.co.uk\/en\/wp-json\/wp\/v2\/users\/1"}],"replies":[{"embeddable":true,"href":"https:\/\/www.estoniansociety.co.uk\/en\/wp-json\/wp\/v2\/comments?post=1121"}],"version-history":[{"count":5,"href":"https:\/\/www.estoniansociety.co.uk\/en\/wp-json\/wp\/v2\/pages\/1121\/revisions"}],"predecessor-version":[{"id":5685,"href":"https:\/\/www.estoniansociety.co.uk\/en\/wp-json\/wp\/v2\/pages\/1121\/revisions\/5685"}],"wp:attachment":[{"href":"https:\/\/www.estoniansociety.co.uk\/en\/wp-json\/wp\/v2\/media?parent=1121"}],"curies":[{"name":"wp","href":"https:\/\/api.w.org\/{rel}","templated":true}]}}