{"id":1106,"date":"2021-06-14T16:01:56","date_gmt":"2021-06-14T16:01:56","guid":{"rendered":"https:\/\/estoniansociety.co.uk\/?page_id=1106"},"modified":"2022-02-03T12:51:45","modified_gmt":"2022-02-03T12:51:45","slug":"uritused-25-01-vorkpalli-mangimine-sisehallis","status":"publish","type":"page","link":"https:\/\/www.estoniansociety.co.uk\/en\/uritused-25-01-vorkpalli-mangimine-sisehallis\/","title":{"rendered":"\u00dcritused &#8211; Toimunud \u00fcritused &#8211; V\u00f5rkpalli M\u00e4ngimine Sisehallis"},"content":{"rendered":"<p>&nbsp;<\/p>\n<h2 style=\"text-align: center;\"><span style=\"color: #5e5e61;\">V\u00f5rkpalli M\u00e4ngimine Sisehallis<\/span><\/h2>\n<p><span style=\"color: #5e5e61;\">Suvel traditsiooniks saanud v\u00f5rkpalli m\u00e4ngimine pargis j\u00e4tkab oma tegevust sisehallis, et taaskord tuua eestlasi kokku m\u00f5nusale koosviibimisele.<\/span><\/p>\n<div id=\"articlebody\">\n<div><span style=\"color: #5e5e61;\">Millal:\u00a025.jaanuaril kell 15.00-17.00<\/span><\/div>\n<div><span style=\"color: #5e5e61;\">Kus:\u00a0Battersea Spordikeskuses, Hope Street, London SW11 2DA. L\u00e4him rongijaam on Clapham Junction. Vaata kaarti\u00a0<a style=\"color: #5e5e61;\" href=\"https:\/\/maps.google.co.uk\/maps?q=Hope+Street,+London+SW11+2DA&amp;hl=en&amp;sll=51.528642,-0.101599&amp;sspn=0.526287,1.234589&amp;hnear=Hope+St,+London+SW11,+United+Kingdom&amp;t=m&amp;z=16\">siit<\/a>.\u00a0<\/span><\/div>\n<div><span style=\"color: #5e5e61;\">Maksimum osalejate arv on 3 v\u00f5istkonda ehk 18 inimest, nii et kes ees, see mees.<\/span><\/div>\n<div><span style=\"color: #5e5e61;\">Spordikeskuses on olemas vahetusruumid, riidekapid ning du\u0161i kasutamise v\u00f5imalus. V\u00f5rkpalle kohapeal pole, nii et kellel on v\u00f5imalus palun v\u00f5tke pall kaasa.<\/span><\/div>\n<div><span style=\"color: #5e5e61;\">T\u00e4psemat infot toimumiskoha kohta saab\u00a0<a style=\"color: #5e5e61;\" href=\"http:\/\/www.wandsworth.gov.uk\/info\/644\/leisure_centres_and_facilities\/384\/battersea_sports_centre\">siit<\/a>.<\/span><\/div>\n<div><span style=\"color: #5e5e61;\">Kindlatel tulijatel palun kirjutada s\u00f5num Facebooki Helis Lippingule. Probleemide v\u00f5i lisainfo soovi korral helistada Helisele 07990667344 v\u00f5i Siimule 07889286016.<\/span><\/div>\n<div>\n<p><span style=\"color: #5e5e61;\">Osalustasu:\u00a0Saal maksis 84 naela, nii et olenevalt osalejate arvust tuleb kohapeal tasuda 5-10 naela.<\/span><\/p>\n<\/div>\n<\/div>","protected":false},"excerpt":{"rendered":"<p>&nbsp; V\u00f5rkpalli M\u00e4ngimine Sisehallis Suvel traditsiooniks saanud v\u00f5rkpalli m\u00e4ngimine pargis j\u00e4tkab oma tegevust sisehallis, et taaskord tuua eestlasi kokku m\u00f5nusale koosviibimisele. Millal:\u00a025.jaanuaril kell 15.00-17.00 Kus:\u00a0Battersea Spordikeskuses, Hope Street, London SW11 2DA. L\u00e4him rongijaam on Clapham Junction. Vaata kaarti\u00a0siit.\u00a0 Maksimum osalejate arv on 3 v\u00f5istkonda ehk 18 inimest, nii et kes ees, see mees. Spordikeskuses on &hellip;<\/p>\n<p class=\"read-more\"> <a class=\"\" href=\"https:\/\/www.estoniansociety.co.uk\/en\/uritused-25-01-vorkpalli-mangimine-sisehallis\/\"> <span class=\"screen-reader-text\">\u00dcritused &#8211; Toimunud \u00fcritused &#8211; V\u00f5rkpalli M\u00e4ngimine Sisehallis<\/span> Read More &raquo;<\/a><\/p>","protected":false},"author":1,"featured_media":0,"parent":0,"menu_order":0,"comment_status":"closed","ping_status":"closed","template":"","meta":{"_mi_skip_tracking":false,"footnotes":""},"class_list":["post-1106","page","type-page","status-publish","hentry"],"_links":{"self":[{"href":"https:\/\/www.estoniansociety.co.uk\/en\/wp-json\/wp\/v2\/pages\/1106","targetHints":{"allow":["GET"]}}],"collection":[{"href":"https:\/\/www.estoniansociety.co.uk\/en\/wp-json\/wp\/v2\/pages"}],"about":[{"href":"https:\/\/www.estoniansociety.co.uk\/en\/wp-json\/wp\/v2\/types\/page"}],"author":[{"embeddable":true,"href":"https:\/\/www.estoniansociety.co.uk\/en\/wp-json\/wp\/v2\/users\/1"}],"replies":[{"embeddable":true,"href":"https:\/\/www.estoniansociety.co.uk\/en\/wp-json\/wp\/v2\/comments?post=1106"}],"version-history":[{"count":4,"href":"https:\/\/www.estoniansociety.co.uk\/en\/wp-json\/wp\/v2\/pages\/1106\/revisions"}],"predecessor-version":[{"id":1474,"href":"https:\/\/www.estoniansociety.co.uk\/en\/wp-json\/wp\/v2\/pages\/1106\/revisions\/1474"}],"wp:attachment":[{"href":"https:\/\/www.estoniansociety.co.uk\/en\/wp-json\/wp\/v2\/media?parent=1106"}],"curies":[{"name":"wp","href":"https:\/\/api.w.org\/{rel}","templated":true}]}}