{"id":1093,"date":"2021-06-13T20:15:47","date_gmt":"2021-06-13T20:15:47","guid":{"rendered":"https:\/\/estoniansociety.co.uk\/?page_id=1093"},"modified":"2021-10-18T05:35:17","modified_gmt":"2021-10-18T05:35:17","slug":"lets-learn-estonian-a-beginners-course-is-starting-on-january-28-29","status":"publish","type":"page","link":"https:\/\/www.estoniansociety.co.uk\/en\/lets-learn-estonian-a-beginners-course-is-starting-on-january-28-29\/","title":{"rendered":"Arhiiv &#8211; 2014 &#8211; \u00dcritused &#8211; Let&#8217;s learn Estonian! Beginners Course."},"content":{"rendered":"<p>&nbsp;<\/p>\n<h2 style=\"text-align: center;\">Let&#8217;s learn Estonian!<\/h2>\n<p style=\"text-align: center;\"><strong>A beginners course is starting on January 28-29<\/strong><\/p>\n<p>&nbsp;<\/p>\n<p>Come and join the group for a free taster lesson either on\u00a0<strong>Tuesday 28th January or Wednesday 29th January.<\/strong><\/p>\n<p>Two hour lessons will continue weekly on\u00a0Tuesdays\u00a0at 19:00-21:00.<\/p>\n<p>In addition to learning Estonian you will find out more about Estonians\u2019 mind-set, humour, culture, get to taste some Estonian food and all this in a group of fellow eager learners.<\/p>\n<p>28th\u00a0and 29th\u00a0January:<\/p>\n<p>Gathering and introduction:\u00a018:45<br \/>\nLesson:\u00a019:00-20:00<br \/>\nAddress:\u00a0Estonian House in London, 18 Chepstow Villas, W11 2RB. See the\u00a0<a href=\"https:\/\/maps.google.co.uk\/maps?q=W11+2RB+&amp;hl=en&amp;sll=53.800651,-4.064941&amp;sspn=7.037328,21.643066&amp;hnear=London+W11+2RB,+United+Kingdom&amp;t=m&amp;z=16\">map<\/a>.<br \/>\nTeacher:\u00a0Kerli Liksor (master\u2019s degree in teaching Estonian)<\/p>\n<p>Registration:\u00a0<a href=\"mailto:kerli.liksor@gmail.com\" target=\"_blank\" rel=\"noopener\">kerli.liksor@gmail.com<\/a>\u00a0or\u00a0<a href=\"tel:07748953947\" target=\"_blank\" rel=\"noopener\">07748953947<\/a><\/p>\n<ul>\n<li>For more information contact Kerli via email <a href=\"mailto:kerli.liksor@gmail.com\" target=\"_blank\" rel=\"noopener\">kerli.liksor@gmail.com<\/a>.<\/li>\n<li>You are also welcome to contact Kerli if you cannot make it on Tuesdays or you would prefer one on one lessons.<\/li>\n<li>Face to face and Skype lessons available for all ages and levels<\/li>\n<\/ul>\n<p><em>__________________________________________________________<\/em><\/p>\n<p style=\"text-align: center;\"><strong>\u00a0<\/strong><strong>Eesti<\/strong><strong>\u00a0keele kursus Londonis<\/strong><\/p>\n<p>Uus algajate r\u00fchm alustab Eesti Majas.<\/p>\n<div>Esimene tund on tasuta!\u00a0Tule ja proovi j\u00e4rele\u00a0teisip\u00e4eval, 28. jaanuaril v\u00f5i kolmap\u00e4eval, 29. jaanuaril.<\/div>\n<p>Edaspidi j\u00e4tkame tundidega teisip\u00e4eviti kell 19:00\u201321:00.<\/p>\n<p>28. ja 29. jaanuar:<br \/>\n18:45 saabumine ja sissejuhatus<br \/>\n19:00\u201320:00 eesti keele tund<\/p>\n<p>Address:\u00a0Londoni Eesti Maja, 18 Chepstow Villas, W11 2RB.\u00a0<a href=\"https:\/\/maps.google.co.uk\/maps?q=W11+2RB+&amp;hl=en&amp;sll=53.800651,-4.064941&amp;sspn=7.037328,21.643066&amp;hnear=London+W11+2RB,+United+Kingdom&amp;t=m&amp;z=16\">Vaata kaarti<\/a><\/p>\n<p>\u00d5petaja:\u00a0Kerli Liksor (eesti keele ja kirjanduse \u00f5petaja magistrikraad)<\/p>\n<p>Kui soovite end registreerida v\u00f5i rohkem infot, kirjutage\u00a0<a href=\"mailto:kerli.liksor@gmail.com\" target=\"_blank\" rel=\"noopener\">kerli.liksor@gmail.com<\/a>\u00a0v\u00f5i helistage\u00a0<a href=\"tel:07748953947\" target=\"_blank\" rel=\"noopener\">07748953947<\/a>.<\/p>\n<p>R\u00fchma- ja eratunnid nii lastele kui ka t\u00e4iskasvanutele, v\u00f5imalik \u00f5ppida ka Skype\u2019i teel.<\/p>","protected":false},"excerpt":{"rendered":"<p>&nbsp; Let&#8217;s learn Estonian! A beginners course is starting on January 28-29 &nbsp; Come and join the group for a free taster lesson either on\u00a0Tuesday 28th January or Wednesday 29th January. Two hour lessons will continue weekly on\u00a0Tuesdays\u00a0at 19:00-21:00. In addition to learning Estonian you will find out more about Estonians\u2019 mind-set, humour, culture, get &hellip;<\/p>\n<p class=\"read-more\"> <a class=\"\" href=\"https:\/\/www.estoniansociety.co.uk\/en\/lets-learn-estonian-a-beginners-course-is-starting-on-january-28-29\/\"> <span class=\"screen-reader-text\">Arhiiv &#8211; 2014 &#8211; \u00dcritused &#8211; Let&#8217;s learn Estonian! Beginners Course.<\/span> Read More &raquo;<\/a><\/p>","protected":false},"author":1,"featured_media":0,"parent":0,"menu_order":0,"comment_status":"closed","ping_status":"closed","template":"","meta":{"_mi_skip_tracking":false,"footnotes":""},"class_list":["post-1093","page","type-page","status-publish","hentry"],"_links":{"self":[{"href":"https:\/\/www.estoniansociety.co.uk\/en\/wp-json\/wp\/v2\/pages\/1093","targetHints":{"allow":["GET"]}}],"collection":[{"href":"https:\/\/www.estoniansociety.co.uk\/en\/wp-json\/wp\/v2\/pages"}],"about":[{"href":"https:\/\/www.estoniansociety.co.uk\/en\/wp-json\/wp\/v2\/types\/page"}],"author":[{"embeddable":true,"href":"https:\/\/www.estoniansociety.co.uk\/en\/wp-json\/wp\/v2\/users\/1"}],"replies":[{"embeddable":true,"href":"https:\/\/www.estoniansociety.co.uk\/en\/wp-json\/wp\/v2\/comments?post=1093"}],"version-history":[{"count":5,"href":"https:\/\/www.estoniansociety.co.uk\/en\/wp-json\/wp\/v2\/pages\/1093\/revisions"}],"predecessor-version":[{"id":5702,"href":"https:\/\/www.estoniansociety.co.uk\/en\/wp-json\/wp\/v2\/pages\/1093\/revisions\/5702"}],"wp:attachment":[{"href":"https:\/\/www.estoniansociety.co.uk\/en\/wp-json\/wp\/v2\/media?parent=1093"}],"curies":[{"name":"wp","href":"https:\/\/api.w.org\/{rel}","templated":true}]}}