{"id":1091,"date":"2021-06-13T20:13:36","date_gmt":"2021-06-13T20:13:36","guid":{"rendered":"https:\/\/estoniansociety.co.uk\/?page_id=1091"},"modified":"2021-06-22T20:50:58","modified_gmt":"2021-06-22T20:50:58","slug":"uritused-cashflow-eesti-majas","status":"publish","type":"page","link":"https:\/\/www.estoniansociety.co.uk\/en\/uritused-cashflow-eesti-majas\/","title":{"rendered":"\u00dcritused &#8211; Toimunud \u00fcritused &#8211; Cashflow Eesti Majas"},"content":{"rendered":"<p>&nbsp;<\/p>\n<h2 style=\"text-align: center;\">Cashflow Eesti Majas<\/h2>\n<p>&nbsp;<\/p>\n<div>\n<p>Seltskondlik m\u00e4ng nimega Cashflow alustab uue hooga ja ootab osalema nii vanu kui uusi m\u00e4ngijaid.<\/p>\n<\/div>\n<div><\/div>\n<div><\/div>\n<div id=\"articlebody\">\n<div>\n<p>Millal:\u00a009. veebruaril kell 14.00<\/p>\n<p>&nbsp;<\/p>\n<p>Kus:\u00a0Eesti Majas, aadressil 8 Chepstow Villas W11 2RB. Vaata kaarti\u00a0<a href=\"https:\/\/maps.google.co.uk\/maps?q=18+Chepstow+Villas,+London+W11+2RB&amp;hl=en&amp;sll=52.8382,-2.327815&amp;sspn=8.192473,19.753418&amp;hnear=18+Chepstow+Villas,+London+W11+2RB,+United+Kingdom&amp;t=m&amp;z=16\">siit<\/a>.<\/p>\n<p>&nbsp;<\/p>\n<p>See on m\u00e4ng, mis \u00f5petab rahamaailma toimimist, arendab investeerimisjulgust ja on \u00fclimalt seltskondlik ning p\u00f5nev. Cahsflow sobib nii noortele kui ka v\u00e4hem noortele, nii meestele kui naistele andmata kellelegi vanusest v\u00f5i soost tingitud eeliseid.<\/p>\n<p>&nbsp;<\/p>\n<p>M\u00e4ngu eesm\u00e4rk on riskivabalt l\u00e4bi m\u00e4ngu panna ennast rahamaailmas kindlamalt tundma ning \u00f5petab erinevaid riskitooteid kaalutletult hindama.<\/p>\n<p>&nbsp;<\/p>\n<p>Lisainfo saamiseks p\u00f6\u00f6rduda Allan Reinsalu poole: 07501 084 699<\/p>\n<p>M\u00e4ngu autori\u00f5igused: Robert Kiyosaki, Cashflow 101<\/p>\n<\/div>\n<\/div>","protected":false},"excerpt":{"rendered":"<p>&nbsp; Cashflow Eesti Majas &nbsp; Seltskondlik m\u00e4ng nimega Cashflow alustab uue hooga ja ootab osalema nii vanu kui uusi m\u00e4ngijaid. Millal:\u00a009. veebruaril kell 14.00 &nbsp; Kus:\u00a0Eesti Majas, aadressil 8 Chepstow Villas W11 2RB. Vaata kaarti\u00a0siit. &nbsp; See on m\u00e4ng, mis \u00f5petab rahamaailma toimimist, arendab investeerimisjulgust ja on \u00fclimalt seltskondlik ning p\u00f5nev. Cahsflow sobib nii noortele &hellip;<\/p>\n<p class=\"read-more\"> <a class=\"\" href=\"https:\/\/www.estoniansociety.co.uk\/en\/uritused-cashflow-eesti-majas\/\"> <span class=\"screen-reader-text\">\u00dcritused &#8211; Toimunud \u00fcritused &#8211; Cashflow Eesti Majas<\/span> Read More &raquo;<\/a><\/p>","protected":false},"author":1,"featured_media":0,"parent":0,"menu_order":0,"comment_status":"closed","ping_status":"closed","template":"","meta":{"_mi_skip_tracking":false,"footnotes":""},"class_list":["post-1091","page","type-page","status-publish","hentry"],"_links":{"self":[{"href":"https:\/\/www.estoniansociety.co.uk\/en\/wp-json\/wp\/v2\/pages\/1091","targetHints":{"allow":["GET"]}}],"collection":[{"href":"https:\/\/www.estoniansociety.co.uk\/en\/wp-json\/wp\/v2\/pages"}],"about":[{"href":"https:\/\/www.estoniansociety.co.uk\/en\/wp-json\/wp\/v2\/types\/page"}],"author":[{"embeddable":true,"href":"https:\/\/www.estoniansociety.co.uk\/en\/wp-json\/wp\/v2\/users\/1"}],"replies":[{"embeddable":true,"href":"https:\/\/www.estoniansociety.co.uk\/en\/wp-json\/wp\/v2\/comments?post=1091"}],"version-history":[{"count":2,"href":"https:\/\/www.estoniansociety.co.uk\/en\/wp-json\/wp\/v2\/pages\/1091\/revisions"}],"predecessor-version":[{"id":1425,"href":"https:\/\/www.estoniansociety.co.uk\/en\/wp-json\/wp\/v2\/pages\/1091\/revisions\/1425"}],"wp:attachment":[{"href":"https:\/\/www.estoniansociety.co.uk\/en\/wp-json\/wp\/v2\/media?parent=1091"}],"curies":[{"name":"wp","href":"https:\/\/api.w.org\/{rel}","templated":true}]}}