{"id":1080,"date":"2021-06-13T20:11:18","date_gmt":"2021-06-13T20:11:18","guid":{"rendered":"https:\/\/estoniansociety.co.uk\/?page_id=1080"},"modified":"2021-06-22T20:57:50","modified_gmt":"2021-06-22T20:57:50","slug":"uritused-padjaklubi-eesti-majas","status":"publish","type":"page","link":"https:\/\/www.estoniansociety.co.uk\/en\/uritused-padjaklubi-eesti-majas\/","title":{"rendered":"\u00dcritused &#8211; Toimunud \u00fcritused &#8211; Padjaklubi Eesti Majas"},"content":{"rendered":"<p>&nbsp;<\/p>\n<h2 style=\"text-align: center;\">Padjaklubi Eesti Majas<\/h2>\n<p>&nbsp;<\/p>\n<p>Talv veel kestab, seega viimane hetk kinnas-k\u00e4pik valmis kududa v\u00f5i hoopis kevadiselt lillelist linikut heegeldama hakata.<\/p>\n<div><\/div>\n<div>Nii algajad kui edasij\u00f5udnu oskustega noben\u00e4pud on taas oodatud Eesti Majja koos ilu tegema.<\/div>\n<div><\/div>\n<div>Kaasa tuleb v\u00f5tta tavap\u00e4raselt h\u00e4\u00e4 tuju ja k\u00e4sit\u00f6\u00f6riistad (kui on), kohvi-tee k\u00f5rvale ei tee k\u00fcpsis ka paha, aga see pole kohustuslik element.<\/div>\n<div><\/div>\n<div>Keldriuksest sisse ja vasakule kohvikusse saab\u00a09. veebruaril kell 14.00, klubi kestab umbes kella 17.00ni.<\/div>\n<div><\/div>\n<div>Tule lihtsalt kohale v\u00f5i anna oma k\u00fcsimustest-osalemisplaanidest teada Merlin P\u00e4rnale telefonil 07748906581, meilitsi aadressil\u00a0<a href=\"mailto:t2pike@msn.com\">t2pike@msn.com<\/a>\u00a0v\u00f5i padjaklubi\u00a0<a href=\"https:\/\/www.facebook.com\/groups\/355879101204292\/\">Facebooki-lehel<\/a>.<\/div>\n<div><\/div>\n<div><\/div>","protected":false},"excerpt":{"rendered":"<p>&nbsp; Padjaklubi Eesti Majas &nbsp; Talv veel kestab, seega viimane hetk kinnas-k\u00e4pik valmis kududa v\u00f5i hoopis kevadiselt lillelist linikut heegeldama hakata. Nii algajad kui edasij\u00f5udnu oskustega noben\u00e4pud on taas oodatud Eesti Majja koos ilu tegema. Kaasa tuleb v\u00f5tta tavap\u00e4raselt h\u00e4\u00e4 tuju ja k\u00e4sit\u00f6\u00f6riistad (kui on), kohvi-tee k\u00f5rvale ei tee k\u00fcpsis ka paha, aga see pole &hellip;<\/p>\n<p class=\"read-more\"> <a class=\"\" href=\"https:\/\/www.estoniansociety.co.uk\/en\/uritused-padjaklubi-eesti-majas\/\"> <span class=\"screen-reader-text\">\u00dcritused &#8211; Toimunud \u00fcritused &#8211; Padjaklubi Eesti Majas<\/span> Read More &raquo;<\/a><\/p>","protected":false},"author":1,"featured_media":0,"parent":0,"menu_order":0,"comment_status":"closed","ping_status":"closed","template":"","meta":{"_mi_skip_tracking":false,"footnotes":""},"class_list":["post-1080","page","type-page","status-publish","hentry"],"_links":{"self":[{"href":"https:\/\/www.estoniansociety.co.uk\/en\/wp-json\/wp\/v2\/pages\/1080","targetHints":{"allow":["GET"]}}],"collection":[{"href":"https:\/\/www.estoniansociety.co.uk\/en\/wp-json\/wp\/v2\/pages"}],"about":[{"href":"https:\/\/www.estoniansociety.co.uk\/en\/wp-json\/wp\/v2\/types\/page"}],"author":[{"embeddable":true,"href":"https:\/\/www.estoniansociety.co.uk\/en\/wp-json\/wp\/v2\/users\/1"}],"replies":[{"embeddable":true,"href":"https:\/\/www.estoniansociety.co.uk\/en\/wp-json\/wp\/v2\/comments?post=1080"}],"version-history":[{"count":2,"href":"https:\/\/www.estoniansociety.co.uk\/en\/wp-json\/wp\/v2\/pages\/1080\/revisions"}],"predecessor-version":[{"id":1462,"href":"https:\/\/www.estoniansociety.co.uk\/en\/wp-json\/wp\/v2\/pages\/1080\/revisions\/1462"}],"wp:attachment":[{"href":"https:\/\/www.estoniansociety.co.uk\/en\/wp-json\/wp\/v2\/media?parent=1080"}],"curies":[{"name":"wp","href":"https:\/\/api.w.org\/{rel}","templated":true}]}}