{"id":1074,"date":"2021-06-13T20:07:54","date_gmt":"2021-06-13T20:07:54","guid":{"rendered":"https:\/\/estoniansociety.co.uk\/?page_id=1074"},"modified":"2021-10-18T05:39:29","modified_gmt":"2021-10-18T05:39:29","slug":"uritused-eesti-vabariigi-96-aastapaeva-kontsertvastuvott-londonis","status":"publish","type":"page","link":"https:\/\/www.estoniansociety.co.uk\/en\/uritused-eesti-vabariigi-96-aastapaeva-kontsertvastuvott-londonis\/","title":{"rendered":"Arhiiv &#8211; 2014 &#8211; \u00dcritused &#8211; Eesti Vabariigi 96. Aastap\u00e4eva Kontsertvastuv\u00f5tt Londonis"},"content":{"rendered":"<p>&nbsp;<\/p>\n<h2 style=\"text-align: center;\">Eesti Vabariigi 96. Aastap\u00e4eva Kontsertvastuv\u00f5tt Londonis<\/h2>\n<p>&nbsp;<\/p>\n<p>Sel aastal t\u00e4histame Londonis Eesti Vabariigi aastap\u00e4eva \u00f5igel kuup\u00e4eval, 24. veebruaril. Kuna tegemist on esmasp\u00e4evaga, siis ootame teid k\u00f5iki pidulikule kontsertvastuv\u00f5tule Westminster Cathedral Halli meie iseseisvusp\u00e4eva \u00f5htul kell 18.30.<\/p>\n<div>\n<p>Kontserdile j\u00e4rgneb vastuv\u00f5tt, kus pakume k\u00f5igile vahuveini ja sinna k\u00f5rvale rukkileiba kiluga, koduseid pirukaid, soolast ja magusat kringlit, kohupiimakooki ning Kalevi komme. Vastuv\u00f5tu ajal \u00fchineme otsepildis Eestis P\u00e4rnu kontserdimajas samal ajal toimuva Vabariigi Presidendi vastuv\u00f5tuga. Kel soovi, saab p\u00e4rast meie \u00fcritust j\u00e4tkata aastap\u00e4eva t\u00e4histamist s\u00fcdalinnas Pall Malli l\u00e4hedal k\u00f5igile tuttavas Red Lioni \u201cReinu\u201d pubis aadressil 23 Crown\u2019s Passage St. James London, SW1Y 6PP.<\/p>\n<p>Eesti Vabariigi 96. aastap\u00e4eva kontsertvastuv\u00f5tu peakorraldajateks on taas\u00a0<a href=\"http:\/\/www.estonianguild.co.uk\/\" target=\"_blank\" rel=\"noopener\">Eesti Gild Londonis<\/a>,\u00a0<a href=\"http:\/\/www.eestikoollondonis.co.uk\/\" target=\"_blank\" rel=\"noopener\">Eesti Kool Londonis<\/a>\u00a0ja\u00a0<a href=\"https:\/\/www.estoniansociety.co.uk\/en\/\" target=\"_blank\" rel=\"noopener\">Londoni Eesti Selts<\/a>. \u00dcritust toetavad\u00a0<a href=\"http:\/\/www.estonia.gov.uk\/\" target=\"_blank\" rel=\"noopener\">Eesti saatkond Londonis<\/a>,\u00a0<a href=\"http:\/\/www.estonianhouselondon.org\/\" target=\"_blank\" rel=\"noopener\">Eesti Maja Londonis<\/a>, Eesti Abistamise Komitee,\u00a0<a href=\"http:\/\/www.britishestonianassociation.co.uk\/\" target=\"_blank\" rel=\"noopener\">Briti-Eesti Assotsiatsioon<\/a>\u00a0ning E.E.L.K. Londoni kogudus.<\/p>\n<p>Kolm aastat tagasi korraldatud kontsertaktusega taastasime ammu katkenud traditsiooni t\u00e4histada Eesti iseseisvusp\u00e4eva Londonis avaliku \u00fcritusega, mille korraldamiseks tulevad kokku k\u00f5ik kohalikke eestlasi \u00fchendavad organisatsioonid. Selleks, et s\u00e4ilitada side ajaloo ning varasemate traditsioonidega, toimuvad meie \u00fcritused samades ruumides Westminster Cathedral Hallis, kus viimati ligi 40 aastat tagasi, kui kohalik eestlaskond t\u00e4histas Eesti Vabariigi 53. aastap\u00e4eva. Eelmistel aastatel on peo auk\u00fclalisteks olnud vana sepp Ivan Orav, armastatud luuletaja ja hinnatud t\u00f5lkija Doris Kareva, ETV t\u00fctarlastekoor, Euroopa Parlamendi saadik Tunne Kelam ja Riigikogu liige Mari-Ann Kelam.<\/p>\n<p>NB!\u00a0\u00dcrituse ametlik algusaeg on k\u00fcll 18.30, kuid uksed avame juba kell 16.00, kui k\u00f5ik huvilised on oodatud peo ettevalmistustele appi ning samal ajal v\u00f5ib suurelt ekraanilt vaadata ETV otse\u00fclekannet presidendipaari k\u00e4tlemistseremoonialt P\u00e4rnu kontserdimajas.<\/p>\n<p>&nbsp;<\/p>\n<h3>Esinejad<\/h3>\n<p>Eesti Muusika- ja Teatriakadeemia Lavakunstikooli 27. lend\u00a0alustas oma \u00f5pinguid 2012. aasta s\u00fcgisel Katariina Undi ning Peeter Raudsepa juhendamisel.<\/p>\n<p>Hetkel viibib kogu kursus Londonis Rose Bruford College\u2019is, kus \u00f5pitakse kevadsemestri esimesed kuus n\u00e4dalat. Tegu on \u00fcli\u00f5pilasvahetusega, mille raames on juba ka paljud varasemad Lavakunstikooli \u00fcli\u00f5pilased saanud tutvuda inglise teatritraditsiooniga, tutvuda suurlinnaeluga ning n\u00e4ha maailma absoluutsesse paremikku kuuluvaid etendusi.<\/p>\n<p>Pianist Kristiina Rokashevich alustas oma muusika\u00f5pinguid Tallinna Muusikakeskkoolis Ell Saviaugu ja Marko Martini juhendamisel ning j\u00e4tkas hiljem Eesti Muusika-ja Teatriakadeemias, \u00f5petajateks Marko Martin ja prof. Ivari Ilja. 2010. aastal kolis Kristiina Londonisse, et \u00f5ppida prof. Joan Havilliga Guildhalli Muusika-ja Draamakoolis, kus ta n\u00fc\u00fcdseks j\u00e4tkab ka oma magistri\u00f5pinguid. Kristiina on v\u00f5itnud mitmeid auhindu ja toetusi, hilisemad ja t\u00e4htsamad nende seas on II preemia Oxfordi muusikafestivalil, III preemia Euroopa Beethoveni Klaveri\u00fchingu Beethoveni konkursil, Londoni Sergei Rachmaninovi \u00fchingu stipendium. Samuti toetab Kristiinat Eesti Kultuurkapital ja SA Archimedes. Kristiina on esinenud Eestis, Soomes, L\u00e4tis, Austrias, Sveitsis ning \u00dchendkuningriigis. Solistina on ta astunud ette koos Tallinna Kammerorkestri, P\u00e4rnu Linnaorkestri, Eesti Muusika-ja Teatriakadeemia s\u00fcmfooniaorkestri ning Eesti Riikliku S\u00fcmfooniaorkestriga. Ta on olnud stipendiaat Tel-Hai rahvusvahelisel meistrikursusel Iisraelis, kus ta t\u00f6\u00f6tas Alon Goldsteini ning Emanuel Krasovskiga ning p\u00e4lvis festivali audiplomi.<\/p>\n<p>Mirjam Mesak\u00a0on 23-aastane sopran Eestist. Mirjam on osalenud mitmetel kontsertreisidel u\u0308le maailma, vo\u0303tnud osa paljudest koori-, ansambli- ja solistidekonkurssidest ning ma\u0308nginud erinevates muusikalides Eesti suurimatel lavadel. Aastal 2006 valmis Mirjamil koosto\u0308o\u0308s Priit Pajusaarega debu\u0308u\u0308talbum \u201cSamas kaugel ja siin\u201d. Mirjam on lo\u0303petanud Tallinna Muusikakooli klaveri erialal ja Georg Otsa nimelise Tallinna Muusikakooli klassikalise laulu erialal(o\u0303petaja Teele Jo\u0303ks). Hetkel o\u0303pib Mirjam Londonis Guildhall School of Music and Drama o\u0303petaja Rudolf Piernay k\u00e4e all.<\/p>\n<p>Londoni Eesti Seltsi segakoor\u00a0taasasutati 2010. a. kevadel p\u00e4rast aastatepikkust vaheaega. Juba m\u00f5nda aega oli mitmete kohalike eestlaste hinges olnud tahe laulda, oleks ainult kus ja kellega seda teha. Otsustavaks t\u00f5ukej\u00f5uks koondada \u00fchte lauluhuvilised \u00dchendkuningriigi pealinnas ja ka kaugemal elavad eestlased ning koos laulma asuda sai vajadus Eesti esindamise j\u00e4rele iga aasta juunikuus toimuval k\u00fc\u00fcditamise m\u00e4lestusteenistusel, kus traditsiooniliselt on ikka laulnud eesti, l\u00e4ti ja leedu \u00fchendkoor. Eestlaste puudumisel oli selle kombe edasi kandmine j\u00e4\u00e4nud meie kahe l\u00f5unanaabri esindajate hooleks. Esimese kevadise \u00fcleskutse peale vastas \u00fcllatavalt palju rahvuskaaslasi, kelle n\u00f5ul ja j\u00f5ul saigi taas elu sisse Londoni Eesti Seltsi segakoor. 2014. aasta on koori jaoks v\u00e4ga eriline, sest olles konkursi edukalt l\u00e4binud suunduvad nad suvel Eestisse XXVI laulu- ja XIX tantsupeole laulma.<\/p>\n<p>Londoni Eesti Seltsi rahvatantsur\u00fchma\u00a0tegevus taaselustati 2011. a varakevadel. Aasta varem, peale aastatepikkust pausi uuesti tegutsema hakanud LESi laulukoori liikmete hulgas leidus neid, kes laulmise k\u00f5rval ka meeleldi jalga keerutaks. Veebruaris 2011 Londoni Eesti Seltsi ja Londoni Eesti Gildi \u00fchisel peakorraldamisel Eesti Vabariigi 93. aastap\u00e4eva t\u00e4histamiseks tantsugrupi lavale toomise m\u00f5te sai viimaseks t\u00f5ukeks rahvatantsur\u00fchma taasloomisel. Westminster Cathedral Halli kodumaa s\u00fcnnip\u00e4evaks esinema veel ei j\u00f5utud, kuid alates 2011 m\u00e4rtsikuust on r\u00fchm regulaarselt L\u00e4ti Majas koos k\u00e4inud. Ka neil on soov osaleda 2014. aastal toimuval XXVI laulu- ja XIX tantsupeol, kuid tantsijate konkursid veel k\u00e4ivad. Hoiame neile p\u00f6ialt!<\/p>\n<p>&nbsp;<\/p>\n<h3>Toimumiskoht<\/h3>\n<p>Pidulik kontsertvastuv\u00f5tt toimub juba neljandat aastat Londoni s\u00fcdalinnas Westminster Cathedral Hallis, kus kohalikud eestlased pidasid vabariigi s\u00fcnnip\u00e4evi juba 40 aastat tagasi. Kontserdisaali aadress on Ambrosden Avenue, SW1P 1QH. Saal asub Westminsteri katedraali peahoone k\u00f5rval, sisse p\u00e4\u00e4seb Ambrosden Avenue kaudu. L\u00e4himad metroojaamad on Victoria ja St James\u2019 Park.<\/p>\n<p>&nbsp;<\/p>\n<\/div>","protected":false},"excerpt":{"rendered":"<p>&nbsp; Eesti Vabariigi 96. Aastap\u00e4eva Kontsertvastuv\u00f5tt Londonis &nbsp; Sel aastal t\u00e4histame Londonis Eesti Vabariigi aastap\u00e4eva \u00f5igel kuup\u00e4eval, 24. veebruaril. Kuna tegemist on esmasp\u00e4evaga, siis ootame teid k\u00f5iki pidulikule kontsertvastuv\u00f5tule Westminster Cathedral Halli meie iseseisvusp\u00e4eva \u00f5htul kell 18.30. Kontserdile j\u00e4rgneb vastuv\u00f5tt, kus pakume k\u00f5igile vahuveini ja sinna k\u00f5rvale rukkileiba kiluga, koduseid pirukaid, soolast ja magusat kringlit, &hellip;<\/p>\n<p class=\"read-more\"> <a class=\"\" href=\"https:\/\/www.estoniansociety.co.uk\/en\/uritused-eesti-vabariigi-96-aastapaeva-kontsertvastuvott-londonis\/\"> <span class=\"screen-reader-text\">Arhiiv &#8211; 2014 &#8211; \u00dcritused &#8211; Eesti Vabariigi 96. Aastap\u00e4eva Kontsertvastuv\u00f5tt Londonis<\/span> Read More &raquo;<\/a><\/p>","protected":false},"author":1,"featured_media":0,"parent":0,"menu_order":0,"comment_status":"closed","ping_status":"closed","template":"","meta":{"_mi_skip_tracking":false,"footnotes":""},"class_list":["post-1074","page","type-page","status-publish","hentry"],"_links":{"self":[{"href":"https:\/\/www.estoniansociety.co.uk\/en\/wp-json\/wp\/v2\/pages\/1074","targetHints":{"allow":["GET"]}}],"collection":[{"href":"https:\/\/www.estoniansociety.co.uk\/en\/wp-json\/wp\/v2\/pages"}],"about":[{"href":"https:\/\/www.estoniansociety.co.uk\/en\/wp-json\/wp\/v2\/types\/page"}],"author":[{"embeddable":true,"href":"https:\/\/www.estoniansociety.co.uk\/en\/wp-json\/wp\/v2\/users\/1"}],"replies":[{"embeddable":true,"href":"https:\/\/www.estoniansociety.co.uk\/en\/wp-json\/wp\/v2\/comments?post=1074"}],"version-history":[{"count":5,"href":"https:\/\/www.estoniansociety.co.uk\/en\/wp-json\/wp\/v2\/pages\/1074\/revisions"}],"predecessor-version":[{"id":5705,"href":"https:\/\/www.estoniansociety.co.uk\/en\/wp-json\/wp\/v2\/pages\/1074\/revisions\/5705"}],"wp:attachment":[{"href":"https:\/\/www.estoniansociety.co.uk\/en\/wp-json\/wp\/v2\/media?parent=1074"}],"curies":[{"name":"wp","href":"https:\/\/api.w.org\/{rel}","templated":true}]}}