{"id":1063,"date":"2021-06-13T20:01:45","date_gmt":"2021-06-13T20:01:45","guid":{"rendered":"https:\/\/estoniansociety.co.uk\/?page_id=1063"},"modified":"2021-10-18T05:41:30","modified_gmt":"2021-10-18T05:41:30","slug":"uritused-tule-vorkpalli-mangima","status":"publish","type":"page","link":"https:\/\/www.estoniansociety.co.uk\/en\/uritused-tule-vorkpalli-mangima\/","title":{"rendered":"Arhiiv &#8211; 2014 &#8211; \u00dcritused &#8211; Tule V\u00f5rkpalli M\u00e4ngima"},"content":{"rendered":"<p>&nbsp;<\/p>\n<h2 style=\"text-align: center;\">Tule V\u00f5rkpalli M\u00e4ngima<\/h2>\n<p>&nbsp;<\/p>\n<p>Juba varsti toimub selle aasta esimene v\u00f5rkpalli m\u00e4ngimine ja grillimine pargis.<\/p>\n<p style=\"text-align: center;\">Millal:\u00a006. aprillil kell 13.00<\/p>\n<div style=\"text-align: center;\">Kus:\u00a0Kensingtoni pargis \u00a0Vaata kaarti\u00a0<a href=\"https:\/\/www.google.co.uk\/maps\/place\/Kensington+Gardens\/@51.5059673,-0.1806278,15z\/data=%213m1%214b1%214m2%213m1%211s0x48760550e0a7a33d:0x62eea98228b6b77c\">siit<\/a>.<\/div>\n<div><\/div>\n<div>\u00dcritus toimub ainult hea ilmaga, vastasel juhul j\u00e4\u00e4b \u00fcritus \u00e4ra. Kaasa v\u00f5tta hea tuju ja palju p\u00e4ikest.<\/div>\n<div>Transport: L\u00e4himad rongijaamad on Notting Hill Gate, Lancaster Gate, Bayswater ja High Street Kensington.<\/div>\n<div>\n<p>Lisainfot saab Egerthi 07969 128947 v\u00f5i Siimu 07889 286016 k\u00e4est.<\/p>\n<p>&nbsp;<\/p>\n<p><img loading=\"lazy\" decoding=\"async\" class=\"wp-image-5707 aligncenter\" src=\"https:\/\/www.estoniansociety.co.uk\/wp-content\/uploads\/2021\/10\/vorkpall-pargis-300x200.jpg\" alt=\"\" width=\"470\" height=\"313\" srcset=\"https:\/\/www.estoniansociety.co.uk\/wp-content\/uploads\/2021\/10\/vorkpall-pargis-300x200.jpg 300w, https:\/\/www.estoniansociety.co.uk\/wp-content\/uploads\/2021\/10\/vorkpall-pargis-768x512.jpg 768w, https:\/\/www.estoniansociety.co.uk\/wp-content\/uploads\/2021\/10\/vorkpall-pargis-18x12.jpg 18w, https:\/\/www.estoniansociety.co.uk\/wp-content\/uploads\/2021\/10\/vorkpall-pargis.jpg 951w\" sizes=\"auto, (max-width: 470px) 100vw, 470px\" \/><\/p>\n<\/div>","protected":false},"excerpt":{"rendered":"<p>&nbsp; Tule V\u00f5rkpalli M\u00e4ngima &nbsp; Juba varsti toimub selle aasta esimene v\u00f5rkpalli m\u00e4ngimine ja grillimine pargis. Millal:\u00a006. aprillil kell 13.00 Kus:\u00a0Kensingtoni pargis \u00a0Vaata kaarti\u00a0siit. \u00dcritus toimub ainult hea ilmaga, vastasel juhul j\u00e4\u00e4b \u00fcritus \u00e4ra. Kaasa v\u00f5tta hea tuju ja palju p\u00e4ikest. Transport: L\u00e4himad rongijaamad on Notting Hill Gate, Lancaster Gate, Bayswater ja High Street Kensington. &hellip;<\/p>\n<p class=\"read-more\"> <a class=\"\" href=\"https:\/\/www.estoniansociety.co.uk\/en\/uritused-tule-vorkpalli-mangima\/\"> <span class=\"screen-reader-text\">Arhiiv &#8211; 2014 &#8211; \u00dcritused &#8211; Tule V\u00f5rkpalli M\u00e4ngima<\/span> Read More &raquo;<\/a><\/p>","protected":false},"author":1,"featured_media":0,"parent":0,"menu_order":0,"comment_status":"closed","ping_status":"closed","template":"","meta":{"_mi_skip_tracking":false,"footnotes":""},"class_list":["post-1063","page","type-page","status-publish","hentry"],"_links":{"self":[{"href":"https:\/\/www.estoniansociety.co.uk\/en\/wp-json\/wp\/v2\/pages\/1063","targetHints":{"allow":["GET"]}}],"collection":[{"href":"https:\/\/www.estoniansociety.co.uk\/en\/wp-json\/wp\/v2\/pages"}],"about":[{"href":"https:\/\/www.estoniansociety.co.uk\/en\/wp-json\/wp\/v2\/types\/page"}],"author":[{"embeddable":true,"href":"https:\/\/www.estoniansociety.co.uk\/en\/wp-json\/wp\/v2\/users\/1"}],"replies":[{"embeddable":true,"href":"https:\/\/www.estoniansociety.co.uk\/en\/wp-json\/wp\/v2\/comments?post=1063"}],"version-history":[{"count":3,"href":"https:\/\/www.estoniansociety.co.uk\/en\/wp-json\/wp\/v2\/pages\/1063\/revisions"}],"predecessor-version":[{"id":5708,"href":"https:\/\/www.estoniansociety.co.uk\/en\/wp-json\/wp\/v2\/pages\/1063\/revisions\/5708"}],"wp:attachment":[{"href":"https:\/\/www.estoniansociety.co.uk\/en\/wp-json\/wp\/v2\/media?parent=1063"}],"curies":[{"name":"wp","href":"https:\/\/api.w.org\/{rel}","templated":true}]}}