{"id":1056,"date":"2021-06-13T19:57:55","date_gmt":"2021-06-13T19:57:55","guid":{"rendered":"https:\/\/estoniansociety.co.uk\/?page_id=1056"},"modified":"2021-06-22T20:57:57","modified_gmt":"2021-06-22T20:57:57","slug":"uritused-parts-music-performed-by-london-symphony-orchestra-and-conducted-by-jarvi","status":"publish","type":"page","link":"https:\/\/www.estoniansociety.co.uk\/en\/uritused-parts-music-performed-by-london-symphony-orchestra-and-conducted-by-jarvi\/","title":{"rendered":"\u00dcritused &#8211; Toimunud \u00fcritused &#8211; P\u00e4rt\u2019s Music Performed by London Symphony Orchestra and Conducted by J\u00e4rvi"},"content":{"rendered":"<p>&nbsp;<\/p>\n<h2 style=\"text-align: center;\">P\u00e4rt\u2019s Music Performed by London Symphony Orchestra and Conducted by J\u00e4rvi<\/h2>\n<p>&nbsp;<\/p>\n<p>Where:\u00a0Barbican Hall, Barbican Centre, Silk Street London,\u00a0<a href=\"https:\/\/www.google.co.uk\/maps\/place\/UK\/@51.5198596,-0.0938673,17z\/data=%213m1%215s0x48761caa000df0e1:0x40d21ece0f4ee615%214m2%213m1%211s0x48761b55fefad5a3:0xc442ea8da9542934\">EC2Y 8DS<\/a><\/p>\n<div>When:\u00a0Thursday 24 April at 7.30pm<\/div>\n<div>\n<div>Arvo P\u00e4rt\u2019s music will be performed by the London Symphony Orchestra and conducted by Kristjan J\u00e4rvi on the 24th of April at the Barbican Centre.<\/div>\n<div>\n<p>This April two stunning soundworlds are brought together: leading Estonian-American conductor Kristjan J\u00e4rvi, noted for his curiosity for the non-traditional, presents a highly spiritual programme exploring the beautifully haunting \u2018holy minimalism\u2019 of Estonian composer Arvo P\u00e4rt alongside the mystic, middle-eastern infused jazz of Tunisian vocalist and oud player Dhafer Youssef. As thrilling as it is thought-provoking, this celebration of man, mysticism and music eclipses cultural boundaries and promises to remind us of the rapture all musicians and music-lovers have in common.Additional information:\u00a0<a href=\"http:\/\/www.barbican.org.uk\/music\/event-detail.asp?ID=14571\">http:\/\/www.barbican.org.uk\/music\/event-detail.asp?ID=14571\u00a0<\/a><\/p>\n<\/div>\n<\/div>\n<div><\/div>","protected":false},"excerpt":{"rendered":"<p>&nbsp; P\u00e4rt\u2019s Music Performed by London Symphony Orchestra and Conducted by J\u00e4rvi &nbsp; Where:\u00a0Barbican Hall, Barbican Centre, Silk Street London,\u00a0EC2Y 8DS When:\u00a0Thursday 24 April at 7.30pm Arvo P\u00e4rt\u2019s music will be performed by the London Symphony Orchestra and conducted by Kristjan J\u00e4rvi on the 24th of April at the Barbican Centre. This April two stunning &hellip;<\/p>\n<p class=\"read-more\"> <a class=\"\" href=\"https:\/\/www.estoniansociety.co.uk\/en\/uritused-parts-music-performed-by-london-symphony-orchestra-and-conducted-by-jarvi\/\"> <span class=\"screen-reader-text\">\u00dcritused &#8211; Toimunud \u00fcritused &#8211; P\u00e4rt\u2019s Music Performed by London Symphony Orchestra and Conducted by J\u00e4rvi<\/span> Read More &raquo;<\/a><\/p>","protected":false},"author":1,"featured_media":0,"parent":0,"menu_order":0,"comment_status":"closed","ping_status":"closed","template":"","meta":{"_mi_skip_tracking":false,"footnotes":""},"class_list":["post-1056","page","type-page","status-publish","hentry"],"_links":{"self":[{"href":"https:\/\/www.estoniansociety.co.uk\/en\/wp-json\/wp\/v2\/pages\/1056","targetHints":{"allow":["GET"]}}],"collection":[{"href":"https:\/\/www.estoniansociety.co.uk\/en\/wp-json\/wp\/v2\/pages"}],"about":[{"href":"https:\/\/www.estoniansociety.co.uk\/en\/wp-json\/wp\/v2\/types\/page"}],"author":[{"embeddable":true,"href":"https:\/\/www.estoniansociety.co.uk\/en\/wp-json\/wp\/v2\/users\/1"}],"replies":[{"embeddable":true,"href":"https:\/\/www.estoniansociety.co.uk\/en\/wp-json\/wp\/v2\/comments?post=1056"}],"version-history":[{"count":4,"href":"https:\/\/www.estoniansociety.co.uk\/en\/wp-json\/wp\/v2\/pages\/1056\/revisions"}],"predecessor-version":[{"id":1463,"href":"https:\/\/www.estoniansociety.co.uk\/en\/wp-json\/wp\/v2\/pages\/1056\/revisions\/1463"}],"wp:attachment":[{"href":"https:\/\/www.estoniansociety.co.uk\/en\/wp-json\/wp\/v2\/media?parent=1056"}],"curies":[{"name":"wp","href":"https:\/\/api.w.org\/{rel}","templated":true}]}}