{"id":1039,"date":"2021-06-13T19:46:06","date_gmt":"2021-06-13T19:46:06","guid":{"rendered":"https:\/\/estoniansociety.co.uk\/?page_id=1039"},"modified":"2021-10-18T05:50:51","modified_gmt":"2021-10-18T05:50:51","slug":"uritused-londoni-eesti-seltsi-jaanipidu-2014","status":"publish","type":"page","link":"https:\/\/www.estoniansociety.co.uk\/en\/uritused-londoni-eesti-seltsi-jaanipidu-2014\/","title":{"rendered":"Arhiiv &#8211; 2014 &#8211; \u00dcritused &#8211; Londoni Eesti Seltsi Jaanipidu"},"content":{"rendered":"<p>&nbsp;<\/p>\n<h2 style=\"text-align: center;\"><span style=\"color: #5e5e61;\">Londoni Eesti Seltsi Jaanipidu 2014<\/span><\/h2>\n<p>&nbsp;<\/p>\n<p><span style=\"color: #5e5e61;\"><em>Please scroll down for English<\/em><\/span><\/p>\n<div><span style=\"color: #5e5e61;\"><em>\u00a0<\/em><\/span><\/div>\n<div id=\"articlebody\">\n<p><img loading=\"lazy\" decoding=\"async\" class=\"wp-image-5715 aligncenter\" src=\"https:\/\/www.estoniansociety.co.uk\/wp-content\/uploads\/2021\/10\/Londoni-eestlaste-jaanik-2014-banner-300x89.png\" alt=\"\" width=\"609\" height=\"181\" srcset=\"https:\/\/www.estoniansociety.co.uk\/wp-content\/uploads\/2021\/10\/Londoni-eestlaste-jaanik-2014-banner-300x89.png 300w, https:\/\/www.estoniansociety.co.uk\/wp-content\/uploads\/2021\/10\/Londoni-eestlaste-jaanik-2014-banner-1024x304.png 1024w, https:\/\/www.estoniansociety.co.uk\/wp-content\/uploads\/2021\/10\/Londoni-eestlaste-jaanik-2014-banner-768x228.png 768w, https:\/\/www.estoniansociety.co.uk\/wp-content\/uploads\/2021\/10\/Londoni-eestlaste-jaanik-2014-banner-18x5.png 18w, https:\/\/www.estoniansociety.co.uk\/wp-content\/uploads\/2021\/10\/Londoni-eestlaste-jaanik-2014-banner.png 1265w\" sizes=\"auto, (max-width: 609px) 100vw, 609px\" \/><\/p>\n<p><span style=\"color: #5e5e61;\">Jaanipidu tuleb!<\/span><\/p>\n<p><span style=\"color: #5e5e61;\">Sel aastal juba \u00fcheteistk\u00fcmnendat korda ning taas Londoni l\u00e4hedal k\u00f5igile tuttavas Foxgrove klubis. T\u00e4navuse peo p\u00fchendame eestimaisele tantsumuusikale ja harrastusteatrile. Seasaare N\u00e4item\u00e4ngu Selts Viljandist toob Londonisse oma uue humoorika suvelavastuse \u201cToonekurg\u201d ning noorematele jaanip\u00e4evalistele tulevad Eestist k\u00fclla Tiigrikutsu ja kloun Felix.<\/span><\/p>\n<p><span style=\"color: #5e5e61;\">Jaanipeo peak\u00fclalised on Elmari raadio saatejuhid, kes toovad Eestist endaga kaasa hulgaliselt vana armsat ning uut ja p\u00f5nevat kodumaist muusikat. Lisaks viivad nad l\u00e4bi huvitavaid m\u00e4nge, teevad intervjuusid ning r\u00e4\u00e4givad Elmari raadio tegemisest. \u00d5htuh\u00e4maruses s\u00fcttivad diskotuled ning Elmari raadio DJ-d ootavad k\u00f5iki kodumaiste tantsulugude saatel jalga keerutama.<\/span><\/p>\n<p><span style=\"color: #5e5e61;\">Peo korraldajad on\u00a0<a style=\"color: #5e5e61;\" href=\"http:\/\/www.estonianguild.co.uk\/\" target=\"_blank\" rel=\"noopener\">Eesti Gild Londonis<\/a>,\u00a0<a style=\"color: #5e5e61;\" href=\"http:\/\/www.eestikoollondonis.co.uk\/\" target=\"_blank\" rel=\"noopener\">Eesti Kool Londonis<\/a>\u00a0ja\u00a0<a style=\"color: #5e5e61;\" href=\"https:\/\/www.estoniansociety.co.uk\/en\/\" target=\"_blank\" rel=\"noopener\">Londoni Eesti Selts<\/a>. \u00dcritust toetavad mitmed toredad ettev\u00f5tted: uus \u00dcK ja Eesti vaheline pakiveoteenus\u00a0<a style=\"color: #5e5e61;\" href=\"https:\/\/www.facebook.com\/EstoLink\" target=\"_blank\" rel=\"noopener\">Estolink<\/a>, taksoteenust pakkuv\u00a0<a style=\"color: #5e5e61;\" href=\"http:\/\/www.carrotcars.co.uk\/\" target=\"_blank\" rel=\"noopener\">Carrot Cars<\/a>\u00a0ja eestlaste kohvi\u00e4ri\u00a0<a style=\"color: #5e5e61;\" href=\"http:\/\/www.mousetailcoffee.com\/\" target=\"_blank\" rel=\"noopener\">Mouse Tail Coffee<\/a>.<\/span><\/p>\n<p><span style=\"color: #5e5e61;\">KUUP\u00c4EV:\u00a0laup\u00e4ev, 7. juuni 2014<\/span><br \/>\n<span style=\"color: #5e5e61;\">ALGUS:\u00a014.00 kuni 23.00<\/span><br \/>\n<span style=\"color: #5e5e61;\">KOHT:\u00a0The Foxgrove Club, Westgate Road, Beckenham\u00a0<a style=\"color: #5e5e61;\" href=\"https:\/\/www.google.com\/maps\/place\/The+Foxgrove+Club\/@51.415059,-0.014446,17z\/data=%213m1%214b1%214m2%213m1%211s0x0:0xc7ac674bf26bc5f9\" target=\"_blank\" rel=\"noopener\">BR3 5DE<\/a><\/span><\/p>\n<div>\n<p><span style=\"color: #5e5e61;\">Loe l\u00e4hemalt, registreeri ja osta piletid siit:\u00a0<a style=\"color: #5e5e61;\" href=\"https:\/\/www.estoniansociety.co.uk\/en\/jaanik-2014-midsummer-party-2014\/\">https:\/\/estoniansociety.co.uk\/jaanik-2014-midsummer-party-2014<\/a><\/span><\/p>\n<p>&nbsp;<\/p>\n<h3 style=\"text-align: center;\"><span style=\"color: #5e5e61;\">ESTONIAN MIDSUMMER PARTY<\/span><\/h3>\n<div><\/div>\n<div><span style=\"color: #5e5e61;\">For the eleventh year running, the Foxgrove Club in Beckenham will be the venue for our Estonian Midsummer Party (Westgate Road, BR3 5ED) on\u00a0Saturday, 7 June 2013 starting at 2.00 pm.\u00a0The event is being organised by the Estonian Guild in London, the Estonian Society in London and the Estonian School in London and is also supported by Estolink, Carrot Cars and Mouste Tail Coffee.\u00a0<\/span><\/div>\n<div><span style=\"color: #5e5e61;\">As always, we offer a variety of activities for both young and old including folk music and dance, different workshops, a huge bonfire, a traditional Estonian food and much more.\u00a0<\/span><\/div>\n<div><\/div>\n<div><span style=\"color: #5e5e61;\">For registration and tickets visit:\u00a0<a style=\"color: #5e5e61;\" href=\"https:\/\/www.estoniansociety.co.uk\/en\/jaanik-2014-midsummer-party-2014\/registreerimine-registration\/\">https:\/\/estoniansociety.co.uk\/jaanik-2014-midsummer-party-2014\/registreerimine-registration<\/a><\/span><\/div>\n<\/div>\n<\/div>\n<p>&nbsp;<\/p>","protected":false},"excerpt":{"rendered":"<p>&nbsp; Londoni Eesti Seltsi Jaanipidu 2014 &nbsp; Please scroll down for English \u00a0 Jaanipidu tuleb! Sel aastal juba \u00fcheteistk\u00fcmnendat korda ning taas Londoni l\u00e4hedal k\u00f5igile tuttavas Foxgrove klubis. T\u00e4navuse peo p\u00fchendame eestimaisele tantsumuusikale ja harrastusteatrile. Seasaare N\u00e4item\u00e4ngu Selts Viljandist toob Londonisse oma uue humoorika suvelavastuse \u201cToonekurg\u201d ning noorematele jaanip\u00e4evalistele tulevad Eestist k\u00fclla Tiigrikutsu ja kloun &hellip;<\/p>\n<p class=\"read-more\"> <a class=\"\" href=\"https:\/\/www.estoniansociety.co.uk\/en\/uritused-londoni-eesti-seltsi-jaanipidu-2014\/\"> <span class=\"screen-reader-text\">Arhiiv &#8211; 2014 &#8211; \u00dcritused &#8211; Londoni Eesti Seltsi Jaanipidu<\/span> Read More &raquo;<\/a><\/p>","protected":false},"author":1,"featured_media":0,"parent":0,"menu_order":0,"comment_status":"closed","ping_status":"closed","template":"","meta":{"_mi_skip_tracking":false,"footnotes":""},"class_list":["post-1039","page","type-page","status-publish","hentry"],"_links":{"self":[{"href":"https:\/\/www.estoniansociety.co.uk\/en\/wp-json\/wp\/v2\/pages\/1039","targetHints":{"allow":["GET"]}}],"collection":[{"href":"https:\/\/www.estoniansociety.co.uk\/en\/wp-json\/wp\/v2\/pages"}],"about":[{"href":"https:\/\/www.estoniansociety.co.uk\/en\/wp-json\/wp\/v2\/types\/page"}],"author":[{"embeddable":true,"href":"https:\/\/www.estoniansociety.co.uk\/en\/wp-json\/wp\/v2\/users\/1"}],"replies":[{"embeddable":true,"href":"https:\/\/www.estoniansociety.co.uk\/en\/wp-json\/wp\/v2\/comments?post=1039"}],"version-history":[{"count":5,"href":"https:\/\/www.estoniansociety.co.uk\/en\/wp-json\/wp\/v2\/pages\/1039\/revisions"}],"predecessor-version":[{"id":5717,"href":"https:\/\/www.estoniansociety.co.uk\/en\/wp-json\/wp\/v2\/pages\/1039\/revisions\/5717"}],"wp:attachment":[{"href":"https:\/\/www.estoniansociety.co.uk\/en\/wp-json\/wp\/v2\/media?parent=1039"}],"curies":[{"name":"wp","href":"https:\/\/api.w.org\/{rel}","templated":true}]}}