{"id":1032,"date":"2021-06-13T19:43:15","date_gmt":"2021-06-13T19:43:15","guid":{"rendered":"https:\/\/estoniansociety.co.uk\/?page_id=1032"},"modified":"2021-06-22T20:51:54","modified_gmt":"2021-06-22T20:51:54","slug":"uritused-eesti-abistamise-komitee-kutsub-koiki-oma-70-aastapaeva-juubelilounale","status":"publish","type":"page","link":"https:\/\/www.estoniansociety.co.uk\/en\/uritused-eesti-abistamise-komitee-kutsub-koiki-oma-70-aastapaeva-juubelilounale\/","title":{"rendered":"\u00dcritused &#8211; Toimunud \u00fcritused &#8211; Eesti Abistamise Komitee kutsub k\u00f5iki oma 70. aastap\u00e4eva juubelil\u00f5unale"},"content":{"rendered":"<p>&nbsp;<\/p>\n<h3 style=\"text-align: center;\"><span style=\"color: #5e5e61;\">Eesti Abistamise Komitee kutsub k\u00f5iki oma 70. aastap\u00e4eva juubelil\u00f5unale<\/span><\/h3>\n<p>&nbsp;<\/p>\n<p><span style=\"color: #5e5e61;\">Eesti Abistamise Komitee on j\u00e4rjepidevalt nii kodu- kui v\u00e4liseestlasi aidanud juba 70 aastat.\u00a0<\/span><\/p>\n<div><span style=\"color: #5e5e61;\">Et seda t\u00e4htsat s\u00fcndmust t\u00e4histada, oodatakse k\u00f5iki heategevuslikule l\u00f5unas\u00f6\u00f6gile Londoni Eesti Majja p\u00fchap\u00e4eval, 25. mail kell 13.00 \u00a0 \u00a0 \u00a0\u00a0<\/span><\/div>\n<div><\/div>\n<div><span style=\"color: #5e5e61;\">L\u00f5unas\u00f6\u00f6gist saadud tulu kasutatakse nagu alati eesti kogukonna abistamiseks &#8211; regulaarset toetust saavad Londoni vanadekodudes viibivad eakad kaasmaalased, eesti laste suvelaager Kesk-Inglismaal ja Eesti Kool Londonis, \u00fchekordseid toetusi on v\u00e4lja makstud k\u00fcmnetele erinevatele abivajajatele.\u00a0<\/span><\/div>\n<div><span style=\"color: #5e5e61;\">Lisaks avashampanjale on peolaual eestip\u00e4rased suupisted, v\u00f5ileivad, kartulisalat, rosolje ja s\u00fclt. K\u00f5igile jagub ka kooki ja kuuma jooki.<\/span><\/div>\n<div><\/div>\n<div><span style=\"color: #5e5e61;\"><img loading=\"lazy\" decoding=\"async\" src=\"https:\/\/estoniansociety.co.uk\/photos\/Reet%20Kromel-1.jpg?1400521210843&amp;bmi_orig_img=1\" alt=\"undefined\" width=\"202\" height=\"151\" align=\"right\" \/><\/span><\/div>\n<div><span style=\"color: #5e5e61;\">Publikule ja koos publikuga\u00a0laulab Reet Kromel. Reet on mitmek\u00fclgne muusik ja koorijuht, kelle karj\u00e4\u00e4ri on l\u00e4bivalt sisustanud jazzmuusika esitamine nii laulja kui pianistina. Alates 2010. aastast on Reet enda jaoks avastanud ka koorimuusika arranzeerimise, peatselt on ilmumas esimene laulik. 2013. aasta kevadel valmis Reedal plaat &#8220;Teekond&#8221;, mis on \u00fclevaade Reeda kahe viimase aastak\u00fcmne tegevusest lauljana.\u00a0<\/span><\/div>\n<div><\/div>\n<div><span style=\"color: #5e5e61;\">Peo auks on Eesti Majas \u00fcleval ka\u00a0Piret Randami v\u00e4ike maalin\u00e4itus\u00a0&#8220;Lilled ja loodus&#8221;.<\/span><\/div>\n<div><\/div>\n<div><span style=\"color: #5e5e61;\">L\u00f5unas\u00f6\u00f6gi hind\u00a0on \u00a38, 11-16 aastased lapsed \u00a33.50,\u00a0 kuni 10-aastased lapsed tasuta.\u00a0<\/span><\/div>\n<div><\/div>\n<div><span style=\"color: #5e5e61;\">Toimub loterii &#8211; oodatud on annetused v\u00f5itudeks. \u00a0\u00a0\u00a0<\/span><\/div>\n<div><\/div>\n<div><span style=\"color: #5e5e61;\">Lapsed saavad m\u00e4ngunurgas joonistada ja m\u00e4ngida. \u00a0 \u00a0 \u00a0<\/span><\/div>\n<div><\/div>\n<div><span style=\"color: #5e5e61;\">Registreerimine neljap\u00e4eva, 22. maini\u00a0telefonil 02088933816 (v\u00f5ib s\u00f5numi j\u00e4tta) v\u00f5i meiliaadressil\u00a0<a style=\"color: #5e5e61;\" href=\"mailto:piret@blueyonder.co.uk\">piret@blueyonder.co.uk<\/a>\u00a0<\/span><\/div>\n<div><\/div>\n<div><span style=\"color: #5e5e61;\">Kui olete end kirja pannud, kuid ei saa siiski osaleda, palun andke sellest esimesel v\u00f5imalusel teada\u00a0\u00fclaltoodud telefonil v\u00f5i meiliaadressil &#8211; nii aitate kulusid kokku hoida ning h\u00e4dasolijate kaasmaalaste jaoks rohkem abi koguda. \u00a0 \u00a0 \u00a0\u00a0\u00a0<\/span><\/div>\n<div><\/div>\n<div><span style=\"color: #5e5e61;\">Londoni Eesti Maja asub aadressil 18 Chepstow Villas W11 2RB.<\/span><\/div>\n<div><\/div>\n<div><span style=\"color: #5e5e61;\">Kohtumiseni Eesti Majas!<\/span><\/div>","protected":false},"excerpt":{"rendered":"<p>&nbsp; Eesti Abistamise Komitee kutsub k\u00f5iki oma 70. aastap\u00e4eva juubelil\u00f5unale &nbsp; Eesti Abistamise Komitee on j\u00e4rjepidevalt nii kodu- kui v\u00e4liseestlasi aidanud juba 70 aastat.\u00a0 Et seda t\u00e4htsat s\u00fcndmust t\u00e4histada, oodatakse k\u00f5iki heategevuslikule l\u00f5unas\u00f6\u00f6gile Londoni Eesti Majja p\u00fchap\u00e4eval, 25. mail kell 13.00 \u00a0 \u00a0 \u00a0\u00a0 L\u00f5unas\u00f6\u00f6gist saadud tulu kasutatakse nagu alati eesti kogukonna abistamiseks &#8211; regulaarset &hellip;<\/p>\n<p class=\"read-more\"> <a class=\"\" href=\"https:\/\/www.estoniansociety.co.uk\/en\/uritused-eesti-abistamise-komitee-kutsub-koiki-oma-70-aastapaeva-juubelilounale\/\"> <span class=\"screen-reader-text\">\u00dcritused &#8211; Toimunud \u00fcritused &#8211; Eesti Abistamise Komitee kutsub k\u00f5iki oma 70. aastap\u00e4eva juubelil\u00f5unale<\/span> Read More &raquo;<\/a><\/p>","protected":false},"author":1,"featured_media":0,"parent":0,"menu_order":0,"comment_status":"closed","ping_status":"closed","template":"","meta":{"_mi_skip_tracking":false,"footnotes":""},"class_list":["post-1032","page","type-page","status-publish","hentry"],"_links":{"self":[{"href":"https:\/\/www.estoniansociety.co.uk\/en\/wp-json\/wp\/v2\/pages\/1032","targetHints":{"allow":["GET"]}}],"collection":[{"href":"https:\/\/www.estoniansociety.co.uk\/en\/wp-json\/wp\/v2\/pages"}],"about":[{"href":"https:\/\/www.estoniansociety.co.uk\/en\/wp-json\/wp\/v2\/types\/page"}],"author":[{"embeddable":true,"href":"https:\/\/www.estoniansociety.co.uk\/en\/wp-json\/wp\/v2\/users\/1"}],"replies":[{"embeddable":true,"href":"https:\/\/www.estoniansociety.co.uk\/en\/wp-json\/wp\/v2\/comments?post=1032"}],"version-history":[{"count":3,"href":"https:\/\/www.estoniansociety.co.uk\/en\/wp-json\/wp\/v2\/pages\/1032\/revisions"}],"predecessor-version":[{"id":1428,"href":"https:\/\/www.estoniansociety.co.uk\/en\/wp-json\/wp\/v2\/pages\/1032\/revisions\/1428"}],"wp:attachment":[{"href":"https:\/\/www.estoniansociety.co.uk\/en\/wp-json\/wp\/v2\/media?parent=1032"}],"curies":[{"name":"wp","href":"https:\/\/api.w.org\/{rel}","templated":true}]}}