{"id":1019,"date":"2021-06-13T19:26:24","date_gmt":"2021-06-13T19:26:24","guid":{"rendered":"https:\/\/estoniansociety.co.uk\/?page_id=1019"},"modified":"2021-06-22T20:56:24","modified_gmt":"2021-06-22T20:56:24","slug":"uritused-lets-learn-estonian","status":"publish","type":"page","link":"https:\/\/www.estoniansociety.co.uk\/en\/uritused-lets-learn-estonian\/","title":{"rendered":"\u00dcritused &#8211; Toimunud \u00fcritused &#8211; Let\u2019s learn Estonian!"},"content":{"rendered":"<p>&nbsp;<\/p>\n<h2 style=\"text-align: center;\"><span style=\"color: #5e5e61;\">Let\u2019s learn Estonian! <\/span><\/h2>\n<p style=\"text-align: center;\"><span style=\"color: #5e5e61;\"><strong>A beginner\u2019s course is starting in November<\/strong><\/span><\/p>\n<p><span style=\"color: #5e5e61;\">Come and join the group for a free taster session either on\u00a0<u>Thursday 6th November<\/u>\u00a0or\u00a0<u>Wednesday 12th November<\/u>.<\/span><\/p>\n<div><span style=\"color: #5e5e61;\">Location:\u00a0Estonian House London, 18 Chepstow Villas, W11 2RB\u00a0<\/span><\/div>\n<div><\/div>\n<div><span style=\"color: #5e5e61;\">18.45 gathering, introduction<\/span><br \/>\n<span style=\"color: #5e5e61;\">19.00 \u2013 20.00 lesson\u00a0<\/span><\/div>\n<div><span style=\"color: #5e5e61;\">\u00a0\u00a0<\/span><br \/>\n<span style=\"color: #5e5e61;\">Teacher: Kerli Liksor\u00a0\u2013 professional Estonian teacher with a master\u2019s degree in teaching Estonian.<\/span><\/div>\n<div><\/div>\n<div><span style=\"color: #5e5e61;\">After the taster session 2 hour lessons will take place once a week (on a weekday evening).<\/span><\/div>\n<div><\/div>\n<div><span style=\"color: #5e5e61;\">In addition to learning Estonian you will find out more about Estonian\u2019s mind-set, humour, culture, get to taste Estonian food and all this in a group of fellow eager learners.<\/span><\/div>\n<div><span style=\"color: #5e5e61;\">To register and for more information\u00a0contact Kerli via email\u00a0<a style=\"color: #5e5e61;\" href=\"http:\/\/kerli.liksor@gmail.com\/\">kerli.liksor@gmail.com<\/a>\u00a0or phone 07748953947.\u00a0\u00a0You can also contact Kerli if you cannot make it this time or would prefer one-to-one or Skype lessons.<\/span><\/div>\n<div><\/div>\n<div><span style=\"color: #5e5e61;\">Kerli has been teaching Estonian in the UK to children and adults on different levels for the past 5 years.\u00a0<\/span><\/div>\n<div><\/div>\n<div><span style=\"color: #5e5e61;\">&#8212;&#8212;&#8212;&#8212;&#8212;&#8212;&#8212;&#8212;&#8212;&#8212;&#8212;&#8212;&#8212;&#8212;&#8212;&#8212;&#8212;&#8212;&#8212;&#8212;&#8212;&#8212;&#8212;&#8212;&#8212;&#8212;&#8212;&#8212;&#8212;&#8212;&#8212;&#8212;&#8212;&#8212;&#8212;&#8212;&#8212;<\/span><\/div>\n<div><\/div>\n<div><span style=\"color: #5e5e61;\">Eesti keele kursus Londonis<\/span><\/div>\n<div><\/div>\n<div><span style=\"color: #5e5e61;\">Uus algajate r\u00fchm alustab Eesti Majas. Tule tasuta proovitundi neljap\u00e4eval, 6. novembril v\u00f5i kolmap\u00e4eval, 12. novembril!<\/span><\/div>\n<div><\/div>\n<div><span style=\"color: #5e5e61;\">Aadress:\u00a0Eesti Maja Londonis, 18 Chepstow Villas, W11 2RB<\/span><\/div>\n<div><\/div>\n<div><span style=\"color: #5e5e61;\">18.45 kogunemine, tutvustus\u00a0<\/span><\/div>\n<div><span style=\"color: #5e5e61;\">19.00\u201320.00 eesti keele tund\u00a0<\/span><\/div>\n<div><\/div>\n<div><span style=\"color: #5e5e61;\">Eesti keelt \u00f5petab filoloog Kerli Liksor, kes on l\u00f5petanud eesti keele ja kirjanduse \u00f5petaja magistri\u00f5ppe.\u00a0<\/span><\/div>\n<div><\/div>\n<div><span style=\"color: #5e5e61;\">Edaspidi j\u00e4tkuvad tunnid kord n\u00e4dalas (tunni pikkus 120 minutit).\u00a0<\/span><\/div>\n<p><span style=\"color: #5e5e61;\">Kui soovite end registreerida v\u00f5i rohkem infot, kirjutage\u00a0<a style=\"color: #5e5e61;\" href=\"mailto:kerli.liksor@gmail.com\">kerli.liksor@gmail.com<\/a>\u00a0v\u00f5i helistage 07748953947.\u00a0<\/span><\/p>\n<div><span style=\"color: #5e5e61;\">R\u00fchma- ja eratunnid igale vanusele ja tasemele, v\u00f5imalik \u00f5ppida ka Skype&#8217;i teel.<\/span><\/div>\n<p>&nbsp;<\/p>","protected":false},"excerpt":{"rendered":"<p>&nbsp; Let\u2019s learn Estonian! A beginner\u2019s course is starting in November Come and join the group for a free taster session either on\u00a0Thursday 6th November\u00a0or\u00a0Wednesday 12th November. Location:\u00a0Estonian House London, 18 Chepstow Villas, W11 2RB\u00a0 18.45 gathering, introduction 19.00 \u2013 20.00 lesson\u00a0 \u00a0\u00a0 Teacher: Kerli Liksor\u00a0\u2013 professional Estonian teacher with a master\u2019s degree in teaching &hellip;<\/p>\n<p class=\"read-more\"> <a class=\"\" href=\"https:\/\/www.estoniansociety.co.uk\/en\/uritused-lets-learn-estonian\/\"> <span class=\"screen-reader-text\">\u00dcritused &#8211; Toimunud \u00fcritused &#8211; Let\u2019s learn Estonian!<\/span> Read More &raquo;<\/a><\/p>","protected":false},"author":1,"featured_media":0,"parent":0,"menu_order":0,"comment_status":"closed","ping_status":"closed","template":"","meta":{"_mi_skip_tracking":false,"footnotes":""},"class_list":["post-1019","page","type-page","status-publish","hentry"],"_links":{"self":[{"href":"https:\/\/www.estoniansociety.co.uk\/en\/wp-json\/wp\/v2\/pages\/1019","targetHints":{"allow":["GET"]}}],"collection":[{"href":"https:\/\/www.estoniansociety.co.uk\/en\/wp-json\/wp\/v2\/pages"}],"about":[{"href":"https:\/\/www.estoniansociety.co.uk\/en\/wp-json\/wp\/v2\/types\/page"}],"author":[{"embeddable":true,"href":"https:\/\/www.estoniansociety.co.uk\/en\/wp-json\/wp\/v2\/users\/1"}],"replies":[{"embeddable":true,"href":"https:\/\/www.estoniansociety.co.uk\/en\/wp-json\/wp\/v2\/comments?post=1019"}],"version-history":[{"count":3,"href":"https:\/\/www.estoniansociety.co.uk\/en\/wp-json\/wp\/v2\/pages\/1019\/revisions"}],"predecessor-version":[{"id":1450,"href":"https:\/\/www.estoniansociety.co.uk\/en\/wp-json\/wp\/v2\/pages\/1019\/revisions\/1450"}],"wp:attachment":[{"href":"https:\/\/www.estoniansociety.co.uk\/en\/wp-json\/wp\/v2\/media?parent=1019"}],"curies":[{"name":"wp","href":"https:\/\/api.w.org\/{rel}","templated":true}]}}