{"id":1014,"date":"2021-06-13T19:24:17","date_gmt":"2021-06-13T19:24:17","guid":{"rendered":"https:\/\/estoniansociety.co.uk\/?page_id=1014"},"modified":"2021-06-22T20:58:39","modified_gmt":"2021-06-22T20:58:39","slug":"uritused-eesti-abistamise-komitee-louna-eesti-majas","status":"publish","type":"page","link":"https:\/\/www.estoniansociety.co.uk\/en\/uritused-eesti-abistamise-komitee-louna-eesti-majas\/","title":{"rendered":"\u00dcritused &#8211; Toimunud \u00fcritused &#8211; Eesti Abistamise Komitee L\u00f5una Eesti Majas"},"content":{"rendered":"<p>&nbsp;<\/p>\n<h2 style=\"text-align: center;\"><span style=\"color: #5e5e61;\">Eesti Abistamise Komitee L\u00f5una Eesti Majas<\/span><\/h2>\n<p>&nbsp;<\/p>\n<div><span style=\"color: #5e5e61;\">Eesti Abistamise Komitee on j\u00e4rjepidevalt nii kodu- kui v\u00e4liseestlasi aidanud juba 70 aastat.\u00a0<\/span><\/div>\n<div><\/div>\n<div><span style=\"color: #5e5e61;\">L\u00f5unas\u00f6\u00f6gist saadud tulu kasutatakse nagu alati eesti kogukonna abistamiseks &#8211; regulaarset toetust saavad Londoni vanadekodudes viibivad eakad kaasmaalased, eesti laste suvelaager Kesk-Inglismaal ja Eesti Kool Londonis, \u00fchekordseid toetusi on v\u00e4lja makstud k\u00fcmnetele erinevatele abivajajatele.\u00a0<\/span><\/div>\n<div><\/div>\n<div><span style=\"color: #5e5e61;\">Esineb ka laulja\u00a0<strong>Katre Luik<\/strong>\u00a0klaverisaatel.<\/span><\/div>\n<div><\/div>\n<div><span style=\"color: #5e5e61;\">L\u00f5unas\u00f6\u00f6gi hind\u00a0on \u00a38, 11-16 aastased lapsed \u00a33.50,\u00a0 kuni 10-aastased lapsed tasuta.\u00a0<\/span><\/div>\n<div><\/div>\n<div><span style=\"color: #5e5e61;\">Toimub loterii &#8211; oodatud on annetused v\u00f5itudeks. \u00a0\u00a0\u00a0<\/span><\/div>\n<div><\/div>\n<div><span style=\"color: #5e5e61;\">Lapsed saavad m\u00e4ngunurgas joonistada ja m\u00e4ngida. \u00a0 \u00a0 \u00a0<\/span><\/div>\n<div><\/div>\n<div><span style=\"color: #5e5e61;\">Registreerimine neljap\u00e4eva, 13. novembrini\u00a0telefonil 02088933816 (v\u00f5ib s\u00f5numi j\u00e4tta) v\u00f5i meiliaadressil\u00a0<a style=\"color: #5e5e61;\" href=\"mailto:piret@blueyonder.co.uk\">piret@blueyonder.co.uk<\/a>\u00a0<\/span><\/div>\n<div><\/div>\n<div><span style=\"color: #5e5e61;\">Kui olete end kirja pannud, kuid ei saa siiski osaleda, palun andke sellest esimesel v\u00f5imalusel teada\u00a0\u00fclaltoodud telefonil v\u00f5i meiliaadressil &#8211; nii aitate kulusid kokku hoida ning h\u00e4dasolijate kaasmaalaste jaoks rohkem abi koguda. \u00a0 \u00a0 \u00a0\u00a0\u00a0<\/span><\/div>\n<div><\/div>\n<div><span style=\"color: #5e5e61;\">Londoni Eesti Maja asub aadressil 18 Chepstow Villas W11 2RB.<\/span><\/div>\n<div><\/div>\n<div><span style=\"color: #5e5e61;\">Kohtumiseni Eesti Majas!<\/span><\/div>","protected":false},"excerpt":{"rendered":"<p>&nbsp; Eesti Abistamise Komitee L\u00f5una Eesti Majas &nbsp; Eesti Abistamise Komitee on j\u00e4rjepidevalt nii kodu- kui v\u00e4liseestlasi aidanud juba 70 aastat.\u00a0 L\u00f5unas\u00f6\u00f6gist saadud tulu kasutatakse nagu alati eesti kogukonna abistamiseks &#8211; regulaarset toetust saavad Londoni vanadekodudes viibivad eakad kaasmaalased, eesti laste suvelaager Kesk-Inglismaal ja Eesti Kool Londonis, \u00fchekordseid toetusi on v\u00e4lja makstud k\u00fcmnetele erinevatele abivajajatele.\u00a0 &hellip;<\/p>\n<p class=\"read-more\"> <a class=\"\" href=\"https:\/\/www.estoniansociety.co.uk\/en\/uritused-eesti-abistamise-komitee-louna-eesti-majas\/\"> <span class=\"screen-reader-text\">\u00dcritused &#8211; Toimunud \u00fcritused &#8211; Eesti Abistamise Komitee L\u00f5una Eesti Majas<\/span> Read More &raquo;<\/a><\/p>","protected":false},"author":1,"featured_media":0,"parent":0,"menu_order":0,"comment_status":"closed","ping_status":"closed","template":"","meta":{"_mi_skip_tracking":false,"footnotes":""},"class_list":["post-1014","page","type-page","status-publish","hentry"],"_links":{"self":[{"href":"https:\/\/www.estoniansociety.co.uk\/en\/wp-json\/wp\/v2\/pages\/1014","targetHints":{"allow":["GET"]}}],"collection":[{"href":"https:\/\/www.estoniansociety.co.uk\/en\/wp-json\/wp\/v2\/pages"}],"about":[{"href":"https:\/\/www.estoniansociety.co.uk\/en\/wp-json\/wp\/v2\/types\/page"}],"author":[{"embeddable":true,"href":"https:\/\/www.estoniansociety.co.uk\/en\/wp-json\/wp\/v2\/users\/1"}],"replies":[{"embeddable":true,"href":"https:\/\/www.estoniansociety.co.uk\/en\/wp-json\/wp\/v2\/comments?post=1014"}],"version-history":[{"count":2,"href":"https:\/\/www.estoniansociety.co.uk\/en\/wp-json\/wp\/v2\/pages\/1014\/revisions"}],"predecessor-version":[{"id":1466,"href":"https:\/\/www.estoniansociety.co.uk\/en\/wp-json\/wp\/v2\/pages\/1014\/revisions\/1466"}],"wp:attachment":[{"href":"https:\/\/www.estoniansociety.co.uk\/en\/wp-json\/wp\/v2\/media?parent=1014"}],"curies":[{"name":"wp","href":"https:\/\/api.w.org\/{rel}","templated":true}]}}