{"id":1001,"date":"2021-06-13T19:19:03","date_gmt":"2021-06-13T19:19:03","guid":{"rendered":"https:\/\/estoniansociety.co.uk\/?page_id=1001"},"modified":"2021-10-18T06:02:29","modified_gmt":"2021-10-18T06:02:29","slug":"uritused-pakub-eesti-gild-londonis-kodumaiseid-kaupu-ja-tutvustab-eestit-skandinaavia-jouluturul","status":"publish","type":"page","link":"https:\/\/www.estoniansociety.co.uk\/en\/uritused-pakub-eesti-gild-londonis-kodumaiseid-kaupu-ja-tutvustab-eestit-skandinaavia-jouluturul\/","title":{"rendered":"Arhiiv &#8211; 2014 &#8211; \u00dcritused &#8211; Eesti Gild Pakub Londonis Kodumaiseid Kaupu ja Tutvustab Eestit Skandinaavia J\u00f5uluturul"},"content":{"rendered":"<p>&nbsp;<\/p>\n<h3 style=\"text-align: center;\"><span style=\"color: #5e5e61;\">Eesti Gild Pakub Londonis Kodumaist Kaupu ja Tutvustab Eestit Skandinaavia J\u00f5uluturul<\/span><\/h3>\n<p><span style=\"color: #5e5e61;\">\u00a0 \u00a0<\/span><\/p>\n<p><span style=\"color: #5e5e61;\">Sel aastal pakub gild taas Eesti j\u00f5ulukaupu ja tutvustab Eestit novembri l\u00f5pus toimuval Skandinaavia j\u00f5uluturul koos Soome, Rootsi, Taani, Norra ja Islandiga. L\u00f5una-Londonis Rotherhithes Soome ja Norra kirikutes ning nende vahelisel t\u00e4naval toimuv j\u00f5uluturg kestab kolm p\u00e4eva alates reedest, 21. novembrist kuni p\u00fchap\u00e4eva 23. novembrini 2014.<\/span><\/p>\n<div id=\"articlebody\">\n<p><span style=\"color: #5e5e61;\">Nagu ka eelmisel aastal leiate Eesti telgist ohtralt j\u00f5ulup\u00e4rast toidukraami, sealhulgas hapukapsast, k\u00f5rvitsat, verivorste, pohlamoosi, piparkoogitaigent, komme, shokolaadi ja piparkooke, gl\u00f6gi, aga ka kvaliteetset k\u00e4sit\u00f6\u00f6d, looduss\u00f5bralikku kosmeetikat, ehteid ning palju muud huvitavat.<\/span><\/p>\n<p><span style=\"color: #5e5e61;\">Kodumaist j\u00f5ulukaupa saab turul pakkuda t\u00e4nu EstoLink transpordi abile ning nendele toredatele Eesti ettev\u00f5tetele: Kalev, P\u00f5ltsamaa Felix, Pagaripoisid, Murese Lambakasvatustalu, T\u00fcri K\u00e4sit\u00f6\u00f6tuba, JOIK, Knits \u2018n\u2019 Pieces, Loodusv\u00e4gi ning mitmed teised.<\/span><\/p>\n<p><span style=\"color: #5e5e61;\">Lisainfot leiab\u00a0<a style=\"color: #5e5e61;\" href=\"http:\/\/www.estonianguild.co.uk\/eesti-jouluturg-londonis-toimub-ka-sel-aastal-koos-skandinaavlastega\/\">siit<\/a>.<\/span><\/p>\n<p>&nbsp;<\/p>\n<\/div>","protected":false},"excerpt":{"rendered":"<p>&nbsp; Eesti Gild Pakub Londonis Kodumaist Kaupu ja Tutvustab Eestit Skandinaavia J\u00f5uluturul \u00a0 \u00a0 Sel aastal pakub gild taas Eesti j\u00f5ulukaupu ja tutvustab Eestit novembri l\u00f5pus toimuval Skandinaavia j\u00f5uluturul koos Soome, Rootsi, Taani, Norra ja Islandiga. L\u00f5una-Londonis Rotherhithes Soome ja Norra kirikutes ning nende vahelisel t\u00e4naval toimuv j\u00f5uluturg kestab kolm p\u00e4eva alates reedest, 21. novembrist &hellip;<\/p>\n<p class=\"read-more\"> <a class=\"\" href=\"https:\/\/www.estoniansociety.co.uk\/en\/uritused-pakub-eesti-gild-londonis-kodumaiseid-kaupu-ja-tutvustab-eestit-skandinaavia-jouluturul\/\"> <span class=\"screen-reader-text\">Arhiiv &#8211; 2014 &#8211; \u00dcritused &#8211; Eesti Gild Pakub Londonis Kodumaiseid Kaupu ja Tutvustab Eestit Skandinaavia J\u00f5uluturul<\/span> Read More &raquo;<\/a><\/p>","protected":false},"author":1,"featured_media":0,"parent":0,"menu_order":0,"comment_status":"closed","ping_status":"closed","template":"","meta":{"_mi_skip_tracking":false,"footnotes":""},"class_list":["post-1001","page","type-page","status-publish","hentry"],"_links":{"self":[{"href":"https:\/\/www.estoniansociety.co.uk\/en\/wp-json\/wp\/v2\/pages\/1001","targetHints":{"allow":["GET"]}}],"collection":[{"href":"https:\/\/www.estoniansociety.co.uk\/en\/wp-json\/wp\/v2\/pages"}],"about":[{"href":"https:\/\/www.estoniansociety.co.uk\/en\/wp-json\/wp\/v2\/types\/page"}],"author":[{"embeddable":true,"href":"https:\/\/www.estoniansociety.co.uk\/en\/wp-json\/wp\/v2\/users\/1"}],"replies":[{"embeddable":true,"href":"https:\/\/www.estoniansociety.co.uk\/en\/wp-json\/wp\/v2\/comments?post=1001"}],"version-history":[{"count":5,"href":"https:\/\/www.estoniansociety.co.uk\/en\/wp-json\/wp\/v2\/pages\/1001\/revisions"}],"predecessor-version":[{"id":5728,"href":"https:\/\/www.estoniansociety.co.uk\/en\/wp-json\/wp\/v2\/pages\/1001\/revisions\/5728"}],"wp:attachment":[{"href":"https:\/\/www.estoniansociety.co.uk\/en\/wp-json\/wp\/v2\/media?parent=1001"}],"curies":[{"name":"wp","href":"https:\/\/api.w.org\/{rel}","templated":true}]}}